{"id":650001185,"date":"2025-04-15T09:00:34","date_gmt":"2025-04-15T09:00:34","guid":{"rendered":"https:\/\/ooasla.com\/?post_type=product&#038;p=650001185"},"modified":"2025-06-08T17:18:11","modified_gmt":"2025-06-08T17:18:11","slug":"four-encastrable-cristor-fiamo3-gaz-elec-60-cm-ventile-catalyseur-afficheur-inox","status":"publish","type":"product","link":"https:\/\/ooasla.com\/en\/product\/four-encastrable-cristor-fiamo3-gaz-elec-60-cm-ventile-catalyseur-afficheur-inox\/","title":{"rendered":"Four Encastrable CRISTOR FIAMO3 Gaz Elec \u2013 60 Cm \u2013 Ventil\u00e9 \u2013 Catalyseur \u2013 Afficheur \u2013 Inox"},"content":{"rendered":"","protected":false},"excerpt":{"rendered":"<p>Le four encastrable FED41FM3DS Gaz-Electrique de CRISTOR, avec une dimension de 60 cm, une solution polyvalente pour votre cuisine. Avec une cavit\u00e9 spacieuse de 60 litres qui offre suffisamment d\u2019espace pour toutes vos pr\u00e9parations culinaires. Dot\u00e9 d\u2019un afficheur, un ventilateur pour plus d\u2019homog\u00e9n\u00e9t\u00e9 et un syst\u00e8me de nettoyage par parois catalytiques qui simplifie votre entretien et pour retirer les salissures.<\/p>\n","protected":false},"featured_media":650001186,"template":"","meta":{"_kad_blocks_custom_css":"","_kad_blocks_head_custom_js":"","_kad_blocks_body_custom_js":"","_kad_blocks_footer_custom_js":"","_kadence_starter_templates_imported_post":false,"_kad_post_transparent":"","_kad_post_title":"","_kad_post_layout":"","_kad_post_sidebar_id":"","_kad_post_content_style":"","_kad_post_vertical_padding":"","_kad_post_feature":"","_kad_post_feature_position":"","_kad_post_header":false,"_kad_post_footer":false},"product_brand":[98],"product_cat":[159],"product_tag":[],"class_list":{"0":"post-650001185","1":"product","2":"type-product","3":"status-publish","4":"has-post-thumbnail","6":"product_brand-cristor","7":"product_cat-four-encastrables-gros-electromenager-en","9":"first","10":"instock","11":"shipping-taxable","12":"purchasable","13":"product-type-simple","14":"entry","15":"content-bg","16":"loop-entry"},"taxonomy_info":{"product_brand":[{"value":98,"label":"CRISTOR"}],"product_cat":[{"value":159,"label":"Four"}]},"featured_image_src_large":["https:\/\/ooasla.com\/wp-content\/uploads\/2025\/06\/FED41FM3DS-1000x1000-2.png",1000,1000,false],"author_info":[],"comment_info":"","jetpack_sharing_enabled":true,"_links":{"self":[{"href":"https:\/\/ooasla.com\/en\/wp-json\/wp\/v2\/product\/650001185","targetHints":{"allow":["GET"]}}],"collection":[{"href":"https:\/\/ooasla.com\/en\/wp-json\/wp\/v2\/product"}],"about":[{"href":"https:\/\/ooasla.com\/en\/wp-json\/wp\/v2\/types\/product"}],"wp:featuredmedia":[{"embeddable":true,"href":"https:\/\/ooasla.com\/en\/wp-json\/wp\/v2\/media\/650001186"}],"wp:attachment":[{"href":"https:\/\/ooasla.com\/en\/wp-json\/wp\/v2\/media?parent=650001185"}],"wp:term":[{"taxonomy":"product_brand","embeddable":true,"href":"https:\/\/ooasla.com\/en\/wp-json\/wp\/v2\/product_brand?post=650001185"},{"taxonomy":"product_cat","embeddable":true,"href":"https:\/\/ooasla.com\/en\/wp-json\/wp\/v2\/product_cat?post=650001185"},{"taxonomy":"product_tag","embeddable":true,"href":"https:\/\/ooasla.com\/en\/wp-json\/wp\/v2\/product_tag?post=650001185"}],"curies":[{"name":"wp","href":"https:\/\/api.w.org\/{rel}","templated":true}]}}