{"id":650001131,"date":"2025-04-15T09:00:22","date_gmt":"2025-04-15T09:00:22","guid":{"rendered":"https:\/\/ooasla.com\/?post_type=product&#038;p=650001131"},"modified":"2025-06-08T17:18:04","modified_gmt":"2025-06-08T17:18:04","slug":"hisense-smart-tv-qled-55-serie-e7k","status":"publish","type":"product","link":"https:\/\/ooasla.com\/en\/product\/hisense-smart-tv-qled-55-serie-e7k\/","title":{"rendered":"Hisense Smart TV QLED 55\u2019 \/ S\u00e9rie E7K"},"content":{"rendered":"","protected":false},"excerpt":{"rendered":"<p>Le t\u00e9l\u00e9viseur Smart QLED 55E7K de 55 pouces offre une r\u00e9solution 4K avec une qualit\u00e9 d\u2019image exceptionnelle gr\u00e2ce \u00e0 la technologie Quantum Dot Colour et au 4K AI Upscaler. \u00c9quip\u00e9 de VIDAA U6 SMART OS, il assure une exp\u00e9rience intuitive. Il prend en charge Dolby Vision\u2122 et HDR10+ pour des images immersives et utilise un r\u00e9tro\u00e9clairage Direct Full Array pour un contraste am\u00e9lior\u00e9. Avec Smooth Motion (55+) et Dolby Atmos\u00ae, il garantit des images fluides et un son immersif. Les fonctionnalit\u00e9s Game Mode Plus optimisent encore l\u2019exp\u00e9rience de visionnage.<\/p>\n","protected":false},"featured_media":650001132,"template":"","meta":{"_kad_blocks_custom_css":"","_kad_blocks_head_custom_js":"","_kad_blocks_body_custom_js":"","_kad_blocks_footer_custom_js":"","_kadence_starter_templates_imported_post":false,"_kad_post_transparent":"","_kad_post_title":"","_kad_post_layout":"","_kad_post_sidebar_id":"","_kad_post_content_style":"","_kad_post_vertical_padding":"","_kad_post_feature":"","_kad_post_feature_position":"","_kad_post_header":false,"_kad_post_footer":false},"product_brand":[123],"product_cat":[172],"product_tag":[],"class_list":{"0":"post-650001131","1":"product","2":"type-product","3":"status-publish","4":"has-post-thumbnail","6":"product_brand-hisense","7":"product_cat-tv-tv-son-et-image-en","9":"first","10":"instock","11":"shipping-taxable","12":"purchasable","13":"product-type-simple","14":"entry","15":"content-bg","16":"loop-entry"},"taxonomy_info":{"product_brand":[{"value":123,"label":"HISENSE"}],"product_cat":[{"value":172,"label":"TV"}]},"featured_image_src_large":["https:\/\/ooasla.com\/wp-content\/uploads\/2025\/06\/Design-sans-titre-5.jpg",1000,1000,false],"author_info":[],"comment_info":"","jetpack_sharing_enabled":true,"_links":{"self":[{"href":"https:\/\/ooasla.com\/en\/wp-json\/wp\/v2\/product\/650001131","targetHints":{"allow":["GET"]}}],"collection":[{"href":"https:\/\/ooasla.com\/en\/wp-json\/wp\/v2\/product"}],"about":[{"href":"https:\/\/ooasla.com\/en\/wp-json\/wp\/v2\/types\/product"}],"wp:featuredmedia":[{"embeddable":true,"href":"https:\/\/ooasla.com\/en\/wp-json\/wp\/v2\/media\/650001132"}],"wp:attachment":[{"href":"https:\/\/ooasla.com\/en\/wp-json\/wp\/v2\/media?parent=650001131"}],"wp:term":[{"taxonomy":"product_brand","embeddable":true,"href":"https:\/\/ooasla.com\/en\/wp-json\/wp\/v2\/product_brand?post=650001131"},{"taxonomy":"product_cat","embeddable":true,"href":"https:\/\/ooasla.com\/en\/wp-json\/wp\/v2\/product_cat?post=650001131"},{"taxonomy":"product_tag","embeddable":true,"href":"https:\/\/ooasla.com\/en\/wp-json\/wp\/v2\/product_tag?post=650001131"}],"curies":[{"name":"wp","href":"https:\/\/api.w.org\/{rel}","templated":true}]}}