{"id":650001115,"date":"2025-04-15T09:00:20","date_gmt":"2025-04-15T09:00:20","guid":{"rendered":"https:\/\/ooasla.com\/?post_type=product&#038;p=650001115"},"modified":"2025-06-08T17:18:02","modified_gmt":"2025-06-08T17:18:02","slug":"hisense-hd-led-32%e2%80%b3-serie-a5","status":"publish","type":"product","link":"https:\/\/ooasla.com\/en\/product\/hisense-hd-led-32%e2%80%b3-serie-a5\/","title":{"rendered":"HISENSE HD LED 32\u2033 \/ SERIE A5"},"content":{"rendered":"","protected":false},"excerpt":{"rendered":"<p>Le t\u00e9l\u00e9viseur 32A5200F offre une qualit\u00e9 d\u2019image\u00a0 HD avec une r\u00e9solution de 1920\u00d71080 pour des images nettes et claires. Il dispose de fonctionnalit\u00e9s avanc\u00e9es telles que la technologie DLED, un design sans bord (frameless), et un taux de rafra\u00eechissement de 60Hz. Profitez de ses multiples modes d\u2019image (Standard, Cin\u00e9ma jour, Cin\u00e9ma nuit, Dynamique, Sport) et de son (Standard, Cin\u00e9ma, Musique, Voix, Mode Nuit, Sport) pour une exp\u00e9rience visuelle et sonore optimale. Bien que non Smart, le 32A5200F est con\u00e7u pour offrir une performance exceptionnelle dans un format \u00e9l\u00e9gant et moderne.<\/p>\n","protected":false},"featured_media":650001116,"template":"","meta":{"_kad_blocks_custom_css":"","_kad_blocks_head_custom_js":"","_kad_blocks_body_custom_js":"","_kad_blocks_footer_custom_js":"","_kadence_starter_templates_imported_post":false,"_kad_post_transparent":"","_kad_post_title":"","_kad_post_layout":"","_kad_post_sidebar_id":"","_kad_post_content_style":"","_kad_post_vertical_padding":"","_kad_post_feature":"","_kad_post_feature_position":"","_kad_post_header":false,"_kad_post_footer":false},"product_brand":[123],"product_cat":[172],"product_tag":[],"class_list":{"0":"post-650001115","1":"product","2":"type-product","3":"status-publish","4":"has-post-thumbnail","6":"product_brand-hisense","7":"product_cat-tv-tv-son-et-image-en","9":"first","10":"instock","11":"shipping-taxable","12":"purchasable","13":"product-type-simple","14":"entry","15":"content-bg","16":"loop-entry"},"taxonomy_info":{"product_brand":[{"value":123,"label":"HISENSE"}],"product_cat":[{"value":172,"label":"TV"}]},"featured_image_src_large":["https:\/\/ooasla.com\/wp-content\/uploads\/2025\/06\/5c7322cf-43db-4793-b195-75c3064a4876.png",1012,1024,false],"author_info":[],"comment_info":"","jetpack_sharing_enabled":true,"_links":{"self":[{"href":"https:\/\/ooasla.com\/en\/wp-json\/wp\/v2\/product\/650001115","targetHints":{"allow":["GET"]}}],"collection":[{"href":"https:\/\/ooasla.com\/en\/wp-json\/wp\/v2\/product"}],"about":[{"href":"https:\/\/ooasla.com\/en\/wp-json\/wp\/v2\/types\/product"}],"wp:featuredmedia":[{"embeddable":true,"href":"https:\/\/ooasla.com\/en\/wp-json\/wp\/v2\/media\/650001116"}],"wp:attachment":[{"href":"https:\/\/ooasla.com\/en\/wp-json\/wp\/v2\/media?parent=650001115"}],"wp:term":[{"taxonomy":"product_brand","embeddable":true,"href":"https:\/\/ooasla.com\/en\/wp-json\/wp\/v2\/product_brand?post=650001115"},{"taxonomy":"product_cat","embeddable":true,"href":"https:\/\/ooasla.com\/en\/wp-json\/wp\/v2\/product_cat?post=650001115"},{"taxonomy":"product_tag","embeddable":true,"href":"https:\/\/ooasla.com\/en\/wp-json\/wp\/v2\/product_tag?post=650001115"}],"curies":[{"name":"wp","href":"https:\/\/api.w.org\/{rel}","templated":true}]}}