{"id":650001094,"date":"2025-04-15T09:00:18","date_gmt":"2025-04-15T09:00:18","guid":{"rendered":"https:\/\/ooasla.com\/?post_type=product&#038;p=650001094"},"modified":"2025-06-08T17:18:01","modified_gmt":"2025-06-08T17:18:01","slug":"tv-cristor-serie-m4-32%e2%80%b3","status":"publish","type":"product","link":"https:\/\/ooasla.com\/en\/product\/tv-cristor-serie-m4-32%e2%80%b3\/","title":{"rendered":"TV CRISTOR S\u00e9rie M4 \u2013 32\u2033 \u2013"},"content":{"rendered":"","protected":false},"excerpt":{"rendered":"<p>Le t\u00e9l\u00e9viseur M4 de 32 pouces con\u00e7ue pour offrir une exp\u00e9rience visuelle exceptionnelle, adapt\u00e9e \u00e0 vos besoins. Dot\u00e9 d\u2019une r\u00e9solution HD, ce t\u00e9l\u00e9viseur offre une qualit\u00e9 d\u2019image \u00e9poustouflante, ce qui en fait un produit phare dans sa cat\u00e9gorie. Son design \u00e9l\u00e9gant et \u00e9pur\u00e9 am\u00e9liore non seulement votre environnement visuel, mais garantit \u00e9galement une pr\u00e9cision des couleurs pour une exp\u00e9rience v\u00e9ritablement ergonomique.<\/p>\n","protected":false},"featured_media":650001095,"template":"","meta":{"_kad_blocks_custom_css":"","_kad_blocks_head_custom_js":"","_kad_blocks_body_custom_js":"","_kad_blocks_footer_custom_js":"","_kadence_starter_templates_imported_post":false,"_kad_post_transparent":"","_kad_post_title":"","_kad_post_layout":"","_kad_post_sidebar_id":"","_kad_post_content_style":"","_kad_post_vertical_padding":"","_kad_post_feature":"","_kad_post_feature_position":"","_kad_post_header":false,"_kad_post_footer":false},"product_brand":[98],"product_cat":[172],"product_tag":[],"class_list":{"0":"post-650001094","1":"product","2":"type-product","3":"status-publish","4":"has-post-thumbnail","6":"product_brand-cristor","7":"product_cat-tv-tv-son-et-image-en","9":"first","10":"instock","11":"shipping-taxable","12":"purchasable","13":"product-type-simple","14":"entry","15":"content-bg","16":"loop-entry"},"taxonomy_info":{"product_brand":[{"value":98,"label":"CRISTOR"}],"product_cat":[{"value":172,"label":"TV"}]},"featured_image_src_large":["https:\/\/ooasla.com\/wp-content\/uploads\/2025\/06\/TV-M4_Plan-de-travail-1.jpg",1000,1000,false],"author_info":[],"comment_info":"","jetpack_sharing_enabled":true,"_links":{"self":[{"href":"https:\/\/ooasla.com\/en\/wp-json\/wp\/v2\/product\/650001094","targetHints":{"allow":["GET"]}}],"collection":[{"href":"https:\/\/ooasla.com\/en\/wp-json\/wp\/v2\/product"}],"about":[{"href":"https:\/\/ooasla.com\/en\/wp-json\/wp\/v2\/types\/product"}],"wp:featuredmedia":[{"embeddable":true,"href":"https:\/\/ooasla.com\/en\/wp-json\/wp\/v2\/media\/650001095"}],"wp:attachment":[{"href":"https:\/\/ooasla.com\/en\/wp-json\/wp\/v2\/media?parent=650001094"}],"wp:term":[{"taxonomy":"product_brand","embeddable":true,"href":"https:\/\/ooasla.com\/en\/wp-json\/wp\/v2\/product_brand?post=650001094"},{"taxonomy":"product_cat","embeddable":true,"href":"https:\/\/ooasla.com\/en\/wp-json\/wp\/v2\/product_cat?post=650001094"},{"taxonomy":"product_tag","embeddable":true,"href":"https:\/\/ooasla.com\/en\/wp-json\/wp\/v2\/product_tag?post=650001094"}],"curies":[{"name":"wp","href":"https:\/\/api.w.org\/{rel}","templated":true}]}}