{"id":650001082,"date":"2025-04-15T09:00:14","date_gmt":"2025-04-15T09:00:14","guid":{"rendered":"https:\/\/ooasla.com\/?post_type=product&#038;p=650001082"},"modified":"2025-06-08T17:17:59","modified_gmt":"2025-06-08T17:17:59","slug":"tv-cristor-serie-m6-65%e2%80%b3-android-tv","status":"publish","type":"product","link":"https:\/\/ooasla.com\/en\/product\/tv-cristor-serie-m6-65%e2%80%b3-android-tv\/","title":{"rendered":"TV CRISTOR S\u00e9rie M6 \u2013 65\u2033 \u2013 ANDROID TV"},"content":{"rendered":"","protected":false},"excerpt":{"rendered":"<p>Cristor M6 red\u00e9finit l\u2019exp\u00e9rience de visionnement avec des sp\u00e9cifications de pointe, des fonctionnalit\u00e9s innovantes et un \u00e9ventail de fonctions logicielles. Il offre une qualit\u00e9 d\u2019image exceptionnelle en 4K HDR, une connectivit\u00e9 fluide, et des fonctionnalit\u00e9s intelligentes comme Wifi remote et kindlink pour afficher le contenu de votre t\u00e9l\u00e9phone sur l\u2019\u00e9cran.<\/p>\n","protected":false},"featured_media":650001083,"template":"","meta":{"_kad_blocks_custom_css":"","_kad_blocks_head_custom_js":"","_kad_blocks_body_custom_js":"","_kad_blocks_footer_custom_js":"","_kadence_starter_templates_imported_post":false,"_kad_post_transparent":"","_kad_post_title":"","_kad_post_layout":"","_kad_post_sidebar_id":"","_kad_post_content_style":"","_kad_post_vertical_padding":"","_kad_post_feature":"","_kad_post_feature_position":"","_kad_post_header":false,"_kad_post_footer":false},"product_brand":[98],"product_cat":[172],"product_tag":[],"class_list":{"0":"post-650001082","1":"product","2":"type-product","3":"status-publish","4":"has-post-thumbnail","6":"product_brand-cristor","7":"product_cat-tv-tv-son-et-image-en","9":"first","10":"instock","11":"shipping-taxable","12":"purchasable","13":"product-type-simple","14":"entry","15":"content-bg","16":"loop-entry"},"taxonomy_info":{"product_brand":[{"value":98,"label":"CRISTOR"}],"product_cat":[{"value":172,"label":"TV"}]},"featured_image_src_large":["https:\/\/ooasla.com\/wp-content\/uploads\/2025\/06\/TV-P65M6-1000X1000-PX-01-2-scaled-1.png",1024,1024,false],"author_info":[],"comment_info":"","jetpack_sharing_enabled":true,"_links":{"self":[{"href":"https:\/\/ooasla.com\/en\/wp-json\/wp\/v2\/product\/650001082","targetHints":{"allow":["GET"]}}],"collection":[{"href":"https:\/\/ooasla.com\/en\/wp-json\/wp\/v2\/product"}],"about":[{"href":"https:\/\/ooasla.com\/en\/wp-json\/wp\/v2\/types\/product"}],"wp:featuredmedia":[{"embeddable":true,"href":"https:\/\/ooasla.com\/en\/wp-json\/wp\/v2\/media\/650001083"}],"wp:attachment":[{"href":"https:\/\/ooasla.com\/en\/wp-json\/wp\/v2\/media?parent=650001082"}],"wp:term":[{"taxonomy":"product_brand","embeddable":true,"href":"https:\/\/ooasla.com\/en\/wp-json\/wp\/v2\/product_brand?post=650001082"},{"taxonomy":"product_cat","embeddable":true,"href":"https:\/\/ooasla.com\/en\/wp-json\/wp\/v2\/product_cat?post=650001082"},{"taxonomy":"product_tag","embeddable":true,"href":"https:\/\/ooasla.com\/en\/wp-json\/wp\/v2\/product_tag?post=650001082"}],"curies":[{"name":"wp","href":"https:\/\/api.w.org\/{rel}","templated":true}]}}