{"id":650001074,"date":"2025-04-15T09:00:11","date_gmt":"2025-04-15T09:00:11","guid":{"rendered":"https:\/\/ooasla.com\/?post_type=product&#038;p=650001074"},"modified":"2025-06-08T17:17:57","modified_gmt":"2025-06-08T17:17:57","slug":"aspirateur-traineau-1200w-noir-rouge","status":"publish","type":"product","link":"https:\/\/ooasla.com\/en\/product\/aspirateur-traineau-1200w-noir-rouge\/","title":{"rendered":"ASPIRATEUR TRAINEAU 1200W \/ NOIR-ROUGE"},"content":{"rendered":"","protected":false},"excerpt":{"rendered":"<p>L\u2019aspirateur traineau de Cristor combine l\u00e9g\u00e8ret\u00e9\u00a0et\u00a0puissance\u00a0pour un nettoyage efficace et sans effort. il promet de red\u00e9finir la propret\u00e9 domestique. Ce nouvel appareil associe efficacit\u00e9, durabilit\u00e9 et performance pour offrir une solution optimale de nettoyage. De plus, son syst\u00e8me de filtration avanc\u00e9 garantit une maison propre et saine.<\/p>\n","protected":false},"featured_media":650001075,"template":"","meta":{"_kad_blocks_custom_css":"","_kad_blocks_head_custom_js":"","_kad_blocks_body_custom_js":"","_kad_blocks_footer_custom_js":"","_kadence_starter_templates_imported_post":false,"_kad_post_transparent":"","_kad_post_title":"","_kad_post_layout":"","_kad_post_sidebar_id":"","_kad_post_content_style":"","_kad_post_vertical_padding":"","_kad_post_feature":"","_kad_post_feature_position":"","_kad_post_header":false,"_kad_post_footer":false},"product_brand":[98],"product_cat":[160],"product_tag":[],"class_list":{"0":"post-650001074","1":"product","2":"type-product","3":"status-publish","4":"has-post-thumbnail","6":"product_brand-cristor","7":"product_cat-aspirateur-entretien-du-linge-et-du-sol-en","9":"first","10":"instock","11":"shipping-taxable","12":"purchasable","13":"product-type-simple","14":"entry","15":"content-bg","16":"loop-entry"},"taxonomy_info":{"product_brand":[{"value":98,"label":"CRISTOR"}],"product_cat":[{"value":160,"label":"Aspirateur"}]},"featured_image_src_large":["https:\/\/ooasla.com\/wp-content\/uploads\/2025\/06\/AS-CRT15-1000x1000-1.png",1000,1000,false],"author_info":[],"comment_info":"","jetpack_sharing_enabled":true,"_links":{"self":[{"href":"https:\/\/ooasla.com\/en\/wp-json\/wp\/v2\/product\/650001074","targetHints":{"allow":["GET"]}}],"collection":[{"href":"https:\/\/ooasla.com\/en\/wp-json\/wp\/v2\/product"}],"about":[{"href":"https:\/\/ooasla.com\/en\/wp-json\/wp\/v2\/types\/product"}],"wp:featuredmedia":[{"embeddable":true,"href":"https:\/\/ooasla.com\/en\/wp-json\/wp\/v2\/media\/650001075"}],"wp:attachment":[{"href":"https:\/\/ooasla.com\/en\/wp-json\/wp\/v2\/media?parent=650001074"}],"wp:term":[{"taxonomy":"product_brand","embeddable":true,"href":"https:\/\/ooasla.com\/en\/wp-json\/wp\/v2\/product_brand?post=650001074"},{"taxonomy":"product_cat","embeddable":true,"href":"https:\/\/ooasla.com\/en\/wp-json\/wp\/v2\/product_cat?post=650001074"},{"taxonomy":"product_tag","embeddable":true,"href":"https:\/\/ooasla.com\/en\/wp-json\/wp\/v2\/product_tag?post=650001074"}],"curies":[{"name":"wp","href":"https:\/\/api.w.org\/{rel}","templated":true}]}}