{"id":650001059,"date":"2025-04-15T09:00:09","date_gmt":"2025-04-15T09:00:09","guid":{"rendered":"https:\/\/ooasla.com\/?post_type=product&#038;p=650001059"},"modified":"2025-06-08T17:17:55","modified_gmt":"2025-06-08T17:17:55","slug":"tv-condor-serie-d5530-qled-40%e2%80%b3-fhd","status":"publish","type":"product","link":"https:\/\/ooasla.com\/en\/product\/tv-condor-serie-d5530-qled-40%e2%80%b3-fhd\/","title":{"rendered":"TV CONDOR S\u00e9rie D5(530) QLED \u2013 40\u2033 \u2013 FHD"},"content":{"rendered":"","protected":false},"excerpt":{"rendered":"<p>Red\u00e9couvrez vos contenus pr\u00e9f\u00e9r\u00e9s avec le TV Condor LD530 de 40 pouces. La technologie QLED de cet \u00e9cran garantit des couleurs \u00e9clatantes et un contraste am\u00e9lior\u00e9, pour une exp\u00e9rience visuelle immersive. Avec un design minimaliste, il s\u2019adapte parfaitement \u00e0 votre espace de vie pour un confort optimal.<\/p>\n","protected":false},"featured_media":650000913,"template":"","meta":{"_kad_blocks_custom_css":"","_kad_blocks_head_custom_js":"","_kad_blocks_body_custom_js":"","_kad_blocks_footer_custom_js":"","_kadence_starter_templates_imported_post":false,"_kad_post_transparent":"","_kad_post_title":"","_kad_post_layout":"","_kad_post_sidebar_id":"","_kad_post_content_style":"","_kad_post_vertical_padding":"","_kad_post_feature":"","_kad_post_feature_position":"","_kad_post_header":false,"_kad_post_footer":false},"product_brand":[86],"product_cat":[172],"product_tag":[],"class_list":{"0":"post-650001059","1":"product","2":"type-product","3":"status-publish","4":"has-post-thumbnail","6":"product_brand-condor","7":"product_cat-tv-tv-son-et-image-en","9":"first","10":"instock","11":"shipping-taxable","12":"purchasable","13":"product-type-simple","14":"entry","15":"content-bg","16":"loop-entry"},"taxonomy_info":{"product_brand":[{"value":86,"label":"CONDOR"}],"product_cat":[{"value":172,"label":"TV"}]},"featured_image_src_large":["https:\/\/ooasla.com\/wp-content\/uploads\/2025\/06\/D5.jpg",1000,1000,false],"author_info":[],"comment_info":"","jetpack_sharing_enabled":true,"_links":{"self":[{"href":"https:\/\/ooasla.com\/en\/wp-json\/wp\/v2\/product\/650001059","targetHints":{"allow":["GET"]}}],"collection":[{"href":"https:\/\/ooasla.com\/en\/wp-json\/wp\/v2\/product"}],"about":[{"href":"https:\/\/ooasla.com\/en\/wp-json\/wp\/v2\/types\/product"}],"wp:featuredmedia":[{"embeddable":true,"href":"https:\/\/ooasla.com\/en\/wp-json\/wp\/v2\/media\/650000913"}],"wp:attachment":[{"href":"https:\/\/ooasla.com\/en\/wp-json\/wp\/v2\/media?parent=650001059"}],"wp:term":[{"taxonomy":"product_brand","embeddable":true,"href":"https:\/\/ooasla.com\/en\/wp-json\/wp\/v2\/product_brand?post=650001059"},{"taxonomy":"product_cat","embeddable":true,"href":"https:\/\/ooasla.com\/en\/wp-json\/wp\/v2\/product_cat?post=650001059"},{"taxonomy":"product_tag","embeddable":true,"href":"https:\/\/ooasla.com\/en\/wp-json\/wp\/v2\/product_tag?post=650001059"}],"curies":[{"name":"wp","href":"https:\/\/api.w.org\/{rel}","templated":true}]}}