{"id":650001054,"date":"2025-04-15T09:00:08","date_gmt":"2025-04-15T09:00:08","guid":{"rendered":"https:\/\/ooasla.com\/?post_type=product&#038;p=650001054"},"modified":"2025-06-08T17:17:55","modified_gmt":"2025-06-08T17:17:55","slug":"cristor-thunder-th600","status":"publish","type":"product","link":"https:\/\/ooasla.com\/en\/product\/cristor-thunder-th600\/","title":{"rendered":"Cristor THUNDER TH600"},"content":{"rendered":"","protected":false},"excerpt":{"rendered":"<p>Cristor Thunder TH600 est un r\u00e9cepteur satellite Full HD con\u00e7u pour offrir une exp\u00e9rience t\u00e9l\u00e9visuelle optimale. Parfait pour ceux qui recherchent une solution simple et performante, il permet d\u2019acc\u00e9der \u00e0 plus de 8000 cha\u00eenes, 4000 transpondeurs et 100 satellites, offrant ainsi une vaste s\u00e9lection de contenus \u00e0 explorer. Gr\u00e2ce \u00e0 ses fonctionnalit\u00e9s avanc\u00e9es, telles que le d\u00e9codage H.265 et le Wi-Fi int\u00e9gr\u00e9, il assure une qualit\u00e9 de r\u00e9ception sup\u00e9rieure et une connectivit\u00e9 facile pour une exp\u00e9rience t\u00e9l\u00e9visuelle enrichie.<\/p>\n","protected":false},"featured_media":650001055,"template":"","meta":{"_kad_blocks_custom_css":"","_kad_blocks_head_custom_js":"","_kad_blocks_body_custom_js":"","_kad_blocks_footer_custom_js":"","_kadence_starter_templates_imported_post":false,"_kad_post_transparent":"","_kad_post_title":"","_kad_post_layout":"","_kad_post_sidebar_id":"","_kad_post_content_style":"","_kad_post_vertical_padding":"","_kad_post_feature":"","_kad_post_feature_position":"","_kad_post_header":false,"_kad_post_footer":false},"product_brand":[98],"product_cat":[180],"product_tag":[],"class_list":{"0":"post-650001054","1":"product","2":"type-product","3":"status-publish","4":"has-post-thumbnail","6":"product_brand-cristor","7":"product_cat-recepteur-satellite-et-son-tv-son-et-image-en","9":"first","10":"instock","11":"shipping-taxable","12":"purchasable","13":"product-type-simple","14":"entry","15":"content-bg","16":"loop-entry"},"taxonomy_info":{"product_brand":[{"value":98,"label":"CRISTOR"}],"product_cat":[{"value":180,"label":"R\u00e9cepteur satellite et son"}]},"featured_image_src_large":["https:\/\/ooasla.com\/wp-content\/uploads\/2025\/06\/cristor-thunder-th600.png",800,800,false],"author_info":[],"comment_info":"","jetpack_sharing_enabled":true,"_links":{"self":[{"href":"https:\/\/ooasla.com\/en\/wp-json\/wp\/v2\/product\/650001054","targetHints":{"allow":["GET"]}}],"collection":[{"href":"https:\/\/ooasla.com\/en\/wp-json\/wp\/v2\/product"}],"about":[{"href":"https:\/\/ooasla.com\/en\/wp-json\/wp\/v2\/types\/product"}],"wp:featuredmedia":[{"embeddable":true,"href":"https:\/\/ooasla.com\/en\/wp-json\/wp\/v2\/media\/650001055"}],"wp:attachment":[{"href":"https:\/\/ooasla.com\/en\/wp-json\/wp\/v2\/media?parent=650001054"}],"wp:term":[{"taxonomy":"product_brand","embeddable":true,"href":"https:\/\/ooasla.com\/en\/wp-json\/wp\/v2\/product_brand?post=650001054"},{"taxonomy":"product_cat","embeddable":true,"href":"https:\/\/ooasla.com\/en\/wp-json\/wp\/v2\/product_cat?post=650001054"},{"taxonomy":"product_tag","embeddable":true,"href":"https:\/\/ooasla.com\/en\/wp-json\/wp\/v2\/product_tag?post=650001054"}],"curies":[{"name":"wp","href":"https:\/\/api.w.org\/{rel}","templated":true}]}}