{"id":650001053,"date":"2025-04-15T09:00:08","date_gmt":"2025-04-15T09:00:08","guid":{"rendered":"https:\/\/ooasla.com\/?post_type=product&#038;p=650001053"},"modified":"2025-06-08T17:17:55","modified_gmt":"2025-06-08T17:17:55","slug":"hisense-smart-tv-uhd-85-serie-a6n","status":"publish","type":"product","link":"https:\/\/ooasla.com\/en\/product\/hisense-smart-tv-uhd-85-serie-a6n\/","title":{"rendered":"Hisense Smart TV UHD 85\u2019 \/ S\u00e9rie A6N"},"content":{"rendered":"","protected":false},"excerpt":{"rendered":"<p>Hisense 85A6N, un \u00e9cran UHD 4K de 85 pouces offrant une qualit\u00e9 d\u2019image exceptionnelle gr\u00e2ce \u00e0 la technologie 4K Direct LED, Dolby Vision, et FILMMAKER MODE. Profitez d\u2019un son immersif 2.1 avec subwoofer int\u00e9gr\u00e9 et Dolby Atmos\u00ae pour une exp\u00e9rience audio-cin\u00e9ma \u00e0 domicile. Son syst\u00e8me d\u2019exploitation VIDAA U7.6 Smart OS, compatible Smart Home, inclut la commande vocale, le VIDAA Store et le mode gaming (VRR et ALLM) . Un t\u00e9l\u00e9viseur alliant technologie, innovation et design.<\/p>\n","protected":false},"featured_media":650001004,"template":"","meta":{"_kad_blocks_custom_css":"","_kad_blocks_head_custom_js":"","_kad_blocks_body_custom_js":"","_kad_blocks_footer_custom_js":"","_kadence_starter_templates_imported_post":false,"_kad_post_transparent":"","_kad_post_title":"","_kad_post_layout":"","_kad_post_sidebar_id":"","_kad_post_content_style":"","_kad_post_vertical_padding":"","_kad_post_feature":"","_kad_post_feature_position":"","_kad_post_header":false,"_kad_post_footer":false},"product_brand":[123],"product_cat":[172],"product_tag":[],"class_list":{"0":"post-650001053","1":"product","2":"type-product","3":"status-publish","4":"has-post-thumbnail","6":"product_brand-hisense","7":"product_cat-tv-tv-son-et-image-en","9":"first","10":"instock","11":"shipping-taxable","12":"purchasable","13":"product-type-simple","14":"entry","15":"content-bg","16":"loop-entry"},"taxonomy_info":{"product_brand":[{"value":123,"label":"HISENSE"}],"product_cat":[{"value":172,"label":"TV"}]},"featured_image_src_large":["https:\/\/ooasla.com\/wp-content\/uploads\/2025\/06\/FRONT85A6N-scaled-1.png",1024,1024,false],"author_info":[],"comment_info":"","jetpack_sharing_enabled":true,"_links":{"self":[{"href":"https:\/\/ooasla.com\/en\/wp-json\/wp\/v2\/product\/650001053","targetHints":{"allow":["GET"]}}],"collection":[{"href":"https:\/\/ooasla.com\/en\/wp-json\/wp\/v2\/product"}],"about":[{"href":"https:\/\/ooasla.com\/en\/wp-json\/wp\/v2\/types\/product"}],"wp:featuredmedia":[{"embeddable":true,"href":"https:\/\/ooasla.com\/en\/wp-json\/wp\/v2\/media\/650001004"}],"wp:attachment":[{"href":"https:\/\/ooasla.com\/en\/wp-json\/wp\/v2\/media?parent=650001053"}],"wp:term":[{"taxonomy":"product_brand","embeddable":true,"href":"https:\/\/ooasla.com\/en\/wp-json\/wp\/v2\/product_brand?post=650001053"},{"taxonomy":"product_cat","embeddable":true,"href":"https:\/\/ooasla.com\/en\/wp-json\/wp\/v2\/product_cat?post=650001053"},{"taxonomy":"product_tag","embeddable":true,"href":"https:\/\/ooasla.com\/en\/wp-json\/wp\/v2\/product_tag?post=650001053"}],"curies":[{"name":"wp","href":"https:\/\/api.w.org\/{rel}","templated":true}]}}