{"id":650001045,"date":"2025-04-15T09:00:02","date_gmt":"2025-04-15T09:00:02","guid":{"rendered":"https:\/\/ooasla.com\/?post_type=product&#038;p=650001045"},"modified":"2025-06-08T17:17:54","modified_gmt":"2025-06-08T17:17:54","slug":"machine-a-laver-hisense-top-load-20kg-smart-inverter","status":"publish","type":"product","link":"https:\/\/ooasla.com\/en\/product\/machine-a-laver-hisense-top-load-20kg-smart-inverter\/","title":{"rendered":"Machine \u00e0 laver Hisense top load 20kg \/ Smart \/ Inverter"},"content":{"rendered":"","protected":false},"excerpt":{"rendered":"<p>Avec une capacit\u00e9 exceptionnelle de 20 kg et \u00e9quip\u00e9e d\u2019un moteur inverter puissant, cette machine allie performance, durabilit\u00e9 et efficacit\u00e9 \u00e9nerg\u00e9tique. Con\u00e7ue pour r\u00e9pondre aux besoins des familles nombreuses, elle garantit un lavage rapide, intelligent et optimal pour votre linge.<\/p>\n","protected":false},"featured_media":650001046,"template":"","meta":{"_kad_blocks_custom_css":"","_kad_blocks_head_custom_js":"","_kad_blocks_body_custom_js":"","_kad_blocks_footer_custom_js":"","_kadence_starter_templates_imported_post":false,"_kad_post_transparent":"","_kad_post_title":"","_kad_post_layout":"","_kad_post_sidebar_id":"","_kad_post_content_style":"","_kad_post_vertical_padding":"","_kad_post_feature":"","_kad_post_feature_position":"","_kad_post_header":false,"_kad_post_footer":false},"product_brand":[123],"product_cat":[166],"product_tag":[],"class_list":{"0":"post-650001045","1":"product","2":"type-product","3":"status-publish","4":"has-post-thumbnail","6":"product_brand-hisense","7":"product_cat-lave-linge-top-loading-machine-a-laver-gros-electromenager-en","9":"first","10":"instock","11":"shipping-taxable","12":"purchasable","13":"product-type-simple","14":"entry","15":"content-bg","16":"loop-entry"},"taxonomy_info":{"product_brand":[{"value":123,"label":"HISENSE"}],"product_cat":[{"value":166,"label":"lave- linge top loading"}]},"featured_image_src_large":["https:\/\/ooasla.com\/wp-content\/uploads\/2025\/06\/6.-HD-picture-scaled-1.png",1024,768,false],"author_info":[],"comment_info":"","jetpack_sharing_enabled":true,"_links":{"self":[{"href":"https:\/\/ooasla.com\/en\/wp-json\/wp\/v2\/product\/650001045","targetHints":{"allow":["GET"]}}],"collection":[{"href":"https:\/\/ooasla.com\/en\/wp-json\/wp\/v2\/product"}],"about":[{"href":"https:\/\/ooasla.com\/en\/wp-json\/wp\/v2\/types\/product"}],"wp:featuredmedia":[{"embeddable":true,"href":"https:\/\/ooasla.com\/en\/wp-json\/wp\/v2\/media\/650001046"}],"wp:attachment":[{"href":"https:\/\/ooasla.com\/en\/wp-json\/wp\/v2\/media?parent=650001045"}],"wp:term":[{"taxonomy":"product_brand","embeddable":true,"href":"https:\/\/ooasla.com\/en\/wp-json\/wp\/v2\/product_brand?post=650001045"},{"taxonomy":"product_cat","embeddable":true,"href":"https:\/\/ooasla.com\/en\/wp-json\/wp\/v2\/product_cat?post=650001045"},{"taxonomy":"product_tag","embeddable":true,"href":"https:\/\/ooasla.com\/en\/wp-json\/wp\/v2\/product_tag?post=650001045"}],"curies":[{"name":"wp","href":"https:\/\/api.w.org\/{rel}","templated":true}]}}