{"id":650001007,"date":"2025-04-15T08:59:59","date_gmt":"2025-04-15T08:59:59","guid":{"rendered":"https:\/\/ooasla.com\/?post_type=product&#038;p=650001007"},"modified":"2025-06-08T17:17:51","modified_gmt":"2025-06-08T17:17:51","slug":"hisense-smart-tv-mini-led-55-serie-u6n-pro","status":"publish","type":"product","link":"https:\/\/ooasla.com\/en\/product\/hisense-smart-tv-mini-led-55-serie-u6n-pro\/","title":{"rendered":"Hisense Smart TV Mini LED 55\u2019 \/ S\u00e9rie U6N Pro"},"content":{"rendered":"","protected":false},"excerpt":{"rendered":"<p>Hisense 55U6N Pro, un t\u00e9l\u00e9viseur ULED Mini-LED offrant une qualit\u00e9 d\u2019image exceptionnelle. Gr\u00e2ce \u00e0 la technologie Quantum Dot Color et au puissant Hi-View Engine, profitez de couleurs \u00e9clatantes et d\u2019un contraste saisissant. Son Total HDR Solution, avec Dolby Vision Atmos, garantit une immersion visuelle et sonore incomparable. Dot\u00e9 de 400 nits de luminosit\u00e9, il sublime chaque d\u00e9tail, m\u00eame dans les sc\u00e8nes les plus sombres. Avec Game Mode Plus, vivez une exp\u00e9rience gaming fluide et r\u00e9active.<\/p>\n","protected":false},"featured_media":650001008,"template":"","meta":{"_kad_blocks_custom_css":"","_kad_blocks_head_custom_js":"","_kad_blocks_body_custom_js":"","_kad_blocks_footer_custom_js":"","_kadence_starter_templates_imported_post":false,"_kad_post_transparent":"","_kad_post_title":"","_kad_post_layout":"","_kad_post_sidebar_id":"","_kad_post_content_style":"","_kad_post_vertical_padding":"","_kad_post_feature":"","_kad_post_feature_position":"","_kad_post_header":false,"_kad_post_footer":false},"product_brand":[123],"product_cat":[172],"product_tag":[],"class_list":{"0":"post-650001007","1":"product","2":"type-product","3":"status-publish","4":"has-post-thumbnail","6":"product_brand-hisense","7":"product_cat-tv-tv-son-et-image-en","9":"first","10":"instock","11":"shipping-taxable","12":"purchasable","13":"product-type-simple","14":"entry","15":"content-bg","16":"loop-entry"},"taxonomy_info":{"product_brand":[{"value":123,"label":"HISENSE"}],"product_cat":[{"value":172,"label":"TV"}]},"featured_image_src_large":["https:\/\/ooasla.com\/wp-content\/uploads\/2025\/06\/FRONT-50-scaled-1.png",1024,1024,false],"author_info":[],"comment_info":"","jetpack_sharing_enabled":true,"_links":{"self":[{"href":"https:\/\/ooasla.com\/en\/wp-json\/wp\/v2\/product\/650001007","targetHints":{"allow":["GET"]}}],"collection":[{"href":"https:\/\/ooasla.com\/en\/wp-json\/wp\/v2\/product"}],"about":[{"href":"https:\/\/ooasla.com\/en\/wp-json\/wp\/v2\/types\/product"}],"wp:featuredmedia":[{"embeddable":true,"href":"https:\/\/ooasla.com\/en\/wp-json\/wp\/v2\/media\/650001008"}],"wp:attachment":[{"href":"https:\/\/ooasla.com\/en\/wp-json\/wp\/v2\/media?parent=650001007"}],"wp:term":[{"taxonomy":"product_brand","embeddable":true,"href":"https:\/\/ooasla.com\/en\/wp-json\/wp\/v2\/product_brand?post=650001007"},{"taxonomy":"product_cat","embeddable":true,"href":"https:\/\/ooasla.com\/en\/wp-json\/wp\/v2\/product_cat?post=650001007"},{"taxonomy":"product_tag","embeddable":true,"href":"https:\/\/ooasla.com\/en\/wp-json\/wp\/v2\/product_tag?post=650001007"}],"curies":[{"name":"wp","href":"https:\/\/api.w.org\/{rel}","templated":true}]}}