{"id":650000971,"date":"2025-04-15T08:59:51","date_gmt":"2025-04-15T08:59:51","guid":{"rendered":"https:\/\/ooasla.com\/?post_type=product&#038;p=650000971"},"modified":"2025-06-08T17:17:47","modified_gmt":"2025-06-08T17:17:47","slug":"machine-a-laver-sechante-hisense-12kg-smart-vapeur-1400tr-min","status":"publish","type":"product","link":"https:\/\/ooasla.com\/en\/product\/machine-a-laver-sechante-hisense-12kg-smart-vapeur-1400tr-min\/","title":{"rendered":"Machine \u00e0 laver s\u00e9chante HISENSE \u2013 12KG \u2013 smart \u2013 vapeur -1400tr\/min"},"content":{"rendered":"","protected":false},"excerpt":{"rendered":"<p>Cette Smart lave-linge s\u00e9chante est dot\u00e9e d\u2019une liste compl\u00e8te de fonctionnalit\u00e9s, 14 programmes et 6 cycles suppl\u00e9mentaires, afin de r\u00e9duire le bruit et la consommation d\u2019\u00e9nergie, de gagner du temps et m\u00eame de personnaliser la dur\u00e9e de vos cycles de lavage.<\/p>\n","protected":false},"featured_media":650000972,"template":"","meta":{"_kad_blocks_custom_css":"","_kad_blocks_head_custom_js":"","_kad_blocks_body_custom_js":"","_kad_blocks_footer_custom_js":"","_kadence_starter_templates_imported_post":false,"_kad_post_transparent":"","_kad_post_title":"","_kad_post_layout":"","_kad_post_sidebar_id":"","_kad_post_content_style":"","_kad_post_vertical_padding":"","_kad_post_feature":"","_kad_post_feature_position":"","_kad_post_header":false,"_kad_post_footer":false},"product_brand":[123],"product_cat":[152],"product_tag":[],"class_list":{"0":"post-650000971","1":"product","2":"type-product","3":"status-publish","4":"has-post-thumbnail","6":"product_brand-hisense","7":"product_cat-lave-linge-front-loading-machine-a-laver-gros-electromenager-en","9":"first","10":"instock","11":"shipping-taxable","12":"purchasable","13":"product-type-simple","14":"entry","15":"content-bg","16":"loop-entry"},"taxonomy_info":{"product_brand":[{"value":123,"label":"HISENSE"}],"product_cat":[{"value":152,"label":"lave- linge front loading"}]},"featured_image_src_large":["https:\/\/ooasla.com\/wp-content\/uploads\/2025\/06\/WDSE1214VJMWB-_.jpg",1000,1000,false],"author_info":[],"comment_info":"","jetpack_sharing_enabled":true,"_links":{"self":[{"href":"https:\/\/ooasla.com\/en\/wp-json\/wp\/v2\/product\/650000971","targetHints":{"allow":["GET"]}}],"collection":[{"href":"https:\/\/ooasla.com\/en\/wp-json\/wp\/v2\/product"}],"about":[{"href":"https:\/\/ooasla.com\/en\/wp-json\/wp\/v2\/types\/product"}],"wp:featuredmedia":[{"embeddable":true,"href":"https:\/\/ooasla.com\/en\/wp-json\/wp\/v2\/media\/650000972"}],"wp:attachment":[{"href":"https:\/\/ooasla.com\/en\/wp-json\/wp\/v2\/media?parent=650000971"}],"wp:term":[{"taxonomy":"product_brand","embeddable":true,"href":"https:\/\/ooasla.com\/en\/wp-json\/wp\/v2\/product_brand?post=650000971"},{"taxonomy":"product_cat","embeddable":true,"href":"https:\/\/ooasla.com\/en\/wp-json\/wp\/v2\/product_cat?post=650000971"},{"taxonomy":"product_tag","embeddable":true,"href":"https:\/\/ooasla.com\/en\/wp-json\/wp\/v2\/product_tag?post=650000971"}],"curies":[{"name":"wp","href":"https:\/\/api.w.org\/{rel}","templated":true}]}}