{"id":650000886,"date":"2025-04-15T08:59:31","date_gmt":"2025-04-15T08:59:31","guid":{"rendered":"https:\/\/ooasla.com\/?post_type=product&#038;p=650000886"},"modified":"2025-06-08T17:17:40","modified_gmt":"2025-06-08T17:17:40","slug":"machine-a-laver-nardi-frontale-105kg-lavage-a-vapeur-inverter-1400tr-min-grise","status":"publish","type":"product","link":"https:\/\/ooasla.com\/en\/product\/machine-a-laver-nardi-frontale-105kg-lavage-a-vapeur-inverter-1400tr-min-grise\/","title":{"rendered":"Machine \u00e0 Laver NARDI Frontale-10,5Kg Lavage \u00e0 vapeur-Inverter-1400tr\/min-Grise"},"content":{"rendered":"","protected":false},"excerpt":{"rendered":"<p>NARDI vous pr\u00e9sente sa machine \u00e0 laver automatique frontale, con\u00e7ue pour simplifier votre quotidien. Dot\u00e9e d\u2019une grande capacit\u00e9 de 10,5kg et d\u2019un moteur INVERTR ultra-performant, elle offre un essorage impeccable jusqu\u2019\u00e0 1400 tr\/min. Choisissez parmi ses 15 programmes celui qui correspond \u00e0 vos besoins, du programme rapide 15 minutes au programme d\u00e9licat pour vos v\u00eatements fragiles. La s\u00e9curit\u00e9 anti-d\u00e9bordement vous assure une tranquillit\u00e9 d\u2019esprit tandis que le lavage \u00e0 vapeur garantit un linge propre et d\u00e9sinfect\u00e9.<\/p>\n","protected":false},"featured_media":650000887,"template":"","meta":{"_kad_blocks_custom_css":"","_kad_blocks_head_custom_js":"","_kad_blocks_body_custom_js":"","_kad_blocks_footer_custom_js":"","_kadence_starter_templates_imported_post":false,"_kad_post_transparent":"","_kad_post_title":"","_kad_post_layout":"","_kad_post_sidebar_id":"","_kad_post_content_style":"","_kad_post_vertical_padding":"","_kad_post_feature":"","_kad_post_feature_position":"","_kad_post_header":false,"_kad_post_footer":false},"product_brand":[124],"product_cat":[152],"product_tag":[],"class_list":{"0":"post-650000886","1":"product","2":"type-product","3":"status-publish","4":"has-post-thumbnail","6":"product_brand-nardi","7":"product_cat-lave-linge-front-loading-machine-a-laver-gros-electromenager-en","9":"first","10":"instock","11":"shipping-taxable","12":"purchasable","13":"product-type-simple","14":"entry","15":"content-bg","16":"loop-entry"},"taxonomy_info":{"product_brand":[{"value":124,"label":"NARDI"}],"product_cat":[{"value":152,"label":"lave- linge front loading"}]},"featured_image_src_large":["https:\/\/ooasla.com\/wp-content\/uploads\/2025\/06\/NLAF-XD41N3S-1-scaled-1.png",1024,576,false],"author_info":[],"comment_info":"","jetpack_sharing_enabled":true,"_links":{"self":[{"href":"https:\/\/ooasla.com\/en\/wp-json\/wp\/v2\/product\/650000886","targetHints":{"allow":["GET"]}}],"collection":[{"href":"https:\/\/ooasla.com\/en\/wp-json\/wp\/v2\/product"}],"about":[{"href":"https:\/\/ooasla.com\/en\/wp-json\/wp\/v2\/types\/product"}],"wp:featuredmedia":[{"embeddable":true,"href":"https:\/\/ooasla.com\/en\/wp-json\/wp\/v2\/media\/650000887"}],"wp:attachment":[{"href":"https:\/\/ooasla.com\/en\/wp-json\/wp\/v2\/media?parent=650000886"}],"wp:term":[{"taxonomy":"product_brand","embeddable":true,"href":"https:\/\/ooasla.com\/en\/wp-json\/wp\/v2\/product_brand?post=650000886"},{"taxonomy":"product_cat","embeddable":true,"href":"https:\/\/ooasla.com\/en\/wp-json\/wp\/v2\/product_cat?post=650000886"},{"taxonomy":"product_tag","embeddable":true,"href":"https:\/\/ooasla.com\/en\/wp-json\/wp\/v2\/product_tag?post=650000886"}],"curies":[{"name":"wp","href":"https:\/\/api.w.org\/{rel}","templated":true}]}}