{"id":650000885,"date":"2025-04-15T08:59:31","date_gmt":"2025-04-15T08:59:31","guid":{"rendered":"https:\/\/ooasla.com\/?post_type=product&#038;p=650000885"},"modified":"2025-06-08T17:17:40","modified_gmt":"2025-06-08T17:17:40","slug":"machine-a-laver-nardi-automatique-top-loading-14kg-lavage-grise","status":"publish","type":"product","link":"https:\/\/ooasla.com\/en\/product\/machine-a-laver-nardi-automatique-top-loading-14kg-lavage-grise\/","title":{"rendered":"Machine \u00e0 Laver NARDI Automatique Top Loading-14Kg Lavage-Grise"},"content":{"rendered":"","protected":false},"excerpt":{"rendered":"<p>Dites adieu aux lessives interminables ! Ce lave-linge 14kg offre une capacit\u00e9 de lavage exceptionnelle, id\u00e9ale pour les familles nombreuses ou pour ceux qui lavent de grandes quantit\u00e9s de linge en une seule fois. Fini les corv\u00e9es interminables, vous pouvez laver tout votre linge en un clin d\u2019\u0153il.<br \/>\nDot\u00e9 de technologies de pointe, cette machine \u00e0 Laver garantit un lavage efficace avec seulement 500W et pr\u00e9cis pour tous vos v\u00eatements. Des programmes automatiques s\u2019adaptent \u00e0 diff\u00e9rents types de tissus, tandis que des options suppl\u00e9mentaires vous permettent de personnaliser vos cycles de lavage.<\/p>\n","protected":false},"featured_media":650000778,"template":"","meta":{"_kad_blocks_custom_css":"","_kad_blocks_head_custom_js":"","_kad_blocks_body_custom_js":"","_kad_blocks_footer_custom_js":"","_kadence_starter_templates_imported_post":false,"_kad_post_transparent":"","_kad_post_title":"","_kad_post_layout":"","_kad_post_sidebar_id":"","_kad_post_content_style":"","_kad_post_vertical_padding":"","_kad_post_feature":"","_kad_post_feature_position":"","_kad_post_header":false,"_kad_post_footer":false},"product_brand":[124],"product_cat":[166],"product_tag":[],"class_list":{"0":"post-650000885","1":"product","2":"type-product","3":"status-publish","4":"has-post-thumbnail","6":"product_brand-nardi","7":"product_cat-lave-linge-top-loading-machine-a-laver-gros-electromenager-en","9":"first","10":"instock","11":"shipping-taxable","12":"purchasable","13":"product-type-simple","14":"entry","15":"content-bg","16":"loop-entry"},"taxonomy_info":{"product_brand":[{"value":124,"label":"NARDI"}],"product_cat":[{"value":166,"label":"lave- linge top loading"}]},"featured_image_src_large":["https:\/\/ooasla.com\/wp-content\/uploads\/2025\/06\/NLAT-Q22G.jpg",1000,1000,false],"author_info":[],"comment_info":"","jetpack_sharing_enabled":true,"_links":{"self":[{"href":"https:\/\/ooasla.com\/en\/wp-json\/wp\/v2\/product\/650000885","targetHints":{"allow":["GET"]}}],"collection":[{"href":"https:\/\/ooasla.com\/en\/wp-json\/wp\/v2\/product"}],"about":[{"href":"https:\/\/ooasla.com\/en\/wp-json\/wp\/v2\/types\/product"}],"wp:featuredmedia":[{"embeddable":true,"href":"https:\/\/ooasla.com\/en\/wp-json\/wp\/v2\/media\/650000778"}],"wp:attachment":[{"href":"https:\/\/ooasla.com\/en\/wp-json\/wp\/v2\/media?parent=650000885"}],"wp:term":[{"taxonomy":"product_brand","embeddable":true,"href":"https:\/\/ooasla.com\/en\/wp-json\/wp\/v2\/product_brand?post=650000885"},{"taxonomy":"product_cat","embeddable":true,"href":"https:\/\/ooasla.com\/en\/wp-json\/wp\/v2\/product_cat?post=650000885"},{"taxonomy":"product_tag","embeddable":true,"href":"https:\/\/ooasla.com\/en\/wp-json\/wp\/v2\/product_tag?post=650000885"}],"curies":[{"name":"wp","href":"https:\/\/api.w.org\/{rel}","templated":true}]}}