{"id":650000877,"date":"2025-04-15T08:59:30","date_gmt":"2025-04-15T08:59:30","guid":{"rendered":"https:\/\/ooasla.com\/?post_type=product&#038;p=650000877"},"modified":"2025-06-08T17:17:39","modified_gmt":"2025-06-08T17:17:39","slug":"refrigerateur-hisense-combine-408-l-metal-tech-cooling-nofrost-inox","status":"publish","type":"product","link":"https:\/\/ooasla.com\/en\/product\/refrigerateur-hisense-combine-408-l-metal-tech-cooling-nofrost-inox\/","title":{"rendered":"R\u00e9frig\u00e9rateur HISENSE Combin\u00e9 \u2013 408 L \u2013 Metal tech cooling \u2013 Nofrost \u2013 Inox"},"content":{"rendered":"","protected":false},"excerpt":{"rendered":"<p>Le r\u00e9frig\u00e9rateur HISENSE combin\u00e9 offre une capacit\u00e9 g\u00e9n\u00e9reuse de 408 litres, \u00e9quip\u00e9 de la technologie Metal Tech Cooling pour une conservation optimale des aliments, avec la fonction NoFrost pour \u00e9viter la formation de givre. Son ext\u00e9rieur en inox ajoute une touche de modernit\u00e9 \u00e0 votre cuisine.<\/p>\n","protected":false},"featured_media":650000878,"template":"","meta":{"_kad_blocks_custom_css":"","_kad_blocks_head_custom_js":"","_kad_blocks_body_custom_js":"","_kad_blocks_footer_custom_js":"","_kadence_starter_templates_imported_post":false,"_kad_post_transparent":"","_kad_post_title":"","_kad_post_layout":"","_kad_post_sidebar_id":"","_kad_post_content_style":"","_kad_post_vertical_padding":"","_kad_post_feature":"","_kad_post_feature_position":"","_kad_post_header":false,"_kad_post_footer":false},"product_brand":[123],"product_cat":[167],"product_tag":[],"class_list":{"0":"post-650000877","1":"product","2":"type-product","3":"status-publish","4":"has-post-thumbnail","6":"product_brand-hisense","7":"product_cat-refrigerateur-mono-porte-double-porte-refrigerateur-gros-electromenager-en","9":"first","10":"instock","11":"shipping-taxable","12":"purchasable","13":"product-type-simple","14":"entry","15":"content-bg","16":"loop-entry"},"taxonomy_info":{"product_brand":[{"value":123,"label":"HISENSE"}],"product_cat":[{"value":167,"label":"R\u00e9frig\u00e9rateur Mono porte, double porte"}]},"featured_image_src_large":["https:\/\/ooasla.com\/wp-content\/uploads\/2025\/06\/2-1-1.png",1000,1000,false],"author_info":[],"comment_info":"","jetpack_sharing_enabled":true,"_links":{"self":[{"href":"https:\/\/ooasla.com\/en\/wp-json\/wp\/v2\/product\/650000877","targetHints":{"allow":["GET"]}}],"collection":[{"href":"https:\/\/ooasla.com\/en\/wp-json\/wp\/v2\/product"}],"about":[{"href":"https:\/\/ooasla.com\/en\/wp-json\/wp\/v2\/types\/product"}],"wp:featuredmedia":[{"embeddable":true,"href":"https:\/\/ooasla.com\/en\/wp-json\/wp\/v2\/media\/650000878"}],"wp:attachment":[{"href":"https:\/\/ooasla.com\/en\/wp-json\/wp\/v2\/media?parent=650000877"}],"wp:term":[{"taxonomy":"product_brand","embeddable":true,"href":"https:\/\/ooasla.com\/en\/wp-json\/wp\/v2\/product_brand?post=650000877"},{"taxonomy":"product_cat","embeddable":true,"href":"https:\/\/ooasla.com\/en\/wp-json\/wp\/v2\/product_cat?post=650000877"},{"taxonomy":"product_tag","embeddable":true,"href":"https:\/\/ooasla.com\/en\/wp-json\/wp\/v2\/product_tag?post=650000877"}],"curies":[{"name":"wp","href":"https:\/\/api.w.org\/{rel}","templated":true}]}}