{"id":650000853,"date":"2025-04-15T08:59:20","date_gmt":"2025-04-15T08:59:20","guid":{"rendered":"https:\/\/ooasla.com\/?post_type=product&#038;p=650000853"},"modified":"2025-06-08T17:17:38","modified_gmt":"2025-06-08T17:17:38","slug":"refrigerateur-condor-mono-porte-93-l-noir","status":"publish","type":"product","link":"https:\/\/ooasla.com\/en\/product\/refrigerateur-condor-mono-porte-93-l-noir\/","title":{"rendered":"R\u00e9frig\u00e9rateur CONDOR MONO porte \u2013 93 L \u2013 Noir"},"content":{"rendered":"","protected":false},"excerpt":{"rendered":"<p>Le r\u00e9frig\u00e9rateur mono-porte offre 93 L de capacit\u00e9 nette, parfait pour un stockage optimis\u00e9 des aliments et des boissons. Sa finition en noir et son design compact et \u00e9l\u00e9gant s\u2019int\u00e8gre facilement \u00e0 tout type d\u2019int\u00e9rieur, alliant praticit\u00e9 et style pour r\u00e9pondre aux besoins des foyers modernes<\/p>\n","protected":false},"featured_media":650000854,"template":"","meta":{"_kad_blocks_custom_css":"","_kad_blocks_head_custom_js":"","_kad_blocks_body_custom_js":"","_kad_blocks_footer_custom_js":"","_kadence_starter_templates_imported_post":false,"_kad_post_transparent":"","_kad_post_title":"","_kad_post_layout":"","_kad_post_sidebar_id":"","_kad_post_content_style":"","_kad_post_vertical_padding":"","_kad_post_feature":"","_kad_post_feature_position":"","_kad_post_header":false,"_kad_post_footer":false},"product_brand":[86],"product_cat":[167],"product_tag":[],"class_list":{"0":"post-650000853","1":"product","2":"type-product","3":"status-publish","4":"has-post-thumbnail","6":"product_brand-condor","7":"product_cat-refrigerateur-mono-porte-double-porte-refrigerateur-gros-electromenager-en","9":"first","10":"instock","11":"shipping-taxable","12":"purchasable","13":"product-type-simple","14":"entry","15":"content-bg","16":"loop-entry"},"taxonomy_info":{"product_brand":[{"value":86,"label":"CONDOR"}],"product_cat":[{"value":167,"label":"R\u00e9frig\u00e9rateur Mono porte, double porte"}]},"featured_image_src_large":["https:\/\/ooasla.com\/wp-content\/uploads\/2025\/06\/CRF-T12GM-2.jpg",1000,1000,false],"author_info":[],"comment_info":"","jetpack_sharing_enabled":true,"_links":{"self":[{"href":"https:\/\/ooasla.com\/en\/wp-json\/wp\/v2\/product\/650000853","targetHints":{"allow":["GET"]}}],"collection":[{"href":"https:\/\/ooasla.com\/en\/wp-json\/wp\/v2\/product"}],"about":[{"href":"https:\/\/ooasla.com\/en\/wp-json\/wp\/v2\/types\/product"}],"wp:featuredmedia":[{"embeddable":true,"href":"https:\/\/ooasla.com\/en\/wp-json\/wp\/v2\/media\/650000854"}],"wp:attachment":[{"href":"https:\/\/ooasla.com\/en\/wp-json\/wp\/v2\/media?parent=650000853"}],"wp:term":[{"taxonomy":"product_brand","embeddable":true,"href":"https:\/\/ooasla.com\/en\/wp-json\/wp\/v2\/product_brand?post=650000853"},{"taxonomy":"product_cat","embeddable":true,"href":"https:\/\/ooasla.com\/en\/wp-json\/wp\/v2\/product_cat?post=650000853"},{"taxonomy":"product_tag","embeddable":true,"href":"https:\/\/ooasla.com\/en\/wp-json\/wp\/v2\/product_tag?post=650000853"}],"curies":[{"name":"wp","href":"https:\/\/api.w.org\/{rel}","templated":true}]}}