{"id":650000849,"date":"2025-04-15T08:59:16","date_gmt":"2025-04-15T08:59:16","guid":{"rendered":"https:\/\/ooasla.com\/?post_type=product&#038;p=650000849"},"modified":"2025-06-08T17:17:38","modified_gmt":"2025-06-08T17:17:38","slug":"refrigerateur-nardi-double-porte-nofrost-464-l-inox","status":"publish","type":"product","link":"https:\/\/ooasla.com\/en\/product\/refrigerateur-nardi-double-porte-nofrost-464-l-inox\/","title":{"rendered":"R\u00e9frig\u00e9rateur NARDI Double Porte -NoFrost \u2013 464 L \u2013 Inox"},"content":{"rendered":"","protected":false},"excerpt":{"rendered":"<p>D\u00e9couvrez le r\u00e9frig\u00e9rateur Double Porte en Inox, un ajout moderne et \u00e9l\u00e9gant \u00e0 votre cuisine. Avec sa capacit\u00e9 nette totale de 464 litres, ce r\u00e9frig\u00e9rateur offre un espace g\u00e9n\u00e9reux pour stocker tous vos aliments frais et surgel\u00e9s. Il apporte une touche de charme et de modernit\u00e9 \u00e0 votre espace tout en offrant des fonctionnalit\u00e9s avanc\u00e9s.<\/p>\n","protected":false},"featured_media":650000850,"template":"","meta":{"_kad_blocks_custom_css":"","_kad_blocks_head_custom_js":"","_kad_blocks_body_custom_js":"","_kad_blocks_footer_custom_js":"","_kadence_starter_templates_imported_post":false,"_kad_post_transparent":"","_kad_post_title":"","_kad_post_layout":"","_kad_post_sidebar_id":"","_kad_post_content_style":"","_kad_post_vertical_padding":"","_kad_post_feature":"","_kad_post_feature_position":"","_kad_post_header":false,"_kad_post_footer":false},"product_brand":[124],"product_cat":[167],"product_tag":[],"class_list":{"0":"post-650000849","1":"product","2":"type-product","3":"status-publish","4":"has-post-thumbnail","6":"product_brand-nardi","7":"product_cat-refrigerateur-mono-porte-double-porte-refrigerateur-gros-electromenager-en","9":"first","10":"instock","11":"shipping-taxable","12":"purchasable","13":"product-type-simple","14":"entry","15":"content-bg","16":"loop-entry"},"taxonomy_info":{"product_brand":[{"value":124,"label":"NARDI"}],"product_cat":[{"value":167,"label":"R\u00e9frig\u00e9rateur Mono porte, double porte"}]},"featured_image_src_large":["https:\/\/ooasla.com\/wp-content\/uploads\/2025\/06\/NRD630AX-483-scaled-1.png",1024,1024,false],"author_info":[],"comment_info":"","jetpack_sharing_enabled":true,"_links":{"self":[{"href":"https:\/\/ooasla.com\/en\/wp-json\/wp\/v2\/product\/650000849","targetHints":{"allow":["GET"]}}],"collection":[{"href":"https:\/\/ooasla.com\/en\/wp-json\/wp\/v2\/product"}],"about":[{"href":"https:\/\/ooasla.com\/en\/wp-json\/wp\/v2\/types\/product"}],"wp:featuredmedia":[{"embeddable":true,"href":"https:\/\/ooasla.com\/en\/wp-json\/wp\/v2\/media\/650000850"}],"wp:attachment":[{"href":"https:\/\/ooasla.com\/en\/wp-json\/wp\/v2\/media?parent=650000849"}],"wp:term":[{"taxonomy":"product_brand","embeddable":true,"href":"https:\/\/ooasla.com\/en\/wp-json\/wp\/v2\/product_brand?post=650000849"},{"taxonomy":"product_cat","embeddable":true,"href":"https:\/\/ooasla.com\/en\/wp-json\/wp\/v2\/product_cat?post=650000849"},{"taxonomy":"product_tag","embeddable":true,"href":"https:\/\/ooasla.com\/en\/wp-json\/wp\/v2\/product_tag?post=650000849"}],"curies":[{"name":"wp","href":"https:\/\/api.w.org\/{rel}","templated":true}]}}