{"id":650000777,"date":"2025-04-15T08:58:59","date_gmt":"2025-04-15T08:58:59","guid":{"rendered":"https:\/\/ooasla.com\/?post_type=product&#038;p=650000777"},"modified":"2025-06-08T17:17:25","modified_gmt":"2025-06-08T17:17:25","slug":"machine-a-laver-nardi-inverter-direct-drive-14kg-grise","status":"publish","type":"product","link":"https:\/\/ooasla.com\/en\/product\/machine-a-laver-nardi-inverter-direct-drive-14kg-grise\/","title":{"rendered":"Machine \u00e0 Laver NARDI -Inverter Direct Drive -14Kg-Grise"},"content":{"rendered":"","protected":false},"excerpt":{"rendered":"<p>D\u00e9couvrez la performance et l\u2019efficacit\u00e9 avec la machine \u00e0 laver NARDI top loading 14 kg. \u00c9quip\u00e9e d\u2019un moteur Inverter Direct Drive, elle garantit un lavage puissant, silencieux et \u00e9conome en \u00e9nergie. Son grande capacit\u00e9 de 14 kg permet de laver plus de linge en une seule fois, id\u00e9al pour les familles nombreuses. Son tambour en acier inoxydable assure une durabilit\u00e9 optimale, tandis que ses multiples programmes s\u2019adaptent \u00e0 tous les types de textiles.<\/p>\n","protected":false},"featured_media":650000778,"template":"","meta":{"_kad_blocks_custom_css":"","_kad_blocks_head_custom_js":"","_kad_blocks_body_custom_js":"","_kad_blocks_footer_custom_js":"","_kadence_starter_templates_imported_post":false,"_kad_post_transparent":"","_kad_post_title":"","_kad_post_layout":"","_kad_post_sidebar_id":"","_kad_post_content_style":"","_kad_post_vertical_padding":"","_kad_post_feature":"","_kad_post_feature_position":"","_kad_post_header":false,"_kad_post_footer":false},"product_brand":[124],"product_cat":[166],"product_tag":[],"class_list":{"0":"post-650000777","1":"product","2":"type-product","3":"status-publish","4":"has-post-thumbnail","6":"product_brand-nardi","7":"product_cat-lave-linge-top-loading-machine-a-laver-gros-electromenager-en","9":"first","10":"instock","11":"shipping-taxable","12":"purchasable","13":"product-type-simple","14":"entry","15":"content-bg","16":"loop-entry"},"taxonomy_info":{"product_brand":[{"value":124,"label":"NARDI"}],"product_cat":[{"value":166,"label":"lave- linge top loading"}]},"featured_image_src_large":["https:\/\/ooasla.com\/wp-content\/uploads\/2025\/06\/NLAT-Q22G.jpg",1000,1000,false],"author_info":[],"comment_info":"","jetpack_sharing_enabled":true,"_links":{"self":[{"href":"https:\/\/ooasla.com\/en\/wp-json\/wp\/v2\/product\/650000777","targetHints":{"allow":["GET"]}}],"collection":[{"href":"https:\/\/ooasla.com\/en\/wp-json\/wp\/v2\/product"}],"about":[{"href":"https:\/\/ooasla.com\/en\/wp-json\/wp\/v2\/types\/product"}],"wp:featuredmedia":[{"embeddable":true,"href":"https:\/\/ooasla.com\/en\/wp-json\/wp\/v2\/media\/650000778"}],"wp:attachment":[{"href":"https:\/\/ooasla.com\/en\/wp-json\/wp\/v2\/media?parent=650000777"}],"wp:term":[{"taxonomy":"product_brand","embeddable":true,"href":"https:\/\/ooasla.com\/en\/wp-json\/wp\/v2\/product_brand?post=650000777"},{"taxonomy":"product_cat","embeddable":true,"href":"https:\/\/ooasla.com\/en\/wp-json\/wp\/v2\/product_cat?post=650000777"},{"taxonomy":"product_tag","embeddable":true,"href":"https:\/\/ooasla.com\/en\/wp-json\/wp\/v2\/product_tag?post=650000777"}],"curies":[{"name":"wp","href":"https:\/\/api.w.org\/{rel}","templated":true}]}}