{"id":650000773,"date":"2025-04-15T08:58:58","date_gmt":"2025-04-15T08:58:58","guid":{"rendered":"https:\/\/ooasla.com\/?post_type=product&#038;p=650000773"},"modified":"2025-06-08T17:17:25","modified_gmt":"2025-06-08T17:17:25","slug":"petrin-cristor-mono-fonction-6-l-1400-w-noir_inox","status":"publish","type":"product","link":"https:\/\/ooasla.com\/en\/product\/petrin-cristor-mono-fonction-6-l-1400-w-noir_inox\/","title":{"rendered":"P\u00e9trin CRISTOR Mono Fonction -6 L-1400 W- Noir_inox"},"content":{"rendered":"","protected":false},"excerpt":{"rendered":"<p>D\u00e9couvrez notre p\u00e9trin de 1400 W, un incontournable pour les passionn\u00e9s de p\u00e2tisserie. Avec 6 niveaux de vitesses et une g\u00e9n\u00e9reuse capacit\u00e9 de bol m\u00e9langeur de 6 litres, il vous offre une pr\u00e9cision et une puissance in\u00e9gal\u00e9es. Livr\u00e9 avec des accessoires essentiels \u2013 fouet, batteur plat et crochet p\u00e9trisseur \u2013 pour des r\u00e9sultats parfaits \u00e0 chaque fois<\/p>\n","protected":false},"featured_media":650000774,"template":"","meta":{"_kad_blocks_custom_css":"","_kad_blocks_head_custom_js":"","_kad_blocks_body_custom_js":"","_kad_blocks_footer_custom_js":"","_kadence_starter_templates_imported_post":false,"_kad_post_transparent":"","_kad_post_title":"","_kad_post_layout":"","_kad_post_sidebar_id":"","_kad_post_content_style":"","_kad_post_vertical_padding":"","_kad_post_feature":"","_kad_post_feature_position":"","_kad_post_header":false,"_kad_post_footer":false},"product_brand":[98],"product_cat":[150],"product_tag":[],"class_list":{"0":"post-650000773","1":"product","2":"type-product","3":"status-publish","4":"has-post-thumbnail","6":"product_brand-cristor","7":"product_cat-petrin-robots-de-cuisine-petit-electromenager-en","9":"first","10":"instock","11":"shipping-taxable","12":"purchasable","13":"product-type-simple","14":"entry","15":"content-bg","16":"loop-entry"},"taxonomy_info":{"product_brand":[{"value":98,"label":"CRISTOR"}],"product_cat":[{"value":150,"label":"Petrin"}]},"featured_image_src_large":["https:\/\/ooasla.com\/wp-content\/uploads\/2025\/06\/SM-UK20NS-1000X1000.png",1000,1000,false],"author_info":[],"comment_info":"","jetpack_sharing_enabled":true,"_links":{"self":[{"href":"https:\/\/ooasla.com\/en\/wp-json\/wp\/v2\/product\/650000773","targetHints":{"allow":["GET"]}}],"collection":[{"href":"https:\/\/ooasla.com\/en\/wp-json\/wp\/v2\/product"}],"about":[{"href":"https:\/\/ooasla.com\/en\/wp-json\/wp\/v2\/types\/product"}],"wp:featuredmedia":[{"embeddable":true,"href":"https:\/\/ooasla.com\/en\/wp-json\/wp\/v2\/media\/650000774"}],"wp:attachment":[{"href":"https:\/\/ooasla.com\/en\/wp-json\/wp\/v2\/media?parent=650000773"}],"wp:term":[{"taxonomy":"product_brand","embeddable":true,"href":"https:\/\/ooasla.com\/en\/wp-json\/wp\/v2\/product_brand?post=650000773"},{"taxonomy":"product_cat","embeddable":true,"href":"https:\/\/ooasla.com\/en\/wp-json\/wp\/v2\/product_cat?post=650000773"},{"taxonomy":"product_tag","embeddable":true,"href":"https:\/\/ooasla.com\/en\/wp-json\/wp\/v2\/product_tag?post=650000773"}],"curies":[{"name":"wp","href":"https:\/\/api.w.org\/{rel}","templated":true}]}}