{"id":650000769,"date":"2025-04-15T08:58:58","date_gmt":"2025-04-15T08:58:58","guid":{"rendered":"https:\/\/ooasla.com\/?post_type=product&#038;p=650000769"},"modified":"2025-06-08T17:17:25","modified_gmt":"2025-06-08T17:17:25","slug":"machine-a-cafe-nardi-2-en-1-capsule-et-cafe-moulu-20bar-1350w-inox","status":"publish","type":"product","link":"https:\/\/ooasla.com\/en\/product\/machine-a-cafe-nardi-2-en-1-capsule-et-cafe-moulu-20bar-1350w-inox\/","title":{"rendered":"Machine \u00e0 Caf\u00e9 NARDI 2 en 1 Capsule et Caf\u00e9 Moulu 20bar-1350W-Inox"},"content":{"rendered":"","protected":false},"excerpt":{"rendered":"<p>D\u00e9gustez un caf\u00e9 chaud, savoureux et d\u00e9licieux avec la machine \u00e0 caf\u00e9 NARDI 2 en 1. Sa puissance de 13500W et sa pression de 20bar garantissent une extraction optimale de 1 tasse ou 2 tasses en quelques secondes pour un caf\u00e9 riche en ar\u00f4mes. La machine \u00e0 caf\u00e9 est \u00e9quip\u00e9e d\u2019une buse vapeur puissante pour cr\u00e9er de d\u00e9licieux cappuccinos. Elle est dot\u00e9e d\u2019un r\u00e9servoir d\u2019eau amovible pour un remplissage facile<br \/>\nPolyvalente, elle vous permet de r\u00e9aliser aussi bien des expressos que des caf\u00e9s filtre, selon vos envies. Facile \u00e0 utiliser, elle dispose d\u2019un panneau de commande intuitif avec des boutons et d\u2019un design compact qui s\u2019int\u00e8gre id\u00e9alement dans vos cuisines ou bureaux.<\/p>\n","protected":false},"featured_media":650000770,"template":"","meta":{"_kad_blocks_custom_css":"","_kad_blocks_head_custom_js":"","_kad_blocks_body_custom_js":"","_kad_blocks_footer_custom_js":"","_kadence_starter_templates_imported_post":false,"_kad_post_transparent":"","_kad_post_title":"","_kad_post_layout":"","_kad_post_sidebar_id":"","_kad_post_content_style":"","_kad_post_vertical_padding":"","_kad_post_feature":"","_kad_post_feature_position":"","_kad_post_header":false,"_kad_post_footer":false},"product_brand":[124],"product_cat":[155],"product_tag":[],"class_list":{"0":"post-650000769","1":"product","2":"type-product","3":"status-publish","4":"has-post-thumbnail","6":"product_brand-nardi","7":"product_cat-machine-a-cafe-capsule-machine-a-cafe-petit-electromenager-en","9":"first","10":"instock","11":"shipping-taxable","12":"purchasable","13":"product-type-simple","14":"entry","15":"content-bg","16":"loop-entry"},"taxonomy_info":{"product_brand":[{"value":124,"label":"NARDI"}],"product_cat":[{"value":155,"label":"Machine \u00e0 caf\u00e9 capsule"}]},"featured_image_src_large":["https:\/\/ooasla.com\/wp-content\/uploads\/2025\/06\/machine-a-cafe-2en1-auto-.png",614,691,false],"author_info":[],"comment_info":"","jetpack_sharing_enabled":true,"_links":{"self":[{"href":"https:\/\/ooasla.com\/en\/wp-json\/wp\/v2\/product\/650000769","targetHints":{"allow":["GET"]}}],"collection":[{"href":"https:\/\/ooasla.com\/en\/wp-json\/wp\/v2\/product"}],"about":[{"href":"https:\/\/ooasla.com\/en\/wp-json\/wp\/v2\/types\/product"}],"wp:featuredmedia":[{"embeddable":true,"href":"https:\/\/ooasla.com\/en\/wp-json\/wp\/v2\/media\/650000770"}],"wp:attachment":[{"href":"https:\/\/ooasla.com\/en\/wp-json\/wp\/v2\/media?parent=650000769"}],"wp:term":[{"taxonomy":"product_brand","embeddable":true,"href":"https:\/\/ooasla.com\/en\/wp-json\/wp\/v2\/product_brand?post=650000769"},{"taxonomy":"product_cat","embeddable":true,"href":"https:\/\/ooasla.com\/en\/wp-json\/wp\/v2\/product_cat?post=650000769"},{"taxonomy":"product_tag","embeddable":true,"href":"https:\/\/ooasla.com\/en\/wp-json\/wp\/v2\/product_tag?post=650000769"}],"curies":[{"name":"wp","href":"https:\/\/api.w.org\/{rel}","templated":true}]}}