{"id":650000765,"date":"2025-04-15T08:58:58","date_gmt":"2025-04-15T08:58:58","guid":{"rendered":"https:\/\/ooasla.com\/?post_type=product&#038;p=650000765"},"modified":"2025-06-08T17:17:25","modified_gmt":"2025-06-08T17:17:25","slug":"refrigerateur-hisense-double-porte-466-l-inverter-distributeur-deau-nofrost-inox","status":"publish","type":"product","link":"https:\/\/ooasla.com\/en\/product\/refrigerateur-hisense-double-porte-466-l-inverter-distributeur-deau-nofrost-inox\/","title":{"rendered":"R\u00e9frig\u00e9rateur HISENSE Double porte \u2013 466 L \u2013 Inverter \u2013 Distributeur d\u2019eau \u2013 Nofrost \u2013 Inox"},"content":{"rendered":"","protected":false},"excerpt":{"rendered":"<p>Le r\u00e9frig\u00e9rateur HISENSE \u00e0 double porte offre une capacit\u00e9 nette de 466 litres, \u00e9quip\u00e9 d\u2019un compresseur Inverter pour une efficacit\u00e9 \u00e9nerg\u00e9tique accrue. Il dispose \u00e9galement d\u2019un distributeur d\u2019eau pratique et de la fonction NoFrost pour \u00e9viter la formation de givre. Sa finition en inox lui conf\u00e8re un aspect moderne et \u00e9l\u00e9gant<\/p>\n","protected":false},"featured_media":650000766,"template":"","meta":{"_kad_blocks_custom_css":"","_kad_blocks_head_custom_js":"","_kad_blocks_body_custom_js":"","_kad_blocks_footer_custom_js":"","_kadence_starter_templates_imported_post":false,"_kad_post_transparent":"","_kad_post_title":"","_kad_post_layout":"","_kad_post_sidebar_id":"","_kad_post_content_style":"","_kad_post_vertical_padding":"","_kad_post_feature":"","_kad_post_feature_position":"","_kad_post_header":false,"_kad_post_footer":false},"product_brand":[123],"product_cat":[167],"product_tag":[],"class_list":{"0":"post-650000765","1":"product","2":"type-product","3":"status-publish","4":"has-post-thumbnail","6":"product_brand-hisense","7":"product_cat-refrigerateur-mono-porte-double-porte-refrigerateur-gros-electromenager-en","9":"first","10":"instock","11":"shipping-taxable","12":"purchasable","13":"product-type-simple","14":"entry","15":"content-bg","16":"loop-entry"},"taxonomy_info":{"product_brand":[{"value":123,"label":"HISENSE"}],"product_cat":[{"value":167,"label":"R\u00e9frig\u00e9rateur Mono porte, double porte"}]},"featured_image_src_large":["https:\/\/ooasla.com\/wp-content\/uploads\/2025\/06\/RT-T60W-.jpg",1000,1000,false],"author_info":[],"comment_info":"","jetpack_sharing_enabled":true,"_links":{"self":[{"href":"https:\/\/ooasla.com\/en\/wp-json\/wp\/v2\/product\/650000765","targetHints":{"allow":["GET"]}}],"collection":[{"href":"https:\/\/ooasla.com\/en\/wp-json\/wp\/v2\/product"}],"about":[{"href":"https:\/\/ooasla.com\/en\/wp-json\/wp\/v2\/types\/product"}],"wp:featuredmedia":[{"embeddable":true,"href":"https:\/\/ooasla.com\/en\/wp-json\/wp\/v2\/media\/650000766"}],"wp:attachment":[{"href":"https:\/\/ooasla.com\/en\/wp-json\/wp\/v2\/media?parent=650000765"}],"wp:term":[{"taxonomy":"product_brand","embeddable":true,"href":"https:\/\/ooasla.com\/en\/wp-json\/wp\/v2\/product_brand?post=650000765"},{"taxonomy":"product_cat","embeddable":true,"href":"https:\/\/ooasla.com\/en\/wp-json\/wp\/v2\/product_cat?post=650000765"},{"taxonomy":"product_tag","embeddable":true,"href":"https:\/\/ooasla.com\/en\/wp-json\/wp\/v2\/product_tag?post=650000765"}],"curies":[{"name":"wp","href":"https:\/\/api.w.org\/{rel}","templated":true}]}}