{"id":650000761,"date":"2025-04-15T08:58:58","date_gmt":"2025-04-15T08:58:58","guid":{"rendered":"https:\/\/ooasla.com\/?post_type=product&#038;p=650000761"},"modified":"2025-06-08T17:17:24","modified_gmt":"2025-06-08T17:17:24","slug":"tv-hisense-serie-u8h-mini-led-55%e2%80%b3-vidaa-4k-uhd","status":"publish","type":"product","link":"https:\/\/ooasla.com\/en\/product\/tv-hisense-serie-u8h-mini-led-55%e2%80%b3-vidaa-4k-uhd\/","title":{"rendered":"TV HISENSE S\u00e9rie U8H Mini LED \u2013 55\u2033 \u2013 VIDAA \u2013 4K UHD"},"content":{"rendered":"","protected":false},"excerpt":{"rendered":"<p>Le t\u00e9l\u00e9viseur Smart ULED Mini LED de 55 pouces offre une r\u00e9solution 4K (3840 x 2160 pixels) avec une qualit\u00e9 d\u2019image exceptionnelle gr\u00e2ce \u00e0 la technologie Quantum Dot Color. Il est \u00e9quip\u00e9 de VIDAA TV pour une exp\u00e9rience intuitive. De plus, il prend en charge Dolby Vision\u2122 &amp; Atmos pour un son et une image immersifs, ainsi que les standards HDR, HDR10, HDR10+ et HLG pour une qualit\u00e9 d\u2019image exceptionnelle. Dot\u00e9 d\u2019un r\u00e9tro\u00e9clairage Multi-zone Local Dimming Pro, il offre un contraste am\u00e9lior\u00e9. Avec une luminosit\u00e9 de pointe de 1000 nits, il produit des images lumineuses et d\u00e9taill\u00e9es. Il dispose \u00e9galement d\u2019un taux de rafra\u00eechissement de 120 Hz et d\u2019un son multicanal 2.1.2 pour une exp\u00e9rience audiovisuelle immersive. Les fonctionnalit\u00e9s AI Picture Optimization, Freesync Premium et Game Mode Pro am\u00e9liorent encore l\u2019exp\u00e9rience de visionnage. Il appartient \u00e0 la s\u00e9rie U8H.<\/p>\n","protected":false},"featured_media":650000762,"template":"","meta":{"_kad_blocks_custom_css":"","_kad_blocks_head_custom_js":"","_kad_blocks_body_custom_js":"","_kad_blocks_footer_custom_js":"","_kadence_starter_templates_imported_post":false,"_kad_post_transparent":"","_kad_post_title":"","_kad_post_layout":"","_kad_post_sidebar_id":"","_kad_post_content_style":"","_kad_post_vertical_padding":"","_kad_post_feature":"","_kad_post_feature_position":"","_kad_post_header":false,"_kad_post_footer":false},"product_brand":[123],"product_cat":[172],"product_tag":[],"class_list":{"0":"post-650000761","1":"product","2":"type-product","3":"status-publish","4":"has-post-thumbnail","6":"product_brand-hisense","7":"product_cat-tv-tv-son-et-image-en","9":"first","10":"instock","11":"sale","12":"shipping-taxable","13":"purchasable","14":"product-type-simple","15":"entry","16":"content-bg","17":"loop-entry"},"taxonomy_info":{"product_brand":[{"value":123,"label":"HISENSE"}],"product_cat":[{"value":172,"label":"TV"}]},"featured_image_src_large":["https:\/\/ooasla.com\/wp-content\/uploads\/2025\/06\/U8HEF80A17.jpg",1000,1000,false],"author_info":[],"comment_info":"","jetpack_sharing_enabled":true,"_links":{"self":[{"href":"https:\/\/ooasla.com\/en\/wp-json\/wp\/v2\/product\/650000761","targetHints":{"allow":["GET"]}}],"collection":[{"href":"https:\/\/ooasla.com\/en\/wp-json\/wp\/v2\/product"}],"about":[{"href":"https:\/\/ooasla.com\/en\/wp-json\/wp\/v2\/types\/product"}],"wp:featuredmedia":[{"embeddable":true,"href":"https:\/\/ooasla.com\/en\/wp-json\/wp\/v2\/media\/650000762"}],"wp:attachment":[{"href":"https:\/\/ooasla.com\/en\/wp-json\/wp\/v2\/media?parent=650000761"}],"wp:term":[{"taxonomy":"product_brand","embeddable":true,"href":"https:\/\/ooasla.com\/en\/wp-json\/wp\/v2\/product_brand?post=650000761"},{"taxonomy":"product_cat","embeddable":true,"href":"https:\/\/ooasla.com\/en\/wp-json\/wp\/v2\/product_cat?post=650000761"},{"taxonomy":"product_tag","embeddable":true,"href":"https:\/\/ooasla.com\/en\/wp-json\/wp\/v2\/product_tag?post=650000761"}],"curies":[{"name":"wp","href":"https:\/\/api.w.org\/{rel}","templated":true}]}}