{"id":650000712,"date":"2025-04-15T08:58:51","date_gmt":"2025-04-15T08:58:51","guid":{"rendered":"https:\/\/ooasla.com\/?post_type=product&#038;p=650000712"},"modified":"2025-06-08T17:17:20","modified_gmt":"2025-06-08T17:17:20","slug":"air-fryer-cristor-7-2l","status":"publish","type":"product","link":"https:\/\/ooasla.com\/en\/product\/air-fryer-cristor-7-2l\/","title":{"rendered":"Air Fryer CRISTOR 7.2L"},"content":{"rendered":"","protected":false},"excerpt":{"rendered":"<p>D\u00e9couvrez notre friteuse \u00e0 air de 7,2 litres, parfaite pour les grandes famille . Sa puissance de 1650 W assure une cuisson rapide et homog\u00e8ne avec un ventilation 3d\u00a0 ,et avec un design moderne plastique et inox ,\u00a0 offrant des aliments croustillants \u00e0 l\u2019ext\u00e9rieur et tendres \u00e0 l\u2019int\u00e9rieur donne un esprit classique et attractive . \u00a0Sa structure en inox et plastique allie durabilit\u00e9 et \u00e9l\u00e9gance, avec un contr\u00f4le m\u00e9canique tandis que le syst\u00e8me de Minuterie int\u00e9gr\u00e9e\u00a0 programmable jusqu\u2019\u00e0 30 minutes\u00a0 ,\u00a0 un syst\u00e8me garantissant une utilisation en toute s\u00e9curit\u00e9 avec un arr\u00eat automatique\u00a0 .<\/p>\n","protected":false},"featured_media":650000713,"template":"","meta":{"_kad_blocks_custom_css":"","_kad_blocks_head_custom_js":"","_kad_blocks_body_custom_js":"","_kad_blocks_footer_custom_js":"","_kadence_starter_templates_imported_post":false,"_kad_post_transparent":"","_kad_post_title":"","_kad_post_layout":"","_kad_post_sidebar_id":"","_kad_post_content_style":"","_kad_post_vertical_padding":"","_kad_post_feature":"","_kad_post_feature_position":"","_kad_post_header":false,"_kad_post_footer":false},"product_brand":[89],"product_cat":[146],"product_tag":[],"class_list":{"0":"post-650000712","1":"product","2":"type-product","3":"status-publish","4":"has-post-thumbnail","6":"product_brand-promo-ramadan","7":"product_cat-air-fryer-appareil-de-cuisson-petit-electromenager-en","9":"first","10":"instock","11":"shipping-taxable","12":"purchasable","13":"product-type-simple","14":"entry","15":"content-bg","16":"loop-entry"},"taxonomy_info":{"product_brand":[{"value":89,"label":"Promo Ramadan"}],"product_cat":[{"value":146,"label":"Air fryer"}]},"featured_image_src_large":["https:\/\/ooasla.com\/wp-content\/uploads\/2025\/06\/WhatsApp-Image-2024-12-18-at-14.43.47.jpeg",834,834,false],"author_info":[],"comment_info":"","jetpack_sharing_enabled":true,"_links":{"self":[{"href":"https:\/\/ooasla.com\/en\/wp-json\/wp\/v2\/product\/650000712","targetHints":{"allow":["GET"]}}],"collection":[{"href":"https:\/\/ooasla.com\/en\/wp-json\/wp\/v2\/product"}],"about":[{"href":"https:\/\/ooasla.com\/en\/wp-json\/wp\/v2\/types\/product"}],"wp:featuredmedia":[{"embeddable":true,"href":"https:\/\/ooasla.com\/en\/wp-json\/wp\/v2\/media\/650000713"}],"wp:attachment":[{"href":"https:\/\/ooasla.com\/en\/wp-json\/wp\/v2\/media?parent=650000712"}],"wp:term":[{"taxonomy":"product_brand","embeddable":true,"href":"https:\/\/ooasla.com\/en\/wp-json\/wp\/v2\/product_brand?post=650000712"},{"taxonomy":"product_cat","embeddable":true,"href":"https:\/\/ooasla.com\/en\/wp-json\/wp\/v2\/product_cat?post=650000712"},{"taxonomy":"product_tag","embeddable":true,"href":"https:\/\/ooasla.com\/en\/wp-json\/wp\/v2\/product_tag?post=650000712"}],"curies":[{"name":"wp","href":"https:\/\/api.w.org\/{rel}","templated":true}]}}