{"id":650000691,"date":"2025-04-15T08:58:48","date_gmt":"2025-04-15T08:58:48","guid":{"rendered":"https:\/\/ooasla.com\/?post_type=product&#038;p=650000691"},"modified":"2025-06-08T17:17:18","modified_gmt":"2025-06-08T17:17:18","slug":"machine-a-cafe-2en1-nardi-20bar-1400w-inox","status":"publish","type":"product","link":"https:\/\/ooasla.com\/en\/product\/machine-a-cafe-2en1-nardi-20bar-1400w-inox\/","title":{"rendered":"Machine \u00e0 Caf\u00e9 2en1 NARDI 20bar-1400W-Inox"},"content":{"rendered":"","protected":false},"excerpt":{"rendered":"<p>D\u00e9gustez un caf\u00e9 chaud, savoureux et personnalis\u00e9 en toute simplicit\u00e9 avec la machine \u00e0 caf\u00e9 2en1 NARDI . Sa puissance de 1400W et sa pression de 20bars garantissent une extraction optimale en quelques secondes pour un caf\u00e9 riche en ar\u00f4mes. Elle est dot\u00e9e d\u2019un r\u00e9servoir d\u2019eau amovible pour un remplissage facile. Elle dispose aussi d\u2019un panneau de commande intuitif avec des boutons et un manom\u00e8tre pour contr\u00f4ler la pression. Son design compact qui convient \u00e0 tous les styles de d\u00e9coration.<\/p>\n","protected":false},"featured_media":650000692,"template":"","meta":{"_kad_blocks_custom_css":"","_kad_blocks_head_custom_js":"","_kad_blocks_body_custom_js":"","_kad_blocks_footer_custom_js":"","_kadence_starter_templates_imported_post":false,"_kad_post_transparent":"","_kad_post_title":"","_kad_post_layout":"","_kad_post_sidebar_id":"","_kad_post_content_style":"","_kad_post_vertical_padding":"","_kad_post_feature":"","_kad_post_feature_position":"","_kad_post_header":false,"_kad_post_footer":false},"product_brand":[124],"product_cat":[155],"product_tag":[],"class_list":{"0":"post-650000691","1":"product","2":"type-product","3":"status-publish","4":"has-post-thumbnail","6":"product_brand-nardi","7":"product_cat-machine-a-cafe-capsule-machine-a-cafe-petit-electromenager-en","9":"first","10":"instock","11":"shipping-taxable","12":"purchasable","13":"product-type-simple","14":"entry","15":"content-bg","16":"loop-entry"},"taxonomy_info":{"product_brand":[{"value":124,"label":"NARDI"}],"product_cat":[{"value":155,"label":"Machine \u00e0 caf\u00e9 capsule"}]},"featured_image_src_large":["https:\/\/ooasla.com\/wp-content\/uploads\/2025\/06\/nardi-6-scaled-1.png",1024,765,false],"author_info":[],"comment_info":"","jetpack_sharing_enabled":true,"_links":{"self":[{"href":"https:\/\/ooasla.com\/en\/wp-json\/wp\/v2\/product\/650000691","targetHints":{"allow":["GET"]}}],"collection":[{"href":"https:\/\/ooasla.com\/en\/wp-json\/wp\/v2\/product"}],"about":[{"href":"https:\/\/ooasla.com\/en\/wp-json\/wp\/v2\/types\/product"}],"wp:featuredmedia":[{"embeddable":true,"href":"https:\/\/ooasla.com\/en\/wp-json\/wp\/v2\/media\/650000692"}],"wp:attachment":[{"href":"https:\/\/ooasla.com\/en\/wp-json\/wp\/v2\/media?parent=650000691"}],"wp:term":[{"taxonomy":"product_brand","embeddable":true,"href":"https:\/\/ooasla.com\/en\/wp-json\/wp\/v2\/product_brand?post=650000691"},{"taxonomy":"product_cat","embeddable":true,"href":"https:\/\/ooasla.com\/en\/wp-json\/wp\/v2\/product_cat?post=650000691"},{"taxonomy":"product_tag","embeddable":true,"href":"https:\/\/ooasla.com\/en\/wp-json\/wp\/v2\/product_tag?post=650000691"}],"curies":[{"name":"wp","href":"https:\/\/api.w.org\/{rel}","templated":true}]}}