{"id":650000683,"date":"2025-04-15T08:58:47","date_gmt":"2025-04-15T08:58:47","guid":{"rendered":"https:\/\/ooasla.com\/?post_type=product&#038;p=650000683"},"modified":"2025-06-08T17:17:17","modified_gmt":"2025-06-08T17:17:17","slug":"refrigerateur-condor-double-porte-564-l-nofrost-inox","status":"publish","type":"product","link":"https:\/\/ooasla.com\/en\/product\/refrigerateur-condor-double-porte-564-l-nofrost-inox\/","title":{"rendered":"R\u00e9frig\u00e9rateur CONDOR Double porte -564 L \u2013 Nofrost \u2013 INOX"},"content":{"rendered":"","protected":false},"excerpt":{"rendered":"<p>Le r\u00e9frig\u00e9rateur double porte de Condor, d\u2019une capacit\u00e9 nette de 564 litres, \u00e9quip\u00e9 d\u2019un compresseur Inverter\u00a0 pour une efficacit\u00e9 \u00e9nerg\u00e9tique accrue. et la technologie No Frost, \u00e9liminant la formation de givre pour un entretien plus facile. Class\u00e9 en cat\u00e9gorie \u00e9nerg\u00e9tique A+ pour son efficacit\u00e9 \u00e9nerg\u00e9tique, \u00e9quip\u00e9 d\u2019un afficheur digital ,Offrant une ma\u00eetrise parfaite de la temp\u00e9rature , sa finition en inox lui conf\u00e8re un aspect moderne et \u00e9pur\u00e9, id\u00e9al pour s\u2019int\u00e9grer dans divers espaces domestique .<\/p>\n","protected":false},"featured_media":650000684,"template":"","meta":{"_kad_blocks_custom_css":"","_kad_blocks_head_custom_js":"","_kad_blocks_body_custom_js":"","_kad_blocks_footer_custom_js":"","_kadence_starter_templates_imported_post":false,"_kad_post_transparent":"","_kad_post_title":"","_kad_post_layout":"","_kad_post_sidebar_id":"","_kad_post_content_style":"","_kad_post_vertical_padding":"","_kad_post_feature":"","_kad_post_feature_position":"","_kad_post_header":false,"_kad_post_footer":false},"product_brand":[86],"product_cat":[167],"product_tag":[],"class_list":{"0":"post-650000683","1":"product","2":"type-product","3":"status-publish","4":"has-post-thumbnail","6":"product_brand-condor","7":"product_cat-refrigerateur-mono-porte-double-porte-refrigerateur-gros-electromenager-en","9":"first","10":"instock","11":"shipping-taxable","12":"purchasable","13":"product-type-simple","14":"entry","15":"content-bg","16":"loop-entry"},"taxonomy_info":{"product_brand":[{"value":86,"label":"CONDOR"}],"product_cat":[{"value":167,"label":"R\u00e9frig\u00e9rateur Mono porte, double porte"}]},"featured_image_src_large":["https:\/\/ooasla.com\/wp-content\/uploads\/2025\/06\/CRDN-760N-400.jpg",600,600,false],"author_info":[],"comment_info":"","jetpack_sharing_enabled":true,"_links":{"self":[{"href":"https:\/\/ooasla.com\/en\/wp-json\/wp\/v2\/product\/650000683","targetHints":{"allow":["GET"]}}],"collection":[{"href":"https:\/\/ooasla.com\/en\/wp-json\/wp\/v2\/product"}],"about":[{"href":"https:\/\/ooasla.com\/en\/wp-json\/wp\/v2\/types\/product"}],"wp:featuredmedia":[{"embeddable":true,"href":"https:\/\/ooasla.com\/en\/wp-json\/wp\/v2\/media\/650000684"}],"wp:attachment":[{"href":"https:\/\/ooasla.com\/en\/wp-json\/wp\/v2\/media?parent=650000683"}],"wp:term":[{"taxonomy":"product_brand","embeddable":true,"href":"https:\/\/ooasla.com\/en\/wp-json\/wp\/v2\/product_brand?post=650000683"},{"taxonomy":"product_cat","embeddable":true,"href":"https:\/\/ooasla.com\/en\/wp-json\/wp\/v2\/product_cat?post=650000683"},{"taxonomy":"product_tag","embeddable":true,"href":"https:\/\/ooasla.com\/en\/wp-json\/wp\/v2\/product_tag?post=650000683"}],"curies":[{"name":"wp","href":"https:\/\/api.w.org\/{rel}","templated":true}]}}