{"id":650000663,"date":"2025-04-15T08:58:46","date_gmt":"2025-04-15T08:58:46","guid":{"rendered":"https:\/\/ooasla.com\/?post_type=product&#038;p=650000663"},"modified":"2025-06-08T17:17:16","modified_gmt":"2025-06-08T17:17:16","slug":"tv-cristor-serie-v8-dled-75%e2%80%b3-android-tv-4k-uhd","status":"publish","type":"product","link":"https:\/\/ooasla.com\/en\/product\/tv-cristor-serie-v8-dled-75%e2%80%b3-android-tv-4k-uhd\/","title":{"rendered":"TV CRISTOR S\u00e9rie V8 DLED \u2013 75\u2033 \u2013 ANDROID TV \u2013 4K UHD"},"content":{"rendered":"","protected":false},"excerpt":{"rendered":"<p>La s\u00e9rie V8 de 75 pouces, dot\u00e9e d\u2019un \u00e9cran 4K de haute qualit\u00e9 avec prise en charge HDR10 et HLG pour des images saisissantes. Profitez d\u2019un son immersif gr\u00e2ce aux d\u00e9codeurs Dolby et Dolby Plus. Fonctionnant sous Android 11, cette TV offre un acc\u00e8s \u00e0 un large \u00e9cosyst\u00e8me d\u2019applications et de services de streaming. Son design \u00e9l\u00e9gant et sans cadre en fait un choix id\u00e9al pour une client\u00e8le premium.<\/p>\n","protected":false},"featured_media":650000664,"template":"","meta":{"_kad_blocks_custom_css":"","_kad_blocks_head_custom_js":"","_kad_blocks_body_custom_js":"","_kad_blocks_footer_custom_js":"","_kadence_starter_templates_imported_post":false,"_kad_post_transparent":"","_kad_post_title":"","_kad_post_layout":"","_kad_post_sidebar_id":"","_kad_post_content_style":"","_kad_post_vertical_padding":"","_kad_post_feature":"","_kad_post_feature_position":"","_kad_post_header":false,"_kad_post_footer":false},"product_brand":[98],"product_cat":[172],"product_tag":[],"class_list":{"0":"post-650000663","1":"product","2":"type-product","3":"status-publish","4":"has-post-thumbnail","6":"product_brand-cristor","7":"product_cat-tv-tv-son-et-image-en","9":"first","10":"instock","11":"shipping-taxable","12":"purchasable","13":"product-type-simple","14":"entry","15":"content-bg","16":"loop-entry"},"taxonomy_info":{"product_brand":[{"value":98,"label":"CRISTOR"}],"product_cat":[{"value":172,"label":"TV"}]},"featured_image_src_large":["https:\/\/ooasla.com\/wp-content\/uploads\/2025\/06\/P75V8.jpg",1000,1000,false],"author_info":[],"comment_info":"","jetpack_sharing_enabled":true,"_links":{"self":[{"href":"https:\/\/ooasla.com\/en\/wp-json\/wp\/v2\/product\/650000663","targetHints":{"allow":["GET"]}}],"collection":[{"href":"https:\/\/ooasla.com\/en\/wp-json\/wp\/v2\/product"}],"about":[{"href":"https:\/\/ooasla.com\/en\/wp-json\/wp\/v2\/types\/product"}],"wp:featuredmedia":[{"embeddable":true,"href":"https:\/\/ooasla.com\/en\/wp-json\/wp\/v2\/media\/650000664"}],"wp:attachment":[{"href":"https:\/\/ooasla.com\/en\/wp-json\/wp\/v2\/media?parent=650000663"}],"wp:term":[{"taxonomy":"product_brand","embeddable":true,"href":"https:\/\/ooasla.com\/en\/wp-json\/wp\/v2\/product_brand?post=650000663"},{"taxonomy":"product_cat","embeddable":true,"href":"https:\/\/ooasla.com\/en\/wp-json\/wp\/v2\/product_cat?post=650000663"},{"taxonomy":"product_tag","embeddable":true,"href":"https:\/\/ooasla.com\/en\/wp-json\/wp\/v2\/product_tag?post=650000663"}],"curies":[{"name":"wp","href":"https:\/\/api.w.org\/{rel}","templated":true}]}}