{"id":650000619,"date":"2025-04-15T08:58:38","date_gmt":"2025-04-15T08:58:38","guid":{"rendered":"https:\/\/ooasla.com\/?post_type=product&#038;p=650000619"},"modified":"2025-06-08T17:17:10","modified_gmt":"2025-06-08T17:17:10","slug":"machine-a-laver-condor-top-loading-105-kg-darck-silver","status":"publish","type":"product","link":"https:\/\/ooasla.com\/en\/product\/machine-a-laver-condor-top-loading-105-kg-darck-silver\/","title":{"rendered":"Machine \u00e0 Laver CONDOR Top loading \u2013 10,5 kg \u2013 Darck Silver"},"content":{"rendered":"","protected":false},"excerpt":{"rendered":"<p>Plongez dans l\u2019efficacit\u00e9 avec la machine \u00e0 laver CONDOR Top loading de 10 kg : une solution rapide et spacieuse pour vos lavage. \u00c9quip\u00e9e d\u2019une pompe de drainage qui assure une \u00e9vacuation d\u2019eau fluide et efficace, rendant votre exp\u00e9rience de lavage encore plus pratique et sans tracas.<\/p>\n","protected":false},"featured_media":650000620,"template":"","meta":{"_kad_blocks_custom_css":"","_kad_blocks_head_custom_js":"","_kad_blocks_body_custom_js":"","_kad_blocks_footer_custom_js":"","_kadence_starter_templates_imported_post":false,"_kad_post_transparent":"","_kad_post_title":"","_kad_post_layout":"","_kad_post_sidebar_id":"","_kad_post_content_style":"","_kad_post_vertical_padding":"","_kad_post_feature":"","_kad_post_feature_position":"","_kad_post_header":false,"_kad_post_footer":false},"product_brand":[86],"product_cat":[166],"product_tag":[],"class_list":{"0":"post-650000619","1":"product","2":"type-product","3":"status-publish","4":"has-post-thumbnail","6":"product_brand-condor","7":"product_cat-lave-linge-top-loading-machine-a-laver-gros-electromenager-en","9":"first","10":"instock","11":"shipping-taxable","12":"purchasable","13":"product-type-simple","14":"entry","15":"content-bg","16":"loop-entry"},"taxonomy_info":{"product_brand":[{"value":86,"label":"CONDOR"}],"product_cat":[{"value":166,"label":"lave- linge top loading"}]},"featured_image_src_large":["https:\/\/ooasla.com\/wp-content\/uploads\/2025\/06\/MS35G-1.jpg",1000,1000,false],"author_info":[],"comment_info":"","jetpack_sharing_enabled":true,"_links":{"self":[{"href":"https:\/\/ooasla.com\/en\/wp-json\/wp\/v2\/product\/650000619","targetHints":{"allow":["GET"]}}],"collection":[{"href":"https:\/\/ooasla.com\/en\/wp-json\/wp\/v2\/product"}],"about":[{"href":"https:\/\/ooasla.com\/en\/wp-json\/wp\/v2\/types\/product"}],"wp:featuredmedia":[{"embeddable":true,"href":"https:\/\/ooasla.com\/en\/wp-json\/wp\/v2\/media\/650000620"}],"wp:attachment":[{"href":"https:\/\/ooasla.com\/en\/wp-json\/wp\/v2\/media?parent=650000619"}],"wp:term":[{"taxonomy":"product_brand","embeddable":true,"href":"https:\/\/ooasla.com\/en\/wp-json\/wp\/v2\/product_brand?post=650000619"},{"taxonomy":"product_cat","embeddable":true,"href":"https:\/\/ooasla.com\/en\/wp-json\/wp\/v2\/product_cat?post=650000619"},{"taxonomy":"product_tag","embeddable":true,"href":"https:\/\/ooasla.com\/en\/wp-json\/wp\/v2\/product_tag?post=650000619"}],"curies":[{"name":"wp","href":"https:\/\/api.w.org\/{rel}","templated":true}]}}