{"id":650000597,"date":"2025-04-15T08:58:36","date_gmt":"2025-04-15T08:58:36","guid":{"rendered":"https:\/\/ooasla.com\/?post_type=product&#038;p=650000597"},"modified":"2025-06-08T17:17:09","modified_gmt":"2025-06-08T17:17:09","slug":"machine-a-laver-nardi-automatique-top-loading-8kg-lavage-blanche","status":"publish","type":"product","link":"https:\/\/ooasla.com\/en\/product\/machine-a-laver-nardi-automatique-top-loading-8kg-lavage-blanche\/","title":{"rendered":"Machine \u00e0 Laver NARDI Automatique Top Loading-8Kg Lavage-Blanche"},"content":{"rendered":"","protected":false},"excerpt":{"rendered":"<p>D\u00e9couvrez la machine \u00e0 Laver NARDI automatique Top Loading Europ\u00e9enne, compacte, \u00e9l\u00e9gante et unique en Alg\u00e9rie avec une capacit\u00e9 SPACIEUSE de 8kg avec seulement 40cm !<br \/>\nLa machine \u00e0 Laver NARDI est un excellent choix pour les familles nombreuses ou pour les personnes qui recherchent un lave-linge \u00e9conomique et performant. Elle offre une vari\u00e9t\u00e9 de programmes et des fonctions utiles. Son design compact et sa couleur blanche lui permettent de s\u2019int\u00e9grer facilement \u00e0 tous les espaces.<br \/>\nOptez pour l\u2019excellence , optez pour le style italien !<\/p>\n","protected":false},"featured_media":650000598,"template":"","meta":{"_kad_blocks_custom_css":"","_kad_blocks_head_custom_js":"","_kad_blocks_body_custom_js":"","_kad_blocks_footer_custom_js":"","_kadence_starter_templates_imported_post":false,"_kad_post_transparent":"","_kad_post_title":"","_kad_post_layout":"","_kad_post_sidebar_id":"","_kad_post_content_style":"","_kad_post_vertical_padding":"","_kad_post_feature":"","_kad_post_feature_position":"","_kad_post_header":false,"_kad_post_footer":false},"product_brand":[124],"product_cat":[166],"product_tag":[],"class_list":{"0":"post-650000597","1":"product","2":"type-product","3":"status-publish","4":"has-post-thumbnail","6":"product_brand-nardi","7":"product_cat-lave-linge-top-loading-machine-a-laver-gros-electromenager-en","9":"first","10":"instock","11":"shipping-taxable","12":"purchasable","13":"product-type-simple","14":"entry","15":"content-bg","16":"loop-entry"},"taxonomy_info":{"product_brand":[{"value":124,"label":"NARDI"}],"product_cat":[{"value":166,"label":"lave- linge top loading"}]},"featured_image_src_large":["https:\/\/ooasla.com\/wp-content\/uploads\/2025\/06\/NLAT-KE10W-1.png",983,1024,false],"author_info":[],"comment_info":"","jetpack_sharing_enabled":true,"_links":{"self":[{"href":"https:\/\/ooasla.com\/en\/wp-json\/wp\/v2\/product\/650000597","targetHints":{"allow":["GET"]}}],"collection":[{"href":"https:\/\/ooasla.com\/en\/wp-json\/wp\/v2\/product"}],"about":[{"href":"https:\/\/ooasla.com\/en\/wp-json\/wp\/v2\/types\/product"}],"wp:featuredmedia":[{"embeddable":true,"href":"https:\/\/ooasla.com\/en\/wp-json\/wp\/v2\/media\/650000598"}],"wp:attachment":[{"href":"https:\/\/ooasla.com\/en\/wp-json\/wp\/v2\/media?parent=650000597"}],"wp:term":[{"taxonomy":"product_brand","embeddable":true,"href":"https:\/\/ooasla.com\/en\/wp-json\/wp\/v2\/product_brand?post=650000597"},{"taxonomy":"product_cat","embeddable":true,"href":"https:\/\/ooasla.com\/en\/wp-json\/wp\/v2\/product_cat?post=650000597"},{"taxonomy":"product_tag","embeddable":true,"href":"https:\/\/ooasla.com\/en\/wp-json\/wp\/v2\/product_tag?post=650000597"}],"curies":[{"name":"wp","href":"https:\/\/api.w.org\/{rel}","templated":true}]}}