{"id":650000561,"date":"2025-04-15T08:58:28","date_gmt":"2025-04-15T08:58:28","guid":{"rendered":"https:\/\/ooasla.com\/?post_type=product&#038;p=650000561"},"modified":"2025-06-08T17:17:06","modified_gmt":"2025-06-08T17:17:06","slug":"machine-a-cafe-barista-2-en1-condor-robusta-series-capsules-et-cafe-moulu-20-bars-1100-w-noire","status":"publish","type":"product","link":"https:\/\/ooasla.com\/en\/product\/machine-a-cafe-barista-2-en1-condor-robusta-series-capsules-et-cafe-moulu-20-bars-1100-w-noire\/","title":{"rendered":"Machine A Caf\u00e9 Barista 2 en1 CONDOR \u2013 ROBUSTA SERIES -Capsules et Caf\u00e9 moulu -20 BARS-1100 W- Noire"},"content":{"rendered":"","protected":false},"excerpt":{"rendered":"<p>D\u00e9couvrez la machine \u00e0 caf\u00e9 Barista 2 en 1 de la serie ROBUSTA\u00a0 de Condor, offrant une puissance de 1100W et une pression de 20 bars pour une qualit\u00e9 de caf\u00e9 optimale. Cette machine allie polyvalence et performance, permettant de choisir entre caf\u00e9 moulu et capsules pour une exp\u00e9rience caf\u00e9 exceptionnelle.<\/p>\n","protected":false},"featured_media":650000562,"template":"","meta":{"_kad_blocks_custom_css":"","_kad_blocks_head_custom_js":"","_kad_blocks_body_custom_js":"","_kad_blocks_footer_custom_js":"","_kadence_starter_templates_imported_post":false,"_kad_post_transparent":"","_kad_post_title":"","_kad_post_layout":"","_kad_post_sidebar_id":"","_kad_post_content_style":"","_kad_post_vertical_padding":"","_kad_post_feature":"","_kad_post_feature_position":"","_kad_post_header":false,"_kad_post_footer":false},"product_brand":[86],"product_cat":[155],"product_tag":[],"class_list":{"0":"post-650000561","1":"product","2":"type-product","3":"status-publish","4":"has-post-thumbnail","6":"product_brand-condor","7":"product_cat-machine-a-cafe-capsule-machine-a-cafe-petit-electromenager-en","9":"first","10":"instock","11":"shipping-taxable","12":"purchasable","13":"product-type-simple","14":"entry","15":"content-bg","16":"loop-entry"},"taxonomy_info":{"product_brand":[{"value":86,"label":"CONDOR"}],"product_cat":[{"value":155,"label":"Machine \u00e0 caf\u00e9 capsule"}]},"featured_image_src_large":["https:\/\/ooasla.com\/wp-content\/uploads\/2025\/06\/NOIRE.jpg",1000,1000,false],"author_info":[],"comment_info":"","jetpack_sharing_enabled":true,"_links":{"self":[{"href":"https:\/\/ooasla.com\/en\/wp-json\/wp\/v2\/product\/650000561","targetHints":{"allow":["GET"]}}],"collection":[{"href":"https:\/\/ooasla.com\/en\/wp-json\/wp\/v2\/product"}],"about":[{"href":"https:\/\/ooasla.com\/en\/wp-json\/wp\/v2\/types\/product"}],"wp:featuredmedia":[{"embeddable":true,"href":"https:\/\/ooasla.com\/en\/wp-json\/wp\/v2\/media\/650000562"}],"wp:attachment":[{"href":"https:\/\/ooasla.com\/en\/wp-json\/wp\/v2\/media?parent=650000561"}],"wp:term":[{"taxonomy":"product_brand","embeddable":true,"href":"https:\/\/ooasla.com\/en\/wp-json\/wp\/v2\/product_brand?post=650000561"},{"taxonomy":"product_cat","embeddable":true,"href":"https:\/\/ooasla.com\/en\/wp-json\/wp\/v2\/product_cat?post=650000561"},{"taxonomy":"product_tag","embeddable":true,"href":"https:\/\/ooasla.com\/en\/wp-json\/wp\/v2\/product_tag?post=650000561"}],"curies":[{"name":"wp","href":"https:\/\/api.w.org\/{rel}","templated":true}]}}