{"id":650000508,"date":"2025-04-15T08:58:23","date_gmt":"2025-04-15T08:58:23","guid":{"rendered":"https:\/\/ooasla.com\/?post_type=product&#038;p=650000508"},"modified":"2025-06-08T17:16:59","modified_gmt":"2025-06-08T17:16:59","slug":"seb-clipsominut-duo-5l-cocotte-minute-bleu-boreal","status":"publish","type":"product","link":"https:\/\/ooasla.com\/en\/product\/seb-clipsominut-duo-5l-cocotte-minute-bleu-boreal\/","title":{"rendered":"SEB CLIPSOMINUT\u2019\u00ae DUO 5L Cocotte-minute\u00ae Bleu Bor\u00e9al"},"content":{"rendered":"","protected":false},"excerpt":{"rendered":"<p>SEB ClipsoMinut\u2019\u00ae DUO 5L 2-en-1 Cocotte-minute\u00ae et cuisson lente, 3-5 personnes<br \/>\nGAGNEZ DU TEMPS : Cuisinez de d\u00e9licieux repas en deux fois moins de temps (par rapport \u00e0 un faitout Tefal standard), gr\u00e2ce au couvercle de cuisson sous pression.<br \/>\n2-en-1 CUISSON LENTE ET EXPRESS : Le s\u00e9lecteur intelligent de mode de cuisson vous permet de choisir entre une cuisson lente et d\u00e9licieuse \u00e0 l\u2019\u00e9touff\u00e9e ou une cuisson express \u00e0 la vapeur d\u2019un simple tour de molette.<br \/>\nJUSQU\u2019\u00c0 80 % DE VITAMINES PR\u00c9SERV\u00c9ES : En conservant une grande partie des bienfaits des ingr\u00e9dients, cette cocotte-minute\u00ae ne fait aucun compromis sur la valeur nutritionnelle de vos plats.<br \/>\nFABRIQUE EN FRANCE POUR DURER : Utilisation d\u2019aluminium de haute qualit\u00e9 avec un engagement de r\u00e9parabilit\u00e9 de 15 ans \u00e0 un prix juste, et test\u00e9 pour 30 ans de s\u00e9curit\u00e9.<br \/>\nSYST\u00c8ME DE S\u00c9CURIT\u00c9 : La cuisson express ne peut commencer que lorsque le couvercle est ferm\u00e9 et verrouill\u00e9. La soupape de fonctionnement r\u00e9gule la pression. En cas d\u2019obstruction de la sortie de vapeur, la soupape de s\u00e9curit\u00e9 prend le relais, suivie \u00e0 terme par la d\u00e9formation du joint, garantissant ainsi la s\u00e9curit\u00e9. Enfin, la poign\u00e9e d\u2019ouverture ne peut \u00eatre actionn\u00e9e que lorsque l\u2019autocuiseur n\u2019est pas sous pression.<br \/>\nOUVERTURE ET FERMETURE FACILES D\u2019UNE MAIN : Utilisez votre cocotte-minute\u00ae en toute tranquillit\u00e9 et confort, gr\u00e2ce \u00e0 une ouverture\/fermeture s\u00fbre d\u2019une seule main.<br \/>\nFACILE \u00c0 NETTOYER : Lavable au lave-vaisselle et dot\u00e9 d\u2019un rev\u00eatement antiadh\u00e9sif Titanium facilitant le nettoyage (\u00e0 l\u2019exception du couvercle, qui doit \u00eatre lav\u00e9 avec de l\u2019eau et du savon).<br \/>\nCOMPATIBILIT\u00c9 TOTALE : Compatible avec les plaques de cuisson au gaz, \u00e9lectriques, vitroc\u00e9ramique et \u00e0 induction.<br \/>\nTROUVEZ TOUJOURS L\u2019INSPIRATION : livre de recettes inclus avec 110 recettes et acc\u00e8s gratuit \u00e0 l\u2019application SEB avec plus de 400 recettes disponibles, des soupes et verrines aux viandes et poissons, en passant par le desserts<br \/>\nJUSQU\u2019A 2X MOINS DE CONSOMMATION D\u2019ENERGIE : Gr\u00e2ce \u00e0 la cuisson sous pression, utilisez jusqu\u2019\u00e0 50 % d\u2019\u00e9nergie en moins. Par rapport \u00e0 un faitout Tefal standard.<br \/>\nACCESSOIRES COMPATIBLES : panier vapeur , joint , soupape , minuteur<\/p>\n","protected":false},"featured_media":650000509,"template":"","meta":{"_kad_blocks_custom_css":"","_kad_blocks_head_custom_js":"","_kad_blocks_body_custom_js":"","_kad_blocks_footer_custom_js":"","_kadence_starter_templates_imported_post":false,"_kad_post_transparent":"","_kad_post_title":"","_kad_post_layout":"","_kad_post_sidebar_id":"","_kad_post_content_style":"","_kad_post_vertical_padding":"","_kad_post_feature":"","_kad_post_feature_position":"","_kad_post_header":false,"_kad_post_footer":false},"product_brand":[103],"product_cat":[144],"product_tag":[],"class_list":{"0":"post-650000508","1":"product","2":"type-product","3":"status-publish","4":"has-post-thumbnail","6":"product_brand-seb","7":"product_cat-cocotte-cocotte-minute-ustensils-de-cuisine-en","9":"first","10":"instock","11":"shipping-taxable","12":"purchasable","13":"product-type-simple","14":"entry","15":"content-bg","16":"loop-entry"},"taxonomy_info":{"product_brand":[{"value":103,"label":"SEB"}],"product_cat":[{"value":144,"label":"Cocotte, cocotte minute"}]},"featured_image_src_large":["https:\/\/ooasla.com\/wp-content\/uploads\/2025\/06\/1-1-1.jpg",680,680,false],"author_info":[],"comment_info":"","jetpack_sharing_enabled":true,"_links":{"self":[{"href":"https:\/\/ooasla.com\/en\/wp-json\/wp\/v2\/product\/650000508","targetHints":{"allow":["GET"]}}],"collection":[{"href":"https:\/\/ooasla.com\/en\/wp-json\/wp\/v2\/product"}],"about":[{"href":"https:\/\/ooasla.com\/en\/wp-json\/wp\/v2\/types\/product"}],"wp:featuredmedia":[{"embeddable":true,"href":"https:\/\/ooasla.com\/en\/wp-json\/wp\/v2\/media\/650000509"}],"wp:attachment":[{"href":"https:\/\/ooasla.com\/en\/wp-json\/wp\/v2\/media?parent=650000508"}],"wp:term":[{"taxonomy":"product_brand","embeddable":true,"href":"https:\/\/ooasla.com\/en\/wp-json\/wp\/v2\/product_brand?post=650000508"},{"taxonomy":"product_cat","embeddable":true,"href":"https:\/\/ooasla.com\/en\/wp-json\/wp\/v2\/product_cat?post=650000508"},{"taxonomy":"product_tag","embeddable":true,"href":"https:\/\/ooasla.com\/en\/wp-json\/wp\/v2\/product_tag?post=650000508"}],"curies":[{"name":"wp","href":"https:\/\/api.w.org\/{rel}","templated":true}]}}