{"id":650000504,"date":"2025-04-15T08:58:23","date_gmt":"2025-04-15T08:58:23","guid":{"rendered":"https:\/\/ooasla.com\/?post_type=product&#038;p=650000504"},"modified":"2025-06-08T17:16:59","modified_gmt":"2025-06-08T17:16:59","slug":"seb-autocuiseur-clipso-minut-perfect-viole-75l","status":"publish","type":"product","link":"https:\/\/ooasla.com\/en\/product\/seb-autocuiseur-clipso-minut-perfect-viole-75l\/","title":{"rendered":"SEB Autocuiseur Clipso Minut Perfect Viole \u2013 7,5L"},"content":{"rendered":"","protected":false},"excerpt":{"rendered":"<p>SEB CLIPSOMINUT\u2019 PERFECT violet Cocotte-minute\u00ae 7,5L Induction + Livre 100 recettes Autocuiseur<br \/>\nFabriqu\u00e9 en France Facile \u00e0 utiliser Minuteur P4620800<br \/>\nCUISSON SOUS PRESSION : cocotte-minute 7,5L con\u00e7ue pour cuire facilement et jusqu\u2019\u00e0 2 fois plus rapidement (qu\u2019un faitout Tefal standard) une grande vari\u00e9t\u00e9 de plats<br \/>\nR\u00c9SULTATS CULINAIRES MA\u00ceTRIS\u00c9S : le minuteur amovible qui se d\u00e9clenche automatiquement lorsqu la vapeur est lib\u00e9r\u00e9e permet de r\u00e9gler le temps de cuisson, de savoir lorsqu\u2019il faut r\u00e9duire la source de chaleur et d\u2019\u00eatre pr\u00e9venu quand la cuisson est termin\u00e9e.<br \/>\nJUSQU\u2019\u00c0 80 %* DE VITAMINES PR\u00c9SERV\u00c9ES : En conservant une grande partie des bienfaits des ingr\u00e9dients, cet autocuiseur pr\u00e9serve la valeur nutritionnelle de vos repas (*par rapport \u00e0 un faitout Tefal standard)<br \/>\nFABRIQU\u00c9 EN FRANCE POUR DURER : en acier inoxydable de haute qualit\u00e9 avec un engagement de r\u00e9parabilit\u00e9 de 15 ans \u00e0 un prix juste, et test\u00e9 pour 30 ans de s\u00e9curit\u00e9 avec une garantie de 10 ans<br \/>\nOUVERTURE ET FERMETURE FACILES D\u2019UNE SEULE MAIN : pratique et facile d\u2019utilisation, gr\u00e2ce \u00e0 l\u2019ouverture et \u00e0 la fermeture s\u00fbres d\u2019une seule main.<br \/>\nSYST\u00c8ME DE S\u00c9CURIT\u00c9 : la cuisson express ne peut commencer que lorsque le couvercle est scell\u00e9 et verrouill\u00e9. La soupape de fonctionnement r\u00e9gule la pression. Si la sortie de vapeur est obstru\u00e9e, la soupape de s\u00e9curit\u00e9 prend le relais, suivi en dernier lieu par la d\u00e9formation du joint, ce qui garantit la s\u00e9curit\u00e9. Enfin, la poign\u00e9e d\u2019ouverture ne peut \u00eatre actionn\u00e9e que lorsque l\u2019autocuiseur n\u2019est pas sous pression.<br \/>\nACCESSOIRES COMPATIBLES : panier vapeur , joint , soupape , minuteur<\/p>\n","protected":false},"featured_media":650000505,"template":"","meta":{"_kad_blocks_custom_css":"","_kad_blocks_head_custom_js":"","_kad_blocks_body_custom_js":"","_kad_blocks_footer_custom_js":"","_kadence_starter_templates_imported_post":false,"_kad_post_transparent":"","_kad_post_title":"","_kad_post_layout":"","_kad_post_sidebar_id":"","_kad_post_content_style":"","_kad_post_vertical_padding":"","_kad_post_feature":"","_kad_post_feature_position":"","_kad_post_header":false,"_kad_post_footer":false},"product_brand":[89],"product_cat":[144],"product_tag":[],"class_list":{"0":"post-650000504","1":"product","2":"type-product","3":"status-publish","4":"has-post-thumbnail","6":"product_brand-promo-ramadan","7":"product_cat-cocotte-cocotte-minute-ustensils-de-cuisine-en","9":"first","10":"instock","11":"shipping-taxable","12":"purchasable","13":"product-type-simple","14":"entry","15":"content-bg","16":"loop-entry"},"taxonomy_info":{"product_brand":[{"value":89,"label":"Promo Ramadan"}],"product_cat":[{"value":144,"label":"Cocotte, cocotte minute"}]},"featured_image_src_large":["https:\/\/ooasla.com\/wp-content\/uploads\/2025\/06\/seb-7.5l-2.jpg",1000,1000,false],"author_info":[],"comment_info":"","jetpack_sharing_enabled":true,"_links":{"self":[{"href":"https:\/\/ooasla.com\/en\/wp-json\/wp\/v2\/product\/650000504","targetHints":{"allow":["GET"]}}],"collection":[{"href":"https:\/\/ooasla.com\/en\/wp-json\/wp\/v2\/product"}],"about":[{"href":"https:\/\/ooasla.com\/en\/wp-json\/wp\/v2\/types\/product"}],"wp:featuredmedia":[{"embeddable":true,"href":"https:\/\/ooasla.com\/en\/wp-json\/wp\/v2\/media\/650000505"}],"wp:attachment":[{"href":"https:\/\/ooasla.com\/en\/wp-json\/wp\/v2\/media?parent=650000504"}],"wp:term":[{"taxonomy":"product_brand","embeddable":true,"href":"https:\/\/ooasla.com\/en\/wp-json\/wp\/v2\/product_brand?post=650000504"},{"taxonomy":"product_cat","embeddable":true,"href":"https:\/\/ooasla.com\/en\/wp-json\/wp\/v2\/product_cat?post=650000504"},{"taxonomy":"product_tag","embeddable":true,"href":"https:\/\/ooasla.com\/en\/wp-json\/wp\/v2\/product_tag?post=650000504"}],"curies":[{"name":"wp","href":"https:\/\/api.w.org\/{rel}","templated":true}]}}