{"id":650000492,"date":"2025-04-15T08:58:19","date_gmt":"2025-04-15T08:58:19","guid":{"rendered":"https:\/\/ooasla.com\/?post_type=product&#038;p=650000492"},"modified":"2025-06-08T17:16:59","modified_gmt":"2025-06-08T17:16:59","slug":"extracteur-de-jus-nardi-3-filtres-55tr-min-goulotte-xl-240w-gris","status":"publish","type":"product","link":"https:\/\/ooasla.com\/en\/product\/extracteur-de-jus-nardi-3-filtres-55tr-min-goulotte-xl-240w-gris\/","title":{"rendered":"Extracteur de Jus NARDI 3 Filtres 55Tr\/min Goulotte XL-240W-Gris"},"content":{"rendered":"","protected":false},"excerpt":{"rendered":"<p>L\u2019extracteur de jus NARDI est \u00e9quip\u00e9 d\u2019un moteur robuste de 240 W et silencieux, dot\u00e9 d\u2019une goulotte XL qui permet d\u2019introduire des fruits et l\u00e9gumes entiers facilement, et acc\u00e9l\u00e8re la pr\u00e9paration des jus de diff\u00e9rentes textures, de fin et clair \u00e0 \u00e9pais et pulpeux, en pr\u00e9servant ainsi au les nutriments des fruits. Il comprend \u00e9galement deux filtre diff\u00e9rents qui vous permettent de personnaliser la consistance de votre jus, non seulement \u00e7a, mais aussi un fabricant des cr\u00e8mes glac\u00e9es pour cr\u00e9er des desserts glac\u00e9s sains \u00e0 partir de fruits congel\u00e9s, gr\u00e2ce \u00e0 un filtre sp\u00e9cial \u00ab\u00a0ice-cream\u00a0\u00bb offrant une texture cr\u00e9meuse et savoureuse. L\u2019appareil est simple \u00e0 utiliser et \u00e0 d\u00e9monter pour un nettoyage facile.<br \/>\nParfait pour un mode de vie sain et pour les personnes qui veulent profiter de jus frais et vitamin\u00e9s.<\/p>\n","protected":false},"featured_media":650000493,"template":"","meta":{"_kad_blocks_custom_css":"","_kad_blocks_head_custom_js":"","_kad_blocks_body_custom_js":"","_kad_blocks_footer_custom_js":"","_kadence_starter_templates_imported_post":false,"_kad_post_transparent":"","_kad_post_title":"","_kad_post_layout":"","_kad_post_sidebar_id":"","_kad_post_content_style":"","_kad_post_vertical_padding":"","_kad_post_feature":"","_kad_post_feature_position":"","_kad_post_header":false,"_kad_post_footer":false},"product_brand":[124],"product_cat":[169],"product_tag":[],"class_list":{"0":"post-650000492","1":"product","2":"type-product","3":"status-publish","4":"has-post-thumbnail","6":"product_brand-nardi","7":"product_cat-preparation-petit-dej-petit-dejeuner-petit-electromenager-en","9":"first","10":"instock","11":"shipping-taxable","12":"purchasable","13":"product-type-simple","14":"entry","15":"content-bg","16":"loop-entry"},"taxonomy_info":{"product_brand":[{"value":124,"label":"NARDI"}],"product_cat":[{"value":169,"label":"Pr\u00e9paration petit d\u00e9j"}]},"featured_image_src_large":["https:\/\/ooasla.com\/wp-content\/uploads\/2025\/06\/extracteur-de-jus-Gris-scaled-1.png",1024,1024,false],"author_info":[],"comment_info":"","jetpack_sharing_enabled":true,"_links":{"self":[{"href":"https:\/\/ooasla.com\/en\/wp-json\/wp\/v2\/product\/650000492","targetHints":{"allow":["GET"]}}],"collection":[{"href":"https:\/\/ooasla.com\/en\/wp-json\/wp\/v2\/product"}],"about":[{"href":"https:\/\/ooasla.com\/en\/wp-json\/wp\/v2\/types\/product"}],"wp:featuredmedia":[{"embeddable":true,"href":"https:\/\/ooasla.com\/en\/wp-json\/wp\/v2\/media\/650000493"}],"wp:attachment":[{"href":"https:\/\/ooasla.com\/en\/wp-json\/wp\/v2\/media?parent=650000492"}],"wp:term":[{"taxonomy":"product_brand","embeddable":true,"href":"https:\/\/ooasla.com\/en\/wp-json\/wp\/v2\/product_brand?post=650000492"},{"taxonomy":"product_cat","embeddable":true,"href":"https:\/\/ooasla.com\/en\/wp-json\/wp\/v2\/product_cat?post=650000492"},{"taxonomy":"product_tag","embeddable":true,"href":"https:\/\/ooasla.com\/en\/wp-json\/wp\/v2\/product_tag?post=650000492"}],"curies":[{"name":"wp","href":"https:\/\/api.w.org\/{rel}","templated":true}]}}