{"id":650000488,"date":"2025-04-15T08:58:19","date_gmt":"2025-04-15T08:58:19","guid":{"rendered":"https:\/\/ooasla.com\/?post_type=product&#038;p=650000488"},"modified":"2025-06-08T17:16:58","modified_gmt":"2025-06-08T17:16:58","slug":"machine-a-laver-hisense-frontale-08kg-inverter-vapeur-1400tr-min-blanche","status":"publish","type":"product","link":"https:\/\/ooasla.com\/en\/product\/machine-a-laver-hisense-frontale-08kg-inverter-vapeur-1400tr-min-blanche\/","title":{"rendered":"Machine \u00e0 laver HISENSE Frontale \u2013 08KG \u2013 inverter \u2013 vapeur \u2013 1400tr\/min \u2013 blanche"},"content":{"rendered":"","protected":false},"excerpt":{"rendered":"<p>Dot\u00e9e d\u2019une capacit\u00e9 de 8 Kg, la machine \u00e0 laver HISENSE WFQP8014EVM propose 15 programmes, dont deux programmes Vapeur et un programme lavage rapide. Gr\u00e2ce \u00e0 la technologie PURE JET, ce lave-linge offre un d\u00e9bit d\u2019eau puissant et rapide pour un nettoyage efficace.<\/p>\n","protected":false},"featured_media":650000489,"template":"","meta":{"_kad_blocks_custom_css":"","_kad_blocks_head_custom_js":"","_kad_blocks_body_custom_js":"","_kad_blocks_footer_custom_js":"","_kadence_starter_templates_imported_post":false,"_kad_post_transparent":"","_kad_post_title":"","_kad_post_layout":"","_kad_post_sidebar_id":"","_kad_post_content_style":"","_kad_post_vertical_padding":"","_kad_post_feature":"","_kad_post_feature_position":"","_kad_post_header":false,"_kad_post_footer":false},"product_brand":[123],"product_cat":[152],"product_tag":[],"class_list":{"0":"post-650000488","1":"product","2":"type-product","3":"status-publish","4":"has-post-thumbnail","6":"product_brand-hisense","7":"product_cat-lave-linge-front-loading-machine-a-laver-gros-electromenager-en","9":"first","10":"instock","11":"shipping-taxable","12":"purchasable","13":"product-type-simple","14":"entry","15":"content-bg","16":"loop-entry"},"taxonomy_info":{"product_brand":[{"value":123,"label":"HISENSE"}],"product_cat":[{"value":152,"label":"lave- linge front loading"}]},"featured_image_src_large":["https:\/\/ooasla.com\/wp-content\/uploads\/2025\/06\/WFQP8014EVM-02.jpg",1000,1000,false],"author_info":[],"comment_info":"","jetpack_sharing_enabled":true,"_links":{"self":[{"href":"https:\/\/ooasla.com\/en\/wp-json\/wp\/v2\/product\/650000488","targetHints":{"allow":["GET"]}}],"collection":[{"href":"https:\/\/ooasla.com\/en\/wp-json\/wp\/v2\/product"}],"about":[{"href":"https:\/\/ooasla.com\/en\/wp-json\/wp\/v2\/types\/product"}],"wp:featuredmedia":[{"embeddable":true,"href":"https:\/\/ooasla.com\/en\/wp-json\/wp\/v2\/media\/650000489"}],"wp:attachment":[{"href":"https:\/\/ooasla.com\/en\/wp-json\/wp\/v2\/media?parent=650000488"}],"wp:term":[{"taxonomy":"product_brand","embeddable":true,"href":"https:\/\/ooasla.com\/en\/wp-json\/wp\/v2\/product_brand?post=650000488"},{"taxonomy":"product_cat","embeddable":true,"href":"https:\/\/ooasla.com\/en\/wp-json\/wp\/v2\/product_cat?post=650000488"},{"taxonomy":"product_tag","embeddable":true,"href":"https:\/\/ooasla.com\/en\/wp-json\/wp\/v2\/product_tag?post=650000488"}],"curies":[{"name":"wp","href":"https:\/\/api.w.org\/{rel}","templated":true}]}}