{"id":650000464,"date":"2025-04-15T08:58:16","date_gmt":"2025-04-15T08:58:16","guid":{"rendered":"https:\/\/ooasla.com\/?post_type=product&#038;p=650000464"},"modified":"2025-06-08T17:16:55","modified_gmt":"2025-06-08T17:16:55","slug":"machine-a-laver-cristor-semi-automatique-double-bacs-105-kg-bleu","status":"publish","type":"product","link":"https:\/\/ooasla.com\/en\/product\/machine-a-laver-cristor-semi-automatique-double-bacs-105-kg-bleu\/","title":{"rendered":"Machine A Laver CRISTOR Semi-Automatique Double Bacs -10,5 kg \u2013 Bleu"},"content":{"rendered":"","protected":false},"excerpt":{"rendered":"<p>D\u00e9couvrez notre machine \u00e0 laver semi-automatique \u00e0 double bacs, offrant une capacit\u00e9 de lavage de 10,5 kg pour une efficacit\u00e9 maximale. \u00c9quip\u00e9e d\u2019une pompe de drainage int\u00e9gr\u00e9e, elle simplifie l\u2019\u00e9vacuation de l\u2019eau, vous permettant ainsi de profiter de lessives sans soucis.<\/p>\n","protected":false},"featured_media":650000465,"template":"","meta":{"_kad_blocks_custom_css":"","_kad_blocks_head_custom_js":"","_kad_blocks_body_custom_js":"","_kad_blocks_footer_custom_js":"","_kadence_starter_templates_imported_post":false,"_kad_post_transparent":"","_kad_post_title":"","_kad_post_layout":"","_kad_post_sidebar_id":"","_kad_post_content_style":"","_kad_post_vertical_padding":"","_kad_post_feature":"","_kad_post_feature_position":"","_kad_post_header":false,"_kad_post_footer":false},"product_brand":[98],"product_cat":[166],"product_tag":[],"class_list":{"0":"post-650000464","1":"product","2":"type-product","3":"status-publish","4":"has-post-thumbnail","6":"product_brand-cristor","7":"product_cat-lave-linge-top-loading-machine-a-laver-gros-electromenager-en","9":"first","10":"instock","11":"shipping-taxable","12":"purchasable","13":"product-type-simple","14":"entry","15":"content-bg","16":"loop-entry"},"taxonomy_info":{"product_brand":[{"value":98,"label":"CRISTOR"}],"product_cat":[{"value":166,"label":"lave- linge top loading"}]},"featured_image_src_large":["https:\/\/ooasla.com\/wp-content\/uploads\/2025\/06\/WT10-K370-1000X1000.png",1000,1000,false],"author_info":[],"comment_info":"","jetpack_sharing_enabled":true,"_links":{"self":[{"href":"https:\/\/ooasla.com\/en\/wp-json\/wp\/v2\/product\/650000464","targetHints":{"allow":["GET"]}}],"collection":[{"href":"https:\/\/ooasla.com\/en\/wp-json\/wp\/v2\/product"}],"about":[{"href":"https:\/\/ooasla.com\/en\/wp-json\/wp\/v2\/types\/product"}],"wp:featuredmedia":[{"embeddable":true,"href":"https:\/\/ooasla.com\/en\/wp-json\/wp\/v2\/media\/650000465"}],"wp:attachment":[{"href":"https:\/\/ooasla.com\/en\/wp-json\/wp\/v2\/media?parent=650000464"}],"wp:term":[{"taxonomy":"product_brand","embeddable":true,"href":"https:\/\/ooasla.com\/en\/wp-json\/wp\/v2\/product_brand?post=650000464"},{"taxonomy":"product_cat","embeddable":true,"href":"https:\/\/ooasla.com\/en\/wp-json\/wp\/v2\/product_cat?post=650000464"},{"taxonomy":"product_tag","embeddable":true,"href":"https:\/\/ooasla.com\/en\/wp-json\/wp\/v2\/product_tag?post=650000464"}],"curies":[{"name":"wp","href":"https:\/\/api.w.org\/{rel}","templated":true}]}}