{"id":650000456,"date":"2025-04-15T08:58:16","date_gmt":"2025-04-15T08:58:16","guid":{"rendered":"https:\/\/ooasla.com\/?post_type=product&#038;p=650000456"},"modified":"2025-06-08T17:16:55","modified_gmt":"2025-06-08T17:16:55","slug":"machine-a-laver-condor-tulipe-semi-automatique-double-bacs-13kg-lavage-bleu-fonce","status":"publish","type":"product","link":"https:\/\/ooasla.com\/en\/product\/machine-a-laver-condor-tulipe-semi-automatique-double-bacs-13kg-lavage-bleu-fonce\/","title":{"rendered":"Machine \u00e0 laver CONDOR TULIPE Semi-Automatique Double bacs \u2013 13kg lavage \u2013 Bleu fonc\u00e9"},"content":{"rendered":"","protected":false},"excerpt":{"rendered":"<p>D\u00e9couvrez la TULIPE, semi-auto, en couleur noire, dot\u00e9 d\u2019une capacit\u00e9 g\u00e9n\u00e9reuse de 13 kg, offrant une solution pratique pour les familles nombreuses, avec une pompe d\u2019\u00e9vacuation int\u00e9gr\u00e9e dans notre lave linge assure une vidange rapide par rapport \u00e0 celle faite manuellement, tout en r\u00e9pondant aux besoins de la vie quotidienne.<\/p>\n","protected":false},"featured_media":650000457,"template":"","meta":{"_kad_blocks_custom_css":"","_kad_blocks_head_custom_js":"","_kad_blocks_body_custom_js":"","_kad_blocks_footer_custom_js":"","_kadence_starter_templates_imported_post":false,"_kad_post_transparent":"","_kad_post_title":"","_kad_post_layout":"","_kad_post_sidebar_id":"","_kad_post_content_style":"","_kad_post_vertical_padding":"","_kad_post_feature":"","_kad_post_feature_position":"","_kad_post_header":false,"_kad_post_footer":false},"product_brand":[86],"product_cat":[166],"product_tag":[],"class_list":{"0":"post-650000456","1":"product","2":"type-product","3":"status-publish","4":"has-post-thumbnail","6":"product_brand-condor","7":"product_cat-lave-linge-top-loading-machine-a-laver-gros-electromenager-en","9":"first","10":"instock","11":"shipping-taxable","12":"purchasable","13":"product-type-simple","14":"entry","15":"content-bg","16":"loop-entry"},"taxonomy_info":{"product_brand":[{"value":86,"label":"CONDOR"}],"product_cat":[{"value":166,"label":"lave- linge top loading"}]},"featured_image_src_large":["https:\/\/ooasla.com\/wp-content\/uploads\/2025\/06\/WT13T1BF-13.jpg",1000,1000,false],"author_info":[],"comment_info":"","jetpack_sharing_enabled":true,"_links":{"self":[{"href":"https:\/\/ooasla.com\/en\/wp-json\/wp\/v2\/product\/650000456","targetHints":{"allow":["GET"]}}],"collection":[{"href":"https:\/\/ooasla.com\/en\/wp-json\/wp\/v2\/product"}],"about":[{"href":"https:\/\/ooasla.com\/en\/wp-json\/wp\/v2\/types\/product"}],"wp:featuredmedia":[{"embeddable":true,"href":"https:\/\/ooasla.com\/en\/wp-json\/wp\/v2\/media\/650000457"}],"wp:attachment":[{"href":"https:\/\/ooasla.com\/en\/wp-json\/wp\/v2\/media?parent=650000456"}],"wp:term":[{"taxonomy":"product_brand","embeddable":true,"href":"https:\/\/ooasla.com\/en\/wp-json\/wp\/v2\/product_brand?post=650000456"},{"taxonomy":"product_cat","embeddable":true,"href":"https:\/\/ooasla.com\/en\/wp-json\/wp\/v2\/product_cat?post=650000456"},{"taxonomy":"product_tag","embeddable":true,"href":"https:\/\/ooasla.com\/en\/wp-json\/wp\/v2\/product_tag?post=650000456"}],"curies":[{"name":"wp","href":"https:\/\/api.w.org\/{rel}","templated":true}]}}