{"id":650000448,"date":"2025-04-15T08:58:15","date_gmt":"2025-04-15T08:58:15","guid":{"rendered":"https:\/\/ooasla.com\/?post_type=product&#038;p=650000448"},"modified":"2025-06-08T17:16:54","modified_gmt":"2025-06-08T17:16:54","slug":"friteuse-sans-huile-tefal-easy-fry-essential-35l","status":"publish","type":"product","link":"https:\/\/ooasla.com\/en\/product\/friteuse-sans-huile-tefal-easy-fry-essential-35l\/","title":{"rendered":"Friteuse sans huile TEFAL Easy Fry Essential 3,5L"},"content":{"rendered":"","protected":false},"excerpt":{"rendered":"<p>Savourez des repas savoureux et sains \u00e0 la maison avec cette friteuse \u00e0 air chaud polyvalente, facile \u00e0 utiliser qui fait des r\u00e9sultats parfaits en un rien de temps!\u00a0 \u00a0 \u00a0 \u00a0 \u00a0 \u00a0 \u00a0 \u00a0 \u00a0 \u00a0 \u00a0 \u00a0 \u00a0 \u00a0 \u00a0 \u00a0 \u00a0 \u00a0 \u00a0 \u00a0 \u00a0 \u00a0 \u00a0 \u00a0 \u00a0 \u00a0 \u00a0 \u00a0 \u00a0 \u00a0 \u00a0 \u00a0 \u00a0 \u00a0 \u00a0 \u00a0 \u00a0 \u00a0 \u00a0 \u00a0 \u00a0 \u00a0 \u00a0 \u00a0 \u00a0 \u00a0 \u00a0 \u00a0 \u00a0Le design compact de la cuisine permet d\u2019\u00e9conomiser de l\u2019espace et de l\u2019\u00e9nergie. Son panier compatible lave-vaisselle et son r\u00e9glage pr\u00e9cis de la temp\u00e9rature le rendent facile \u00e0 utiliser.<\/p>\n","protected":false},"featured_media":650000449,"template":"","meta":{"_kad_blocks_custom_css":"","_kad_blocks_head_custom_js":"","_kad_blocks_body_custom_js":"","_kad_blocks_footer_custom_js":"","_kadence_starter_templates_imported_post":false,"_kad_post_transparent":"","_kad_post_title":"","_kad_post_layout":"","_kad_post_sidebar_id":"","_kad_post_content_style":"","_kad_post_vertical_padding":"","_kad_post_feature":"","_kad_post_feature_position":"","_kad_post_header":false,"_kad_post_footer":false},"product_brand":[89],"product_cat":[146],"product_tag":[],"class_list":{"0":"post-650000448","1":"product","2":"type-product","3":"status-publish","4":"has-post-thumbnail","6":"product_brand-promo-ramadan","7":"product_cat-air-fryer-appareil-de-cuisson-petit-electromenager-en","9":"first","10":"instock","11":"shipping-taxable","12":"purchasable","13":"product-type-simple","14":"entry","15":"content-bg","16":"loop-entry"},"taxonomy_info":{"product_brand":[{"value":89,"label":"Promo Ramadan"}],"product_cat":[{"value":146,"label":"Air fryer"}]},"featured_image_src_large":["https:\/\/ooasla.com\/wp-content\/uploads\/2025\/06\/a-14.png",512,512,false],"author_info":[],"comment_info":"","jetpack_sharing_enabled":true,"_links":{"self":[{"href":"https:\/\/ooasla.com\/en\/wp-json\/wp\/v2\/product\/650000448","targetHints":{"allow":["GET"]}}],"collection":[{"href":"https:\/\/ooasla.com\/en\/wp-json\/wp\/v2\/product"}],"about":[{"href":"https:\/\/ooasla.com\/en\/wp-json\/wp\/v2\/types\/product"}],"wp:featuredmedia":[{"embeddable":true,"href":"https:\/\/ooasla.com\/en\/wp-json\/wp\/v2\/media\/650000449"}],"wp:attachment":[{"href":"https:\/\/ooasla.com\/en\/wp-json\/wp\/v2\/media?parent=650000448"}],"wp:term":[{"taxonomy":"product_brand","embeddable":true,"href":"https:\/\/ooasla.com\/en\/wp-json\/wp\/v2\/product_brand?post=650000448"},{"taxonomy":"product_cat","embeddable":true,"href":"https:\/\/ooasla.com\/en\/wp-json\/wp\/v2\/product_cat?post=650000448"},{"taxonomy":"product_tag","embeddable":true,"href":"https:\/\/ooasla.com\/en\/wp-json\/wp\/v2\/product_tag?post=650000448"}],"curies":[{"name":"wp","href":"https:\/\/api.w.org\/{rel}","templated":true}]}}