{"id":650000428,"date":"2025-04-15T08:58:13","date_gmt":"2025-04-15T08:58:13","guid":{"rendered":"https:\/\/ooasla.com\/?post_type=product&#038;p=650000428"},"modified":"2025-06-08T17:16:52","modified_gmt":"2025-06-08T17:16:52","slug":"four-encastrable-condor-acerra-gaz-gaz-60-cm-inox","status":"publish","type":"product","link":"https:\/\/ooasla.com\/en\/product\/four-encastrable-condor-acerra-gaz-gaz-60-cm-inox\/","title":{"rendered":"Four Encastrable CONDOR ACERRA \u2013 Gaz Gaz \u2013 60 Cm \u2013 Inox"},"content":{"rendered":"","protected":false},"excerpt":{"rendered":"<p>Optez pour notre four encastrable ACERRA pour une exp\u00e9rience culinaire simple et fiable dans votre cuisine. Notre four offre toutes les fonctionnalit\u00e9s essentielles n\u00e9cessaires pour pr\u00e9parer une grande vari\u00e9t\u00e9 de plat avec facilit\u00e9.<\/p>\n","protected":false},"featured_media":650000429,"template":"","meta":{"_kad_blocks_custom_css":"","_kad_blocks_head_custom_js":"","_kad_blocks_body_custom_js":"","_kad_blocks_footer_custom_js":"","_kadence_starter_templates_imported_post":false,"_kad_post_transparent":"","_kad_post_title":"","_kad_post_layout":"","_kad_post_sidebar_id":"","_kad_post_content_style":"","_kad_post_vertical_padding":"","_kad_post_feature":"","_kad_post_feature_position":"","_kad_post_header":false,"_kad_post_footer":false},"product_brand":[86],"product_cat":[159],"product_tag":[],"class_list":{"0":"post-650000428","1":"product","2":"type-product","3":"status-publish","4":"has-post-thumbnail","6":"product_brand-condor","7":"product_cat-four-encastrables-gros-electromenager-en","9":"first","10":"instock","11":"shipping-taxable","12":"purchasable","13":"product-type-simple","14":"entry","15":"content-bg","16":"loop-entry"},"taxonomy_info":{"product_brand":[{"value":86,"label":"CONDOR"}],"product_cat":[{"value":159,"label":"Four"}]},"featured_image_src_large":["https:\/\/ooasla.com\/wp-content\/uploads\/2025\/06\/11.jpg",1000,1000,false],"author_info":[],"comment_info":"","jetpack_sharing_enabled":true,"_links":{"self":[{"href":"https:\/\/ooasla.com\/en\/wp-json\/wp\/v2\/product\/650000428","targetHints":{"allow":["GET"]}}],"collection":[{"href":"https:\/\/ooasla.com\/en\/wp-json\/wp\/v2\/product"}],"about":[{"href":"https:\/\/ooasla.com\/en\/wp-json\/wp\/v2\/types\/product"}],"wp:featuredmedia":[{"embeddable":true,"href":"https:\/\/ooasla.com\/en\/wp-json\/wp\/v2\/media\/650000429"}],"wp:attachment":[{"href":"https:\/\/ooasla.com\/en\/wp-json\/wp\/v2\/media?parent=650000428"}],"wp:term":[{"taxonomy":"product_brand","embeddable":true,"href":"https:\/\/ooasla.com\/en\/wp-json\/wp\/v2\/product_brand?post=650000428"},{"taxonomy":"product_cat","embeddable":true,"href":"https:\/\/ooasla.com\/en\/wp-json\/wp\/v2\/product_cat?post=650000428"},{"taxonomy":"product_tag","embeddable":true,"href":"https:\/\/ooasla.com\/en\/wp-json\/wp\/v2\/product_tag?post=650000428"}],"curies":[{"name":"wp","href":"https:\/\/api.w.org\/{rel}","templated":true}]}}