{"id":650000396,"date":"2025-04-15T08:58:11","date_gmt":"2025-04-15T08:58:11","guid":{"rendered":"https:\/\/ooasla.com\/?post_type=product&#038;p=650000396"},"modified":"2025-06-08T17:16:49","modified_gmt":"2025-06-08T17:16:49","slug":"machine-a-cafe-a-capsule-condor-havana-20-bars-1145w-silver","status":"publish","type":"product","link":"https:\/\/ooasla.com\/en\/product\/machine-a-cafe-a-capsule-condor-havana-20-bars-1145w-silver\/","title":{"rendered":"Machine \u00e0 caf\u00e9 \u00e0 capsule CONDOR HAVANA -20 Bars \u2013 1145W -Silver"},"content":{"rendered":"","protected":false},"excerpt":{"rendered":"<p>D\u00e9couvrez la machine \u00e0 caf\u00e9 \u00e0 capsules Havana de Condor, alliant \u00e9l\u00e9gance et performance. Avec sa puissance de 1145 W, elle vous garantit un caf\u00e9 savoureux en un instant. Gr\u00e2ce \u00e0 ses 20 bars de pression, chaque tasse r\u00e9v\u00e8le des ar\u00f4mes riches et intenses. Son r\u00e9servoir de 650 mL vous permet de pr\u00e9parer plusieurs caf\u00e9s sans recharger fr\u00e9quemment. Simplifiez-vous la vie et savourez un caf\u00e9 de qualit\u00e9 professionnelle chez vous, \u00e0 tout moment, avec la machine \u00e0 caf\u00e9 \u00e0 capsule Havana.<\/p>\n","protected":false},"featured_media":650000397,"template":"","meta":{"_kad_blocks_custom_css":"","_kad_blocks_head_custom_js":"","_kad_blocks_body_custom_js":"","_kad_blocks_footer_custom_js":"","_kadence_starter_templates_imported_post":false,"_kad_post_transparent":"","_kad_post_title":"","_kad_post_layout":"","_kad_post_sidebar_id":"","_kad_post_content_style":"","_kad_post_vertical_padding":"","_kad_post_feature":"","_kad_post_feature_position":"","_kad_post_header":false,"_kad_post_footer":false},"product_brand":[86],"product_cat":[155],"product_tag":[],"class_list":{"0":"post-650000396","1":"product","2":"type-product","3":"status-publish","4":"has-post-thumbnail","6":"product_brand-condor","7":"product_cat-machine-a-cafe-capsule-machine-a-cafe-petit-electromenager-en","9":"first","10":"instock","11":"shipping-taxable","12":"purchasable","13":"product-type-simple","14":"entry","15":"content-bg","16":"loop-entry"},"taxonomy_info":{"product_brand":[{"value":86,"label":"CONDOR"}],"product_cat":[{"value":155,"label":"Machine \u00e0 caf\u00e9 capsule"}]},"featured_image_src_large":["https:\/\/ooasla.com\/wp-content\/uploads\/2025\/06\/MC200CS.jpg",1000,1000,false],"author_info":[],"comment_info":"","jetpack_sharing_enabled":true,"_links":{"self":[{"href":"https:\/\/ooasla.com\/en\/wp-json\/wp\/v2\/product\/650000396","targetHints":{"allow":["GET"]}}],"collection":[{"href":"https:\/\/ooasla.com\/en\/wp-json\/wp\/v2\/product"}],"about":[{"href":"https:\/\/ooasla.com\/en\/wp-json\/wp\/v2\/types\/product"}],"wp:featuredmedia":[{"embeddable":true,"href":"https:\/\/ooasla.com\/en\/wp-json\/wp\/v2\/media\/650000397"}],"wp:attachment":[{"href":"https:\/\/ooasla.com\/en\/wp-json\/wp\/v2\/media?parent=650000396"}],"wp:term":[{"taxonomy":"product_brand","embeddable":true,"href":"https:\/\/ooasla.com\/en\/wp-json\/wp\/v2\/product_brand?post=650000396"},{"taxonomy":"product_cat","embeddable":true,"href":"https:\/\/ooasla.com\/en\/wp-json\/wp\/v2\/product_cat?post=650000396"},{"taxonomy":"product_tag","embeddable":true,"href":"https:\/\/ooasla.com\/en\/wp-json\/wp\/v2\/product_tag?post=650000396"}],"curies":[{"name":"wp","href":"https:\/\/api.w.org\/{rel}","templated":true}]}}