{"id":650000392,"date":"2025-04-15T08:58:11","date_gmt":"2025-04-15T08:58:11","guid":{"rendered":"https:\/\/ooasla.com\/?post_type=product&#038;p=650000392"},"modified":"2025-06-08T17:16:48","modified_gmt":"2025-06-08T17:16:48","slug":"machine-a-laver-condor-frontal-6kg-1000-tr-min-grise","status":"publish","type":"product","link":"https:\/\/ooasla.com\/en\/product\/machine-a-laver-condor-frontal-6kg-1000-tr-min-grise\/","title":{"rendered":"Machine \u00e0 Laver CONDOR Frontal \u2013 6kg \u2013 1000 tr\/min \u2013 Grise"},"content":{"rendered":"","protected":false},"excerpt":{"rendered":"<p>Explorez la machine \u00e0 laver CONDOR Frontal, id\u00e9ale pour r\u00e9pondre \u00e0 vos besoins au quotidien. Dot\u00e9e d\u2019une capacit\u00e9 de 6 kg et d\u2019une vitesse d\u2019essorage de 1000 tr\/min, elle garantit des performances optimales. Son design frontal compact s\u2019adapte parfaitement aux espaces restreints.<\/p>\n","protected":false},"featured_media":650000393,"template":"","meta":{"_kad_blocks_custom_css":"","_kad_blocks_head_custom_js":"","_kad_blocks_body_custom_js":"","_kad_blocks_footer_custom_js":"","_kadence_starter_templates_imported_post":false,"_kad_post_transparent":"","_kad_post_title":"","_kad_post_layout":"","_kad_post_sidebar_id":"","_kad_post_content_style":"","_kad_post_vertical_padding":"","_kad_post_feature":"","_kad_post_feature_position":"","_kad_post_header":false,"_kad_post_footer":false},"product_brand":[86],"product_cat":[152],"product_tag":[],"class_list":{"0":"post-650000392","1":"product","2":"type-product","3":"status-publish","4":"has-post-thumbnail","6":"product_brand-condor","7":"product_cat-lave-linge-front-loading-machine-a-laver-gros-electromenager-en","9":"first","10":"instock","11":"shipping-taxable","12":"purchasable","13":"product-type-simple","14":"entry","15":"content-bg","16":"loop-entry"},"taxonomy_info":{"product_brand":[{"value":86,"label":"CONDOR"}],"product_cat":[{"value":152,"label":"lave- linge front loading"}]},"featured_image_src_large":["https:\/\/ooasla.com\/wp-content\/uploads\/2025\/06\/A12.jpg",1000,1000,false],"author_info":[],"comment_info":"","jetpack_sharing_enabled":true,"_links":{"self":[{"href":"https:\/\/ooasla.com\/en\/wp-json\/wp\/v2\/product\/650000392","targetHints":{"allow":["GET"]}}],"collection":[{"href":"https:\/\/ooasla.com\/en\/wp-json\/wp\/v2\/product"}],"about":[{"href":"https:\/\/ooasla.com\/en\/wp-json\/wp\/v2\/types\/product"}],"wp:featuredmedia":[{"embeddable":true,"href":"https:\/\/ooasla.com\/en\/wp-json\/wp\/v2\/media\/650000393"}],"wp:attachment":[{"href":"https:\/\/ooasla.com\/en\/wp-json\/wp\/v2\/media?parent=650000392"}],"wp:term":[{"taxonomy":"product_brand","embeddable":true,"href":"https:\/\/ooasla.com\/en\/wp-json\/wp\/v2\/product_brand?post=650000392"},{"taxonomy":"product_cat","embeddable":true,"href":"https:\/\/ooasla.com\/en\/wp-json\/wp\/v2\/product_cat?post=650000392"},{"taxonomy":"product_tag","embeddable":true,"href":"https:\/\/ooasla.com\/en\/wp-json\/wp\/v2\/product_tag?post=650000392"}],"curies":[{"name":"wp","href":"https:\/\/api.w.org\/{rel}","templated":true}]}}