{"id":650000388,"date":"2025-04-15T08:58:10","date_gmt":"2025-04-15T08:58:10","guid":{"rendered":"https:\/\/ooasla.com\/?post_type=product&#038;p=650000388"},"modified":"2025-06-08T17:16:48","modified_gmt":"2025-06-08T17:16:48","slug":"petrin-condor-power-mix-multi-fonction-double-crochet-1600w-8l-bol-15l-blender-silver","status":"publish","type":"product","link":"https:\/\/ooasla.com\/en\/product\/petrin-condor-power-mix-multi-fonction-double-crochet-1600w-8l-bol-15l-blender-silver\/","title":{"rendered":"P\u00e9trin CONDOR POWER MIX Multi Fonction \u2013 Double Crochet \u2013 1600W \u2013 8L Bol \u2013 1,5L Blender \u2013 Silver"},"content":{"rendered":"","protected":false},"excerpt":{"rendered":"<p>D\u00e9couvrez le p\u00e9trin Condor PowerMix double crochet, un alli\u00e9 puissant et polyvalent pour votre cuisine. Avec ses 1600 W de puissance, 8 vitesses et un bol inoxydable de 8 L, il r\u00e9pond \u00e0 tous vos besoins de p\u00e9trissage. De plus, son blender de 1,5 L et son hachoir en font l\u2019outil id\u00e9al pour une pr\u00e9paration pr\u00e9cise et efficace.<\/p>\n","protected":false},"featured_media":650000389,"template":"","meta":{"_kad_blocks_custom_css":"","_kad_blocks_head_custom_js":"","_kad_blocks_body_custom_js":"","_kad_blocks_footer_custom_js":"","_kadence_starter_templates_imported_post":false,"_kad_post_transparent":"","_kad_post_title":"","_kad_post_layout":"","_kad_post_sidebar_id":"","_kad_post_content_style":"","_kad_post_vertical_padding":"","_kad_post_feature":"","_kad_post_feature_position":"","_kad_post_header":false,"_kad_post_footer":false},"product_brand":[86],"product_cat":[150],"product_tag":[],"class_list":{"0":"post-650000388","1":"product","2":"type-product","3":"status-publish","4":"has-post-thumbnail","6":"product_brand-condor","7":"product_cat-petrin-robots-de-cuisine-petit-electromenager-en","9":"first","10":"instock","11":"shipping-taxable","12":"purchasable","13":"product-type-simple","14":"entry","15":"content-bg","16":"loop-entry"},"taxonomy_info":{"product_brand":[{"value":86,"label":"CONDOR"}],"product_cat":[{"value":150,"label":"Petrin"}]},"featured_image_src_large":["https:\/\/ooasla.com\/wp-content\/uploads\/2025\/06\/PT-PXM2S.jpg",1000,1000,false],"author_info":[],"comment_info":"","jetpack_sharing_enabled":true,"_links":{"self":[{"href":"https:\/\/ooasla.com\/en\/wp-json\/wp\/v2\/product\/650000388","targetHints":{"allow":["GET"]}}],"collection":[{"href":"https:\/\/ooasla.com\/en\/wp-json\/wp\/v2\/product"}],"about":[{"href":"https:\/\/ooasla.com\/en\/wp-json\/wp\/v2\/types\/product"}],"wp:featuredmedia":[{"embeddable":true,"href":"https:\/\/ooasla.com\/en\/wp-json\/wp\/v2\/media\/650000389"}],"wp:attachment":[{"href":"https:\/\/ooasla.com\/en\/wp-json\/wp\/v2\/media?parent=650000388"}],"wp:term":[{"taxonomy":"product_brand","embeddable":true,"href":"https:\/\/ooasla.com\/en\/wp-json\/wp\/v2\/product_brand?post=650000388"},{"taxonomy":"product_cat","embeddable":true,"href":"https:\/\/ooasla.com\/en\/wp-json\/wp\/v2\/product_cat?post=650000388"},{"taxonomy":"product_tag","embeddable":true,"href":"https:\/\/ooasla.com\/en\/wp-json\/wp\/v2\/product_tag?post=650000388"}],"curies":[{"name":"wp","href":"https:\/\/api.w.org\/{rel}","templated":true}]}}