{"id":650000364,"date":"2025-04-15T08:58:08","date_gmt":"2025-04-15T08:58:08","guid":{"rendered":"https:\/\/ooasla.com\/?post_type=product&#038;p=650000364"},"modified":"2025-06-08T17:16:47","modified_gmt":"2025-06-08T17:16:47","slug":"refrigerateur-cristor-double-porte-defrost-207-l-blanc","status":"publish","type":"product","link":"https:\/\/ooasla.com\/en\/product\/refrigerateur-cristor-double-porte-defrost-207-l-blanc\/","title":{"rendered":"R\u00e9frig\u00e9rateur CRISTOR Double porte Defrost \u2013 207 L \u2013 Blanc"},"content":{"rendered":"","protected":false},"excerpt":{"rendered":"<p>Investissez dans la fraicheur et la qualit\u00e9 avec notre r\u00e9frig\u00e9rateur RFDK310 de pointe. Avec sa performance exceptionnelle, efficacit\u00e9 \u00e9nerg\u00e9tique A+, sa capacit\u00e9 de stockage et son design \u00e9l\u00e9gant en blanc.<\/p>\n","protected":false},"featured_media":650000365,"template":"","meta":{"_kad_blocks_custom_css":"","_kad_blocks_head_custom_js":"","_kad_blocks_body_custom_js":"","_kad_blocks_footer_custom_js":"","_kadence_starter_templates_imported_post":false,"_kad_post_transparent":"","_kad_post_title":"","_kad_post_layout":"","_kad_post_sidebar_id":"","_kad_post_content_style":"","_kad_post_vertical_padding":"","_kad_post_feature":"","_kad_post_feature_position":"","_kad_post_header":false,"_kad_post_footer":false},"product_brand":[98],"product_cat":[167],"product_tag":[],"class_list":{"0":"post-650000364","1":"product","2":"type-product","3":"status-publish","4":"has-post-thumbnail","6":"product_brand-cristor","7":"product_cat-refrigerateur-mono-porte-double-porte-refrigerateur-gros-electromenager-en","9":"first","10":"instock","11":"shipping-taxable","12":"purchasable","13":"product-type-simple","14":"entry","15":"content-bg","16":"loop-entry"},"taxonomy_info":{"product_brand":[{"value":98,"label":"CRISTOR"}],"product_cat":[{"value":167,"label":"R\u00e9frig\u00e9rateur Mono porte, double porte"}]},"featured_image_src_large":["https:\/\/ooasla.com\/wp-content\/uploads\/2025\/06\/RFDK310-1000X1000.png",1000,1000,false],"author_info":[],"comment_info":"","jetpack_sharing_enabled":true,"_links":{"self":[{"href":"https:\/\/ooasla.com\/en\/wp-json\/wp\/v2\/product\/650000364","targetHints":{"allow":["GET"]}}],"collection":[{"href":"https:\/\/ooasla.com\/en\/wp-json\/wp\/v2\/product"}],"about":[{"href":"https:\/\/ooasla.com\/en\/wp-json\/wp\/v2\/types\/product"}],"wp:featuredmedia":[{"embeddable":true,"href":"https:\/\/ooasla.com\/en\/wp-json\/wp\/v2\/media\/650000365"}],"wp:attachment":[{"href":"https:\/\/ooasla.com\/en\/wp-json\/wp\/v2\/media?parent=650000364"}],"wp:term":[{"taxonomy":"product_brand","embeddable":true,"href":"https:\/\/ooasla.com\/en\/wp-json\/wp\/v2\/product_brand?post=650000364"},{"taxonomy":"product_cat","embeddable":true,"href":"https:\/\/ooasla.com\/en\/wp-json\/wp\/v2\/product_cat?post=650000364"},{"taxonomy":"product_tag","embeddable":true,"href":"https:\/\/ooasla.com\/en\/wp-json\/wp\/v2\/product_tag?post=650000364"}],"curies":[{"name":"wp","href":"https:\/\/api.w.org\/{rel}","templated":true}]}}