{"id":650000348,"date":"2025-04-15T08:58:07","date_gmt":"2025-04-15T08:58:07","guid":{"rendered":"https:\/\/ooasla.com\/?post_type=product&#038;p=650000348"},"modified":"2025-06-08T17:16:45","modified_gmt":"2025-06-08T17:16:45","slug":"four-encastrable-cristor-fabulo2-gaz-gaz-60-cm-ventile-inox","status":"publish","type":"product","link":"https:\/\/ooasla.com\/en\/product\/four-encastrable-cristor-fabulo2-gaz-gaz-60-cm-ventile-inox\/","title":{"rendered":"Four Encastrable CRISTOR FABULO2 Gaz Gaz \u2013 60 Cm \u2013 Ventil\u00e9 \u2013 Inox"},"content":{"rendered":"","protected":false},"excerpt":{"rendered":"<p>Le four encastrable FEG41FB2S Gaz-Gaz de CRISTOR, avec une dimension de 60 cm, une solution polyvalente pour votre cuisine. Avec une cavit\u00e9 spacieuse de 60 litres qui offre suffisamment d\u2019espace pour toutes vos pr\u00e9parations culinaires. Dot\u00e9 d\u2019un ventilateur pour plus d\u2019homog\u00e9n\u00e9t\u00e9.<\/p>\n","protected":false},"featured_media":650000349,"template":"","meta":{"_kad_blocks_custom_css":"","_kad_blocks_head_custom_js":"","_kad_blocks_body_custom_js":"","_kad_blocks_footer_custom_js":"","_kadence_starter_templates_imported_post":false,"_kad_post_transparent":"","_kad_post_title":"","_kad_post_layout":"","_kad_post_sidebar_id":"","_kad_post_content_style":"","_kad_post_vertical_padding":"","_kad_post_feature":"","_kad_post_feature_position":"","_kad_post_header":false,"_kad_post_footer":false},"product_brand":[98],"product_cat":[159],"product_tag":[],"class_list":{"0":"post-650000348","1":"product","2":"type-product","3":"status-publish","4":"has-post-thumbnail","6":"product_brand-cristor","7":"product_cat-four-encastrables-gros-electromenager-en","9":"first","10":"instock","11":"shipping-taxable","12":"purchasable","13":"product-type-simple","14":"entry","15":"content-bg","16":"loop-entry"},"taxonomy_info":{"product_brand":[{"value":98,"label":"CRISTOR"}],"product_cat":[{"value":159,"label":"Four"}]},"featured_image_src_large":["https:\/\/ooasla.com\/wp-content\/uploads\/2025\/06\/FEG41FB2S-1000X1000-1.png",1000,1000,false],"author_info":[],"comment_info":"","jetpack_sharing_enabled":true,"_links":{"self":[{"href":"https:\/\/ooasla.com\/en\/wp-json\/wp\/v2\/product\/650000348","targetHints":{"allow":["GET"]}}],"collection":[{"href":"https:\/\/ooasla.com\/en\/wp-json\/wp\/v2\/product"}],"about":[{"href":"https:\/\/ooasla.com\/en\/wp-json\/wp\/v2\/types\/product"}],"wp:featuredmedia":[{"embeddable":true,"href":"https:\/\/ooasla.com\/en\/wp-json\/wp\/v2\/media\/650000349"}],"wp:attachment":[{"href":"https:\/\/ooasla.com\/en\/wp-json\/wp\/v2\/media?parent=650000348"}],"wp:term":[{"taxonomy":"product_brand","embeddable":true,"href":"https:\/\/ooasla.com\/en\/wp-json\/wp\/v2\/product_brand?post=650000348"},{"taxonomy":"product_cat","embeddable":true,"href":"https:\/\/ooasla.com\/en\/wp-json\/wp\/v2\/product_cat?post=650000348"},{"taxonomy":"product_tag","embeddable":true,"href":"https:\/\/ooasla.com\/en\/wp-json\/wp\/v2\/product_tag?post=650000348"}],"curies":[{"name":"wp","href":"https:\/\/api.w.org\/{rel}","templated":true}]}}