{"id":650000308,"date":"2025-04-15T08:57:59","date_gmt":"2025-04-15T08:57:59","guid":{"rendered":"https:\/\/ooasla.com\/?post_type=product&#038;p=650000308"},"modified":"2025-06-08T17:16:41","modified_gmt":"2025-06-08T17:16:41","slug":"machine-a-laver-condor-semi-automatique-double-bacs-8-kg-lavage-blanche","status":"publish","type":"product","link":"https:\/\/ooasla.com\/en\/product\/machine-a-laver-condor-semi-automatique-double-bacs-8-kg-lavage-blanche\/","title":{"rendered":"Machine \u00e0 Laver CONDOR Semi-Automatique Double bacs \u2013 8 kg lavage \u2013 Blanche"},"content":{"rendered":"","protected":false},"excerpt":{"rendered":"<p>D\u00e9couvrez la polyvalence du lave-linge CONDOR Semi-auto Double Bacs.<br \/>\nAvec sa capacit\u00e9 de 8 kg, il facilite votre lavage quotidienne, assurant un lavage efficace et rapide pour des v\u00eatements impeccables \u00e0 chaque utilisation.<\/p>\n","protected":false},"featured_media":650000309,"template":"","meta":{"_kad_blocks_custom_css":"","_kad_blocks_head_custom_js":"","_kad_blocks_body_custom_js":"","_kad_blocks_footer_custom_js":"","_kadence_starter_templates_imported_post":false,"_kad_post_transparent":"","_kad_post_title":"","_kad_post_layout":"","_kad_post_sidebar_id":"","_kad_post_content_style":"","_kad_post_vertical_padding":"","_kad_post_feature":"","_kad_post_feature_position":"","_kad_post_header":false,"_kad_post_footer":false},"product_brand":[86],"product_cat":[166],"product_tag":[],"class_list":{"0":"post-650000308","1":"product","2":"type-product","3":"status-publish","4":"has-post-thumbnail","6":"product_brand-condor","7":"product_cat-lave-linge-top-loading-machine-a-laver-gros-electromenager-en","9":"first","10":"instock","11":"shipping-taxable","12":"purchasable","13":"product-type-simple","14":"entry","15":"content-bg","16":"loop-entry"},"taxonomy_info":{"product_brand":[{"value":86,"label":"CONDOR"}],"product_cat":[{"value":166,"label":"lave- linge top loading"}]},"featured_image_src_large":["https:\/\/ooasla.com\/wp-content\/uploads\/2025\/06\/WT8-C200_1.jpg",1000,1000,false],"author_info":[],"comment_info":"","jetpack_sharing_enabled":true,"_links":{"self":[{"href":"https:\/\/ooasla.com\/en\/wp-json\/wp\/v2\/product\/650000308","targetHints":{"allow":["GET"]}}],"collection":[{"href":"https:\/\/ooasla.com\/en\/wp-json\/wp\/v2\/product"}],"about":[{"href":"https:\/\/ooasla.com\/en\/wp-json\/wp\/v2\/types\/product"}],"wp:featuredmedia":[{"embeddable":true,"href":"https:\/\/ooasla.com\/en\/wp-json\/wp\/v2\/media\/650000309"}],"wp:attachment":[{"href":"https:\/\/ooasla.com\/en\/wp-json\/wp\/v2\/media?parent=650000308"}],"wp:term":[{"taxonomy":"product_brand","embeddable":true,"href":"https:\/\/ooasla.com\/en\/wp-json\/wp\/v2\/product_brand?post=650000308"},{"taxonomy":"product_cat","embeddable":true,"href":"https:\/\/ooasla.com\/en\/wp-json\/wp\/v2\/product_cat?post=650000308"},{"taxonomy":"product_tag","embeddable":true,"href":"https:\/\/ooasla.com\/en\/wp-json\/wp\/v2\/product_tag?post=650000308"}],"curies":[{"name":"wp","href":"https:\/\/api.w.org\/{rel}","templated":true}]}}