{"id":650000232,"date":"2025-04-15T08:57:51","date_gmt":"2025-04-15T08:57:51","guid":{"rendered":"https:\/\/ooasla.com\/?post_type=product&#038;p=650000232"},"modified":"2025-06-08T17:16:34","modified_gmt":"2025-06-08T17:16:34","slug":"machine-a-cafe-a-capsule-cristor-20-bars-1350w-noir","status":"publish","type":"product","link":"https:\/\/ooasla.com\/en\/product\/machine-a-cafe-a-capsule-cristor-20-bars-1350w-noir\/","title":{"rendered":"Machine \u00e0 caf\u00e9 \u00e0 capsule CRISTOR -20 Bars \u2013 1350W -Noir"},"content":{"rendered":"","protected":false},"excerpt":{"rendered":"<p>D\u00e9couvrez la machine \u00e0 caf\u00e9 \u00e0 capsules NESPRESSO de CRISTOR, o\u00f9 \u00e9l\u00e9gance et performance se rencontrent. Avec une puissance de 1350 W, elle vous offre un caf\u00e9 savoureux en un clin d\u2019\u0153il. Ses 20 bars de pression r\u00e9v\u00e8lent des ar\u00f4mes riches et intenses dans chaque tasse. De plus, son r\u00e9servoir de 600 mL vous permet de pr\u00e9parer plusieurs caf\u00e9s sans avoir \u00e0 le remplir souvent.<\/p>\n","protected":false},"featured_media":650000233,"template":"","meta":{"_kad_blocks_custom_css":"","_kad_blocks_head_custom_js":"","_kad_blocks_body_custom_js":"","_kad_blocks_footer_custom_js":"","_kadence_starter_templates_imported_post":false,"_kad_post_transparent":"","_kad_post_title":"","_kad_post_layout":"","_kad_post_sidebar_id":"","_kad_post_content_style":"","_kad_post_vertical_padding":"","_kad_post_feature":"","_kad_post_feature_position":"","_kad_post_header":false,"_kad_post_footer":false},"product_brand":[98],"product_cat":[155],"product_tag":[],"class_list":{"0":"post-650000232","1":"product","2":"type-product","3":"status-publish","4":"has-post-thumbnail","6":"product_brand-cristor","7":"product_cat-machine-a-cafe-capsule-machine-a-cafe-petit-electromenager-en","9":"first","10":"instock","11":"shipping-taxable","12":"purchasable","13":"product-type-simple","14":"entry","15":"content-bg","16":"loop-entry"},"taxonomy_info":{"product_brand":[{"value":98,"label":"CRISTOR"}],"product_cat":[{"value":155,"label":"Machine \u00e0 caf\u00e9 capsule"}]},"featured_image_src_large":["https:\/\/ooasla.com\/wp-content\/uploads\/2025\/06\/KM-C0518_Black_injection__1_-removebg-preview-1.png",612,408,false],"author_info":[],"comment_info":"","jetpack_sharing_enabled":true,"_links":{"self":[{"href":"https:\/\/ooasla.com\/en\/wp-json\/wp\/v2\/product\/650000232","targetHints":{"allow":["GET"]}}],"collection":[{"href":"https:\/\/ooasla.com\/en\/wp-json\/wp\/v2\/product"}],"about":[{"href":"https:\/\/ooasla.com\/en\/wp-json\/wp\/v2\/types\/product"}],"wp:featuredmedia":[{"embeddable":true,"href":"https:\/\/ooasla.com\/en\/wp-json\/wp\/v2\/media\/650000233"}],"wp:attachment":[{"href":"https:\/\/ooasla.com\/en\/wp-json\/wp\/v2\/media?parent=650000232"}],"wp:term":[{"taxonomy":"product_brand","embeddable":true,"href":"https:\/\/ooasla.com\/en\/wp-json\/wp\/v2\/product_brand?post=650000232"},{"taxonomy":"product_cat","embeddable":true,"href":"https:\/\/ooasla.com\/en\/wp-json\/wp\/v2\/product_cat?post=650000232"},{"taxonomy":"product_tag","embeddable":true,"href":"https:\/\/ooasla.com\/en\/wp-json\/wp\/v2\/product_tag?post=650000232"}],"curies":[{"name":"wp","href":"https:\/\/api.w.org\/{rel}","templated":true}]}}