{"id":650000212,"date":"2025-04-15T08:57:50","date_gmt":"2025-04-15T08:57:50","guid":{"rendered":"https:\/\/ooasla.com\/?post_type=product&#038;p=650000212"},"modified":"2025-06-08T17:16:34","modified_gmt":"2025-06-08T17:16:34","slug":"multicuiseur-intelligent-moulinex-cookeo","status":"publish","type":"product","link":"https:\/\/ooasla.com\/en\/product\/multicuiseur-intelligent-moulinex-cookeo\/","title":{"rendered":"Multicuiseur intelligent MOULINEX Cookeo+"},"content":{"rendered":"","protected":false},"excerpt":{"rendered":"<p>D\u00e9couvrez Cookeo, le multicuiseur haute pression intelligent que vous ne pourrez plus passer en cuisine! 180 recettes pr\u00e9programm\u00e9es qui vous permettront de cuisiner rapidement et efficacement vos plats quotidiens. Son \u00e9cran intuitif vous aide \u00e0 pr\u00e9parer vos plats parfaitement.\u00a0<\/p>\n","protected":false},"featured_media":650000213,"template":"","meta":{"_kad_blocks_custom_css":"","_kad_blocks_head_custom_js":"","_kad_blocks_body_custom_js":"","_kad_blocks_footer_custom_js":"","_kadence_starter_templates_imported_post":false,"_kad_post_transparent":"","_kad_post_title":"","_kad_post_layout":"","_kad_post_sidebar_id":"","_kad_post_content_style":"","_kad_post_vertical_padding":"","_kad_post_feature":"","_kad_post_feature_position":"","_kad_post_header":false,"_kad_post_footer":false},"product_brand":[89],"product_cat":[164],"product_tag":[],"class_list":{"0":"post-650000212","1":"product","2":"type-product","3":"status-publish","4":"has-post-thumbnail","6":"product_brand-promo-ramadan","7":"product_cat-friteuse-multicuiseur-appareil-de-cuisson-petit-electromenager-en","9":"first","10":"instock","11":"shipping-taxable","12":"purchasable","13":"product-type-simple","14":"entry","15":"content-bg","16":"loop-entry"},"taxonomy_info":{"product_brand":[{"value":89,"label":"Promo Ramadan"}],"product_cat":[{"value":164,"label":"Friteuse, multicuiseur"}]},"featured_image_src_large":["https:\/\/ooasla.com\/wp-content\/uploads\/2025\/06\/Digital-MX_CE851500.jpg",1024,530,false],"author_info":[],"comment_info":"","jetpack_sharing_enabled":true,"_links":{"self":[{"href":"https:\/\/ooasla.com\/en\/wp-json\/wp\/v2\/product\/650000212","targetHints":{"allow":["GET"]}}],"collection":[{"href":"https:\/\/ooasla.com\/en\/wp-json\/wp\/v2\/product"}],"about":[{"href":"https:\/\/ooasla.com\/en\/wp-json\/wp\/v2\/types\/product"}],"wp:featuredmedia":[{"embeddable":true,"href":"https:\/\/ooasla.com\/en\/wp-json\/wp\/v2\/media\/650000213"}],"wp:attachment":[{"href":"https:\/\/ooasla.com\/en\/wp-json\/wp\/v2\/media?parent=650000212"}],"wp:term":[{"taxonomy":"product_brand","embeddable":true,"href":"https:\/\/ooasla.com\/en\/wp-json\/wp\/v2\/product_brand?post=650000212"},{"taxonomy":"product_cat","embeddable":true,"href":"https:\/\/ooasla.com\/en\/wp-json\/wp\/v2\/product_cat?post=650000212"},{"taxonomy":"product_tag","embeddable":true,"href":"https:\/\/ooasla.com\/en\/wp-json\/wp\/v2\/product_tag?post=650000212"}],"curies":[{"name":"wp","href":"https:\/\/api.w.org\/{rel}","templated":true}]}}