{"id":650000168,"date":"2025-04-15T08:57:45","date_gmt":"2025-04-15T08:57:45","guid":{"rendered":"https:\/\/ooasla.com\/?post_type=product&#038;p=650000168"},"modified":"2025-06-08T17:16:29","modified_gmt":"2025-06-08T17:16:29","slug":"aspirateur-balai-sans-fil-condor-300w-autonomie-jusqua-40-min-noir_bleu","status":"publish","type":"product","link":"https:\/\/ooasla.com\/en\/product\/aspirateur-balai-sans-fil-condor-300w-autonomie-jusqua-40-min-noir_bleu\/","title":{"rendered":"Aspirateur balai sans fil Condor- 300W- autonomie jusqu\u2019\u00e0 40 Min-Noir_Bleu"},"content":{"rendered":"","protected":false},"excerpt":{"rendered":"<p>D\u00e9couvrez l\u2019aspirateur balai sans fil de Condor combine l\u00e9g\u00e8ret\u00e9 et puissance pour un nettoyage efficace et sans effort. Sa conception ergonomique et son autonomie prolong\u00e9e permettent une utilisation facile et pratique au quotidien. De plus, son syst\u00e8me de filtration avanc\u00e9 garantit une maison propre et saine.<\/p>\n","protected":false},"featured_media":650000169,"template":"","meta":{"_kad_blocks_custom_css":"","_kad_blocks_head_custom_js":"","_kad_blocks_body_custom_js":"","_kad_blocks_footer_custom_js":"","_kadence_starter_templates_imported_post":false,"_kad_post_transparent":"","_kad_post_title":"","_kad_post_layout":"","_kad_post_sidebar_id":"","_kad_post_content_style":"","_kad_post_vertical_padding":"","_kad_post_feature":"","_kad_post_feature_position":"","_kad_post_header":false,"_kad_post_footer":false},"product_brand":[86],"product_cat":[160],"product_tag":[],"class_list":{"0":"post-650000168","1":"product","2":"type-product","3":"status-publish","4":"has-post-thumbnail","6":"product_brand-condor","7":"product_cat-aspirateur-entretien-du-linge-et-du-sol-en","9":"first","10":"instock","11":"shipping-taxable","12":"purchasable","13":"product-type-simple","14":"entry","15":"content-bg","16":"loop-entry"},"taxonomy_info":{"product_brand":[{"value":86,"label":"CONDOR"}],"product_cat":[{"value":160,"label":"Aspirateur"}]},"featured_image_src_large":["https:\/\/ooasla.com\/wp-content\/uploads\/2025\/06\/PHOTO-PROXIMA.jpg",1000,1000,false],"author_info":[],"comment_info":"","jetpack_sharing_enabled":true,"_links":{"self":[{"href":"https:\/\/ooasla.com\/en\/wp-json\/wp\/v2\/product\/650000168","targetHints":{"allow":["GET"]}}],"collection":[{"href":"https:\/\/ooasla.com\/en\/wp-json\/wp\/v2\/product"}],"about":[{"href":"https:\/\/ooasla.com\/en\/wp-json\/wp\/v2\/types\/product"}],"wp:featuredmedia":[{"embeddable":true,"href":"https:\/\/ooasla.com\/en\/wp-json\/wp\/v2\/media\/650000169"}],"wp:attachment":[{"href":"https:\/\/ooasla.com\/en\/wp-json\/wp\/v2\/media?parent=650000168"}],"wp:term":[{"taxonomy":"product_brand","embeddable":true,"href":"https:\/\/ooasla.com\/en\/wp-json\/wp\/v2\/product_brand?post=650000168"},{"taxonomy":"product_cat","embeddable":true,"href":"https:\/\/ooasla.com\/en\/wp-json\/wp\/v2\/product_cat?post=650000168"},{"taxonomy":"product_tag","embeddable":true,"href":"https:\/\/ooasla.com\/en\/wp-json\/wp\/v2\/product_tag?post=650000168"}],"curies":[{"name":"wp","href":"https:\/\/api.w.org\/{rel}","templated":true}]}}