{"id":650000152,"date":"2025-04-15T08:57:42","date_gmt":"2025-04-15T08:57:42","guid":{"rendered":"https:\/\/ooasla.com\/?post_type=product&#038;p=650000152"},"modified":"2025-06-08T17:16:26","modified_gmt":"2025-06-08T17:16:26","slug":"cocotte-minute-tefal-clipso-minut-easy","status":"publish","type":"product","link":"https:\/\/ooasla.com\/en\/product\/cocotte-minute-tefal-clipso-minut-easy\/","title":{"rendered":"Cocotte-minute TEFAL Clipso Minut Easy"},"content":{"rendered":"","protected":false},"excerpt":{"rendered":"<p>Une vari\u00e9t\u00e9 de plats pr\u00e9par\u00e9s rapidement et facilement avec ClipsoMinut Easy, l\u2019autocuiseur en acier inoxydable qui<br \/>\noffre un design pratique l\u00e9ger.<\/p>\n","protected":false},"featured_media":650000153,"template":"","meta":{"_kad_blocks_custom_css":"","_kad_blocks_head_custom_js":"","_kad_blocks_body_custom_js":"","_kad_blocks_footer_custom_js":"","_kadence_starter_templates_imported_post":false,"_kad_post_transparent":"","_kad_post_title":"","_kad_post_layout":"","_kad_post_sidebar_id":"","_kad_post_content_style":"","_kad_post_vertical_padding":"","_kad_post_feature":"","_kad_post_feature_position":"","_kad_post_header":false,"_kad_post_footer":false},"product_brand":[111],"product_cat":[144],"product_tag":[],"class_list":{"0":"post-650000152","1":"product","2":"type-product","3":"status-publish","4":"has-post-thumbnail","6":"product_brand-tefal","7":"product_cat-cocotte-cocotte-minute-ustensils-de-cuisine-en","9":"first","10":"instock","11":"shipping-taxable","12":"purchasable","13":"product-type-simple","14":"entry","15":"content-bg","16":"loop-entry"},"taxonomy_info":{"product_brand":[{"value":111,"label":"TEFAL"}],"product_cat":[{"value":144,"label":"Cocotte, cocotte minute"}]},"featured_image_src_large":["https:\/\/ooasla.com\/wp-content\/uploads\/2025\/06\/a-62.png",1000,1000,false],"author_info":[],"comment_info":"","jetpack_sharing_enabled":true,"_links":{"self":[{"href":"https:\/\/ooasla.com\/en\/wp-json\/wp\/v2\/product\/650000152","targetHints":{"allow":["GET"]}}],"collection":[{"href":"https:\/\/ooasla.com\/en\/wp-json\/wp\/v2\/product"}],"about":[{"href":"https:\/\/ooasla.com\/en\/wp-json\/wp\/v2\/types\/product"}],"wp:featuredmedia":[{"embeddable":true,"href":"https:\/\/ooasla.com\/en\/wp-json\/wp\/v2\/media\/650000153"}],"wp:attachment":[{"href":"https:\/\/ooasla.com\/en\/wp-json\/wp\/v2\/media?parent=650000152"}],"wp:term":[{"taxonomy":"product_brand","embeddable":true,"href":"https:\/\/ooasla.com\/en\/wp-json\/wp\/v2\/product_brand?post=650000152"},{"taxonomy":"product_cat","embeddable":true,"href":"https:\/\/ooasla.com\/en\/wp-json\/wp\/v2\/product_cat?post=650000152"},{"taxonomy":"product_tag","embeddable":true,"href":"https:\/\/ooasla.com\/en\/wp-json\/wp\/v2\/product_tag?post=650000152"}],"curies":[{"name":"wp","href":"https:\/\/api.w.org\/{rel}","templated":true}]}}