{"id":650000120,"date":"2025-04-15T08:57:39","date_gmt":"2025-04-15T08:57:39","guid":{"rendered":"https:\/\/ooasla.com\/?post_type=product&#038;p=650000120"},"modified":"2025-06-08T17:16:22","modified_gmt":"2025-06-08T17:16:22","slug":"petrin-condor-power-mix-double-crochet-1600w-8l-gris-fonce","status":"publish","type":"product","link":"https:\/\/ooasla.com\/en\/product\/petrin-condor-power-mix-double-crochet-1600w-8l-gris-fonce\/","title":{"rendered":"P\u00e9trin CONDOR POWER MIX \u2013 Double Crochet -1600W- 8L-Gris Fonc\u00e9"},"content":{"rendered":"","protected":false},"excerpt":{"rendered":"<p>D\u00e9couvrez le p\u00e9trin Condor PowerMix double crochet, le choix ultime pour une pr\u00e9paration culinaire efficace et sans compromis. Avec son moteur puissant de 1600 W, bol de 8L et ses 8 vitesses, ce p\u00e9trin vous permet de p\u00e9trir, battre et fouetter avec pr\u00e9cision.<\/p>\n","protected":false},"featured_media":650000121,"template":"","meta":{"_kad_blocks_custom_css":"","_kad_blocks_head_custom_js":"","_kad_blocks_body_custom_js":"","_kad_blocks_footer_custom_js":"","_kadence_starter_templates_imported_post":false,"_kad_post_transparent":"","_kad_post_title":"","_kad_post_layout":"","_kad_post_sidebar_id":"","_kad_post_content_style":"","_kad_post_vertical_padding":"","_kad_post_feature":"","_kad_post_feature_position":"","_kad_post_header":false,"_kad_post_footer":false},"product_brand":[86],"product_cat":[150],"product_tag":[],"class_list":{"0":"post-650000120","1":"product","2":"type-product","3":"status-publish","4":"has-post-thumbnail","6":"product_brand-condor","7":"product_cat-petrin-robots-de-cuisine-petit-electromenager-en","9":"first","10":"instock","11":"shipping-taxable","12":"purchasable","13":"product-type-simple","14":"entry","15":"content-bg","16":"loop-entry"},"taxonomy_info":{"product_brand":[{"value":86,"label":"CONDOR"}],"product_cat":[{"value":150,"label":"Petrin"}]},"featured_image_src_large":["https:\/\/ooasla.com\/wp-content\/uploads\/2025\/06\/petrin-mono-1.png",1024,1024,false],"author_info":[],"comment_info":"","jetpack_sharing_enabled":true,"_links":{"self":[{"href":"https:\/\/ooasla.com\/en\/wp-json\/wp\/v2\/product\/650000120","targetHints":{"allow":["GET"]}}],"collection":[{"href":"https:\/\/ooasla.com\/en\/wp-json\/wp\/v2\/product"}],"about":[{"href":"https:\/\/ooasla.com\/en\/wp-json\/wp\/v2\/types\/product"}],"wp:featuredmedia":[{"embeddable":true,"href":"https:\/\/ooasla.com\/en\/wp-json\/wp\/v2\/media\/650000121"}],"wp:attachment":[{"href":"https:\/\/ooasla.com\/en\/wp-json\/wp\/v2\/media?parent=650000120"}],"wp:term":[{"taxonomy":"product_brand","embeddable":true,"href":"https:\/\/ooasla.com\/en\/wp-json\/wp\/v2\/product_brand?post=650000120"},{"taxonomy":"product_cat","embeddable":true,"href":"https:\/\/ooasla.com\/en\/wp-json\/wp\/v2\/product_cat?post=650000120"},{"taxonomy":"product_tag","embeddable":true,"href":"https:\/\/ooasla.com\/en\/wp-json\/wp\/v2\/product_tag?post=650000120"}],"curies":[{"name":"wp","href":"https:\/\/api.w.org\/{rel}","templated":true}]}}