{"id":650000116,"date":"2025-04-15T08:57:39","date_gmt":"2025-04-15T08:57:39","guid":{"rendered":"https:\/\/ooasla.com\/?post_type=product&#038;p=650000116"},"modified":"2025-06-08T17:16:22","modified_gmt":"2025-06-08T17:16:22","slug":"blender-a-commande-bouton-condor-master-mix","status":"publish","type":"product","link":"https:\/\/ooasla.com\/en\/product\/blender-a-commande-bouton-condor-master-mix\/","title":{"rendered":"Blender \u00e0 commande bouton CONDOR MASTER MIX"},"content":{"rendered":"","protected":false},"excerpt":{"rendered":"<p>D\u00e9couvrez le blender\u00a0 \u00e0 commande bouton de la s\u00e9rie MasterMix avec un habillage en inox \u00e9l\u00e9gant. Dot\u00e9 d\u2019une puissance de 1400W et d\u2019une capacit\u00e9 de 1,75L, il offre des fonctions pr\u00e9programm\u00e9es pour smoothies, glace pil\u00e9e et auto clean. Parfait pour toutes vos cr\u00e9ations culinaires.<\/p>\n","protected":false},"featured_media":650000117,"template":"","meta":{"_kad_blocks_custom_css":"","_kad_blocks_head_custom_js":"","_kad_blocks_body_custom_js":"","_kad_blocks_footer_custom_js":"","_kadence_starter_templates_imported_post":false,"_kad_post_transparent":"","_kad_post_title":"","_kad_post_layout":"","_kad_post_sidebar_id":"","_kad_post_content_style":"","_kad_post_vertical_padding":"","_kad_post_feature":"","_kad_post_feature_position":"","_kad_post_header":false,"_kad_post_footer":false},"product_brand":[86],"product_cat":[156],"product_tag":[],"class_list":{"0":"post-650000116","1":"product","2":"type-product","3":"status-publish","4":"has-post-thumbnail","6":"product_brand-condor","7":"product_cat-blender-robots-de-cuisine-petit-electromenager-en","9":"first","10":"instock","11":"shipping-taxable","12":"purchasable","13":"product-type-simple","14":"entry","15":"content-bg","16":"loop-entry"},"taxonomy_info":{"product_brand":[{"value":86,"label":"CONDOR"}],"product_cat":[{"value":156,"label":"Blender"}]},"featured_image_src_large":["https:\/\/ooasla.com\/wp-content\/uploads\/2025\/06\/black.jpg",1000,1000,false],"author_info":[],"comment_info":"","jetpack_sharing_enabled":true,"_links":{"self":[{"href":"https:\/\/ooasla.com\/en\/wp-json\/wp\/v2\/product\/650000116","targetHints":{"allow":["GET"]}}],"collection":[{"href":"https:\/\/ooasla.com\/en\/wp-json\/wp\/v2\/product"}],"about":[{"href":"https:\/\/ooasla.com\/en\/wp-json\/wp\/v2\/types\/product"}],"wp:featuredmedia":[{"embeddable":true,"href":"https:\/\/ooasla.com\/en\/wp-json\/wp\/v2\/media\/650000117"}],"wp:attachment":[{"href":"https:\/\/ooasla.com\/en\/wp-json\/wp\/v2\/media?parent=650000116"}],"wp:term":[{"taxonomy":"product_brand","embeddable":true,"href":"https:\/\/ooasla.com\/en\/wp-json\/wp\/v2\/product_brand?post=650000116"},{"taxonomy":"product_cat","embeddable":true,"href":"https:\/\/ooasla.com\/en\/wp-json\/wp\/v2\/product_cat?post=650000116"},{"taxonomy":"product_tag","embeddable":true,"href":"https:\/\/ooasla.com\/en\/wp-json\/wp\/v2\/product_tag?post=650000116"}],"curies":[{"name":"wp","href":"https:\/\/api.w.org\/{rel}","templated":true}]}}