{"id":650000112,"date":"2025-04-15T08:57:39","date_gmt":"2025-04-15T08:57:39","guid":{"rendered":"https:\/\/ooasla.com\/?post_type=product&#038;p=650000112"},"modified":"2025-06-08T17:16:22","modified_gmt":"2025-06-08T17:16:22","slug":"hachoir-condor-master-mix-500-w-2l-noir_inox","status":"publish","type":"product","link":"https:\/\/ooasla.com\/en\/product\/hachoir-condor-master-mix-500-w-2l-noir_inox\/","title":{"rendered":"Hachoir CONDOR MASTER MIX \u2013 500 W- 2L \u2013 Noir_Inox"},"content":{"rendered":"","protected":false},"excerpt":{"rendered":"<p>D\u00e9couvrez le nouveau hachoir de CONDOR MasterMix Series alliant design \u00e9l\u00e9gant en finition inox et puissance de 500W pour des performances de hachage optimales. Ce hachoir est parfait pour toutes vos pr\u00e9parations culinaires, offrant efficacit\u00e9 et durabilit\u00e9 afin de r\u00e9pondre comme il se doit aux attentes de notre Cible, tant sur le plan Usage que Design.<\/p>\n","protected":false},"featured_media":650000113,"template":"","meta":{"_kad_blocks_custom_css":"","_kad_blocks_head_custom_js":"","_kad_blocks_body_custom_js":"","_kad_blocks_footer_custom_js":"","_kadence_starter_templates_imported_post":false,"_kad_post_transparent":"","_kad_post_title":"","_kad_post_layout":"","_kad_post_sidebar_id":"","_kad_post_content_style":"","_kad_post_vertical_padding":"","_kad_post_feature":"","_kad_post_feature_position":"","_kad_post_header":false,"_kad_post_footer":false},"product_brand":[86],"product_cat":[145],"product_tag":[],"class_list":{"0":"post-650000112","1":"product","2":"type-product","3":"status-publish","4":"has-post-thumbnail","6":"product_brand-condor","7":"product_cat-hachoir-robots-de-cuisine-petit-electromenager-en","9":"first","10":"instock","11":"shipping-taxable","12":"purchasable","13":"product-type-simple","14":"entry","15":"content-bg","16":"loop-entry"},"taxonomy_info":{"product_brand":[{"value":86,"label":"CONDOR"}],"product_cat":[{"value":145,"label":"Hachoir"}]},"featured_image_src_large":["https:\/\/ooasla.com\/wp-content\/uploads\/2025\/06\/MC410-GS-1000X1000.jpg",1000,1000,false],"author_info":[],"comment_info":"","jetpack_sharing_enabled":true,"_links":{"self":[{"href":"https:\/\/ooasla.com\/en\/wp-json\/wp\/v2\/product\/650000112","targetHints":{"allow":["GET"]}}],"collection":[{"href":"https:\/\/ooasla.com\/en\/wp-json\/wp\/v2\/product"}],"about":[{"href":"https:\/\/ooasla.com\/en\/wp-json\/wp\/v2\/types\/product"}],"wp:featuredmedia":[{"embeddable":true,"href":"https:\/\/ooasla.com\/en\/wp-json\/wp\/v2\/media\/650000113"}],"wp:attachment":[{"href":"https:\/\/ooasla.com\/en\/wp-json\/wp\/v2\/media?parent=650000112"}],"wp:term":[{"taxonomy":"product_brand","embeddable":true,"href":"https:\/\/ooasla.com\/en\/wp-json\/wp\/v2\/product_brand?post=650000112"},{"taxonomy":"product_cat","embeddable":true,"href":"https:\/\/ooasla.com\/en\/wp-json\/wp\/v2\/product_cat?post=650000112"},{"taxonomy":"product_tag","embeddable":true,"href":"https:\/\/ooasla.com\/en\/wp-json\/wp\/v2\/product_tag?post=650000112"}],"curies":[{"name":"wp","href":"https:\/\/api.w.org\/{rel}","templated":true}]}}